{"id":32275,"date":"2025-11-27T14:35:25","date_gmt":"2025-11-27T14:35:25","guid":{"rendered":"https:\/\/prochaska.eu\/?post_type=product&#038;p=32275"},"modified":"2025-12-01T13:26:00","modified_gmt":"2025-12-01T13:26:00","slug":"toro-31803t-60-v-akku-schneeschaufel-leistungsstark-kabellos-schnee-raeumen","status":"publish","type":"product","link":"https:\/\/prochaska.eu\/ro\/produs\/toro-31803t-60-v-akku-schneeschaufel-leistungsstark-kabellos-schnee-raeumen\/","title":{"rendered":"Toro \u2013 60 V Akku-Schneeschaufel Set 31803T"},"content":{"rendered":"<div class=\"paragraph-in-scc-markdown-text ___1ngh792 ftgm304 f1iaxwol\">\n<p data-start=\"89\" data-end=\"312\"><strong data-start=\"89\" data-end=\"162\">Die Toro 31803T 60 V Akku-Schneeschaufel \u2013 jetzt als praktisches Set!<\/strong><br data-start=\"162\" data-end=\"165\" \/>Das Set beinhaltet den <strong data-start=\"188\" data-end=\"218\">6 Ah Akku (81860\/139-8281)<\/strong> sowie das <strong data-start=\"229\" data-end=\"257\">Schnellladeger\u00e4t (81805)<\/strong> \u2013 alles, was Sie f\u00fcr den sofortigen Einsatz ben\u00f6tigen.<\/p>\n<p data-start=\"314\" data-end=\"577\">Die Toro 31803T 60 V Akku-Schneeschaufel ist die perfekte L\u00f6sung f\u00fcr schnelles und m\u00fcheloses Schneer\u00e4umen. Mit dem leistungsstarken 60-Volt-Lithium-Ionen-Akku aus dem Set und der kompakten Bauweise entfernen Sie Schnee effizient \u2013 ganz ohne Kabel und ohne Abgase.<\/p>\n<p data-start=\"579\" data-end=\"596\"><strong data-start=\"579\" data-end=\"594\">Highlights:<\/strong><\/p>\n<ul data-start=\"597\" data-end=\"1123\">\n<li data-start=\"597\" data-end=\"683\">\n<p data-start=\"599\" data-end=\"683\"><strong data-start=\"599\" data-end=\"616\">Komplett-Set:<\/strong> Inklusive 6 Ah Akku und Schnellladeger\u00e4t \u2013 sofort einsatzbereit.<\/p>\n<\/li>\n<li data-start=\"684\" data-end=\"755\">\n<p data-start=\"686\" data-end=\"755\"><strong data-start=\"686\" data-end=\"709\">Kabellose Freiheit:<\/strong> Maximale Bewegungsfreiheit ohne Kabelsalat.<\/p>\n<\/li>\n<li data-start=\"756\" data-end=\"825\">\n<p data-start=\"758\" data-end=\"825\"><strong data-start=\"758\" data-end=\"773\">60 V Power:<\/strong> Hohe Akkuleistung f\u00fcr zuverl\u00e4ssige Schneer\u00e4umung.<\/p>\n<\/li>\n<li data-start=\"826\" data-end=\"895\">\n<p data-start=\"828\" data-end=\"895\"><strong data-start=\"828\" data-end=\"846\">Starker Motor:<\/strong> Entfernt Schnee schnell, sauber und effizient.<\/p>\n<\/li>\n<li data-start=\"896\" data-end=\"987\">\n<p data-start=\"898\" data-end=\"987\"><strong data-start=\"898\" data-end=\"923\">Ergonomisches Design:<\/strong> Leicht, handlich und komfortabel auch bei l\u00e4ngeren Eins\u00e4tzen.<\/p>\n<\/li>\n<li data-start=\"988\" data-end=\"1047\">\n<p data-start=\"990\" data-end=\"1047\"><strong data-start=\"990\" data-end=\"1011\">Umweltfreundlich:<\/strong> Keine Emissionen, leiser Betrieb.<\/p>\n<\/li>\n<li data-start=\"1048\" data-end=\"1123\">\n<p data-start=\"1050\" data-end=\"1123\"><strong data-start=\"1050\" data-end=\"1085\">Ideal f\u00fcr Gehwege &amp; Einfahrten:<\/strong> Kompakt, wendig und extrem praktisch.<\/p>\n<\/li>\n<\/ul>\n<p data-start=\"1125\" data-end=\"1241\" data-is-last-node=\"\" data-is-only-node=\"\">Mit dem <strong data-start=\"1133\" data-end=\"1152\">Toro 31803T Set<\/strong> wird Schneer\u00e4umen zum Kinderspiel \u2013 <strong data-start=\"1189\" data-end=\"1240\">effizient, komfortabel und sofort einsatzbereit<\/strong>.<\/p>\n<\/div>\n<div><\/div>\n<div>\n<h3><strong>Technische Daten\u00a0<\/strong><\/h3>\n<div class=\"___i31lg00 f10pi13n f14t3ns0 f1nbblvp fat0sn4 f1ov4xf1 fekwl8i f1lmfglv f1oz7aqm f1abmfm4 f1w619qj f16h0jq8\">\n<table class=\"___1hm93bs f1ddd56o f16vktn6 f1enuhaj fdclmfp f1ev3kgc ftgm304 f1uinfot fibjyge fvueend f9yszdx f1fu4s3n f3l3pb3 f1s2k7dp f8fmt76 fjvbh62 fysh76l fic4ptz f1yenhzu f1yn6nvh f14tj6oe f1jq587y f1el8yx3 f1pymoxg f1ofu761 fe6itr f7coize f1794535 f70r78m f4zgifc fk1v6el f16pyhcb fo436u6 fzy4j18 fc43013 f1hmrcvb fc4t9fq fgp09rh fjnyn6r\">\n<thead>\n<tr>\n<th><strong>Eigenschaft<\/strong><\/th>\n<th><strong>Details<\/strong><\/th>\n<\/tr>\n<\/thead>\n<tbody>\n<tr>\n<th scope=\"row\"><strong>Modell<\/strong><\/th>\n<td>Toro 31803T<\/td>\n<\/tr>\n<tr>\n<th scope=\"row\"><strong>Antriebsart<\/strong><\/th>\n<td>60 V Lithium-Ionen-Akku<\/td>\n<\/tr>\n<tr>\n<th scope=\"row\"><strong>Arbeitsbreite<\/strong><\/th>\n<td>ca. 30 cm<\/td>\n<\/tr>\n<tr>\n<th scope=\"row\"><strong>R\u00e4umtiefe<\/strong><\/th>\n<td>bis zu 15 cm<\/td>\n<\/tr>\n<tr>\n<th scope=\"row\"><strong>Gewicht<\/strong><\/th>\n<td>ca. 7,5 kg<\/td>\n<\/tr>\n<tr>\n<th scope=\"row\"><strong>Laufzeit<\/strong><\/th>\n<td>bis zu 30 Minuten<\/td>\n<\/tr>\n<tr>\n<th scope=\"row\"><strong>Ladezeit<\/strong><\/th>\n<td>ca. 90 Minuten<\/td>\n<\/tr>\n<tr>\n<th scope=\"row\"><strong>Besonderheiten<\/strong><\/th>\n<td>Ergonomischer Griff, leiser Betrieb<\/td>\n<\/tr>\n<\/tbody>\n<\/table>\n<\/div>\n<\/div>\n","protected":false},"excerpt":{"rendered":"<p>Kabellose Schneer\u00e4umung leicht gemacht: Die Toro 31803T 60 V Akku-Schneeschaufel bietet starke Leistung, ergonomisches Design und einfache Handhabung f\u00fcr saubere Wege im Winter.<\/p>\n","protected":false},"featured_media":32296,"template":"","meta":[],"pwb-brand":[1039],"product_brand":[3262],"product_cat":[655,173,452,568,209,453],"product_tag":[],"class_list":{"0":"post-32275","1":"product","2":"type-product","3":"status-publish","4":"has-post-thumbnail","6":"pwb-brand-toro","7":"product_brand-toro","8":"product_cat-akku-werkzeuge","9":"product_cat-haus-und-garten","10":"product_cat-schneefraesen-winterdienst","11":"product_cat-sonstige-akku-geraete-zubehoer","12":"product_cat-winterdienst","13":"product_cat-zubehoer-schneefraesen-winterdienst","15":"first","16":"instock","17":"taxable","18":"shipping-taxable","19":"purchasable","20":"product-type-simple"},"yoast_head":"<!-- This site is optimized with the Yoast SEO plugin v27.2 - https:\/\/yoast.com\/product\/yoast-seo-wordpress\/ -->\n<title>Toro \u2013 60 V Akku-Schneeschaufel Set 31803T - Prochaska<\/title>\n<meta name=\"description\" content=\"Die Toro 31803T 60 V Akku-Schneeschaufel macht Schneer\u00e4umen einfach: kabellos, leicht und kraftvoll. Ideal f\u00fcr Gehwege und Einfahrten \u2013 jetzt entdecken!\" \/>\n<meta name=\"robots\" content=\"index, follow, max-snippet:-1, max-image-preview:large, max-video-preview:-1\" \/>\n<link rel=\"canonical\" href=\"https:\/\/prochaska.eu\/ro\/produs\/toro-31803t-60-v-akku-schneeschaufel-leistungsstark-kabellos-schnee-raeumen\/\" \/>\n<meta property=\"og:locale\" content=\"ro_RO\" \/>\n<meta property=\"og:type\" content=\"article\" \/>\n<meta property=\"og:title\" content=\"Toro \u2013 60 V Akku-Schneeschaufel Set 31803T - Prochaska\" \/>\n<meta property=\"og:description\" content=\"Die Toro 31803T 60 V Akku-Schneeschaufel macht Schneer\u00e4umen einfach: kabellos, leicht und kraftvoll. Ideal f\u00fcr Gehwege und Einfahrten \u2013 jetzt entdecken!\" \/>\n<meta property=\"og:url\" content=\"https:\/\/prochaska.eu\/ro\/produs\/toro-31803t-60-v-akku-schneeschaufel-leistungsstark-kabellos-schnee-raeumen\/\" \/>\n<meta property=\"og:site_name\" content=\"Prochaska\" \/>\n<meta property=\"article:publisher\" content=\"https:\/\/www.facebook.com\/prochaska.eu\/\" \/>\n<meta property=\"article:modified_time\" content=\"2025-12-01T13:26:00+00:00\" \/>\n<meta property=\"og:image\" content=\"https:\/\/prochaska.eu\/wp-content\/uploads\/2025\/11\/Large.webp\" \/>\n\t<meta property=\"og:image:width\" content=\"900\" \/>\n\t<meta property=\"og:image:height\" content=\"900\" \/>\n\t<meta property=\"og:image:type\" content=\"image\/webp\" \/>\n<meta name=\"twitter:card\" content=\"summary_large_image\" \/>\n<meta name=\"twitter:label1\" content=\"Timp estimat pentru citire\" \/>\n\t<meta name=\"twitter:data1\" content=\"2 minute\" \/>\n<script type=\"application\/ld+json\" class=\"yoast-schema-graph\">{\"@context\":\"https:\/\/schema.org\",\"@graph\":[{\"@type\":\"WebPage\",\"@id\":\"https:\/\/prochaska.eu\/ro\/produs\/toro-31803t-60-v-akku-schneeschaufel-leistungsstark-kabellos-schnee-raeumen\/\",\"url\":\"https:\/\/prochaska.eu\/ro\/produs\/toro-31803t-60-v-akku-schneeschaufel-leistungsstark-kabellos-schnee-raeumen\/\",\"name\":\"Toro \u2013 60 V Akku-Schneeschaufel Set 31803T - Prochaska\",\"isPartOf\":{\"@id\":\"https:\/\/prochaska.eu\/ro\/#website\"},\"primaryImageOfPage\":{\"@id\":\"https:\/\/prochaska.eu\/ro\/produs\/toro-31803t-60-v-akku-schneeschaufel-leistungsstark-kabellos-schnee-raeumen\/#primaryimage\"},\"image\":{\"@id\":\"https:\/\/prochaska.eu\/ro\/produs\/toro-31803t-60-v-akku-schneeschaufel-leistungsstark-kabellos-schnee-raeumen\/#primaryimage\"},\"thumbnailUrl\":\"https:\/\/prochaska.eu\/wp-content\/uploads\/2025\/11\/Large.webp\",\"datePublished\":\"2025-11-27T14:35:25+00:00\",\"dateModified\":\"2025-12-01T13:26:00+00:00\",\"description\":\"Die Toro 31803T 60 V Akku-Schneeschaufel macht Schneer\u00e4umen einfach: kabellos, leicht und kraftvoll. Ideal f\u00fcr Gehwege und Einfahrten \u2013 jetzt entdecken!\",\"breadcrumb\":{\"@id\":\"https:\/\/prochaska.eu\/ro\/produs\/toro-31803t-60-v-akku-schneeschaufel-leistungsstark-kabellos-schnee-raeumen\/#breadcrumb\"},\"inLanguage\":\"ro-RO\",\"potentialAction\":[{\"@type\":\"ReadAction\",\"target\":[\"https:\/\/prochaska.eu\/ro\/produs\/toro-31803t-60-v-akku-schneeschaufel-leistungsstark-kabellos-schnee-raeumen\/\"]}]},{\"@type\":\"ImageObject\",\"inLanguage\":\"ro-RO\",\"@id\":\"https:\/\/prochaska.eu\/ro\/produs\/toro-31803t-60-v-akku-schneeschaufel-leistungsstark-kabellos-schnee-raeumen\/#primaryimage\",\"url\":\"https:\/\/prochaska.eu\/wp-content\/uploads\/2025\/11\/Large.webp\",\"contentUrl\":\"https:\/\/prochaska.eu\/wp-content\/uploads\/2025\/11\/Large.webp\",\"width\":900,\"height\":900,\"caption\":\"60 V Akku-Schneeschaufel\"},{\"@type\":\"BreadcrumbList\",\"@id\":\"https:\/\/prochaska.eu\/ro\/produs\/toro-31803t-60-v-akku-schneeschaufel-leistungsstark-kabellos-schnee-raeumen\/#breadcrumb\",\"itemListElement\":[{\"@type\":\"ListItem\",\"position\":1,\"name\":\"Home\",\"item\":\"https:\/\/prochaska.eu\/ro\/\"},{\"@type\":\"ListItem\",\"position\":2,\"name\":\"Shop\",\"item\":\"https:\/\/prochaska.eu\/ro\/shop\/\"},{\"@type\":\"ListItem\",\"position\":3,\"name\":\"Toro \u2013 60 V Akku-Schneeschaufel Set 31803T\"}]},{\"@type\":\"WebSite\",\"@id\":\"https:\/\/prochaska.eu\/ro\/#website\",\"url\":\"https:\/\/prochaska.eu\/ro\/\",\"name\":\"Prochaska\",\"description\":\"Spezialist f\u00fcr Pflege von Gr\u00fcnfl\u00e4chen\",\"publisher\":{\"@id\":\"https:\/\/prochaska.eu\/ro\/#organization\"},\"potentialAction\":[{\"@type\":\"SearchAction\",\"target\":{\"@type\":\"EntryPoint\",\"urlTemplate\":\"https:\/\/prochaska.eu\/ro\/?s={search_term_string}\"},\"query-input\":{\"@type\":\"PropertyValueSpecification\",\"valueRequired\":true,\"valueName\":\"search_term_string\"}}],\"inLanguage\":\"ro-RO\"},{\"@type\":\"Organization\",\"@id\":\"https:\/\/prochaska.eu\/ro\/#organization\",\"name\":\"Prochaska\",\"url\":\"https:\/\/prochaska.eu\/ro\/\",\"logo\":{\"@type\":\"ImageObject\",\"inLanguage\":\"ro-RO\",\"@id\":\"https:\/\/prochaska.eu\/ro\/#\/schema\/logo\/image\/\",\"url\":\"https:\/\/prochaska.eu\/wp-content\/uploads\/2024\/04\/Prochaska_Logo_Black-1.png\",\"contentUrl\":\"https:\/\/prochaska.eu\/wp-content\/uploads\/2024\/04\/Prochaska_Logo_Black-1.png\",\"width\":796,\"height\":236,\"caption\":\"Prochaska\"},\"image\":{\"@id\":\"https:\/\/prochaska.eu\/ro\/#\/schema\/logo\/image\/\"},\"sameAs\":[\"https:\/\/www.facebook.com\/prochaska.eu\/\",\"https:\/\/www.instagram.com\/prochaska.eu\/\",\"https:\/\/www.linkedin.com\/company\/prochaska-handels-gmbh\"]}]}<\/script>\n<!-- \/ Yoast SEO plugin. -->","yoast_head_json":{"title":"Toro \u2013 60 V Akku-Schneeschaufel Set 31803T - Prochaska","description":"Die Toro 31803T 60 V Akku-Schneeschaufel macht Schneer\u00e4umen einfach: kabellos, leicht und kraftvoll. Ideal f\u00fcr Gehwege und Einfahrten \u2013 jetzt entdecken!","robots":{"index":"index","follow":"follow","max-snippet":"max-snippet:-1","max-image-preview":"max-image-preview:large","max-video-preview":"max-video-preview:-1"},"canonical":"https:\/\/prochaska.eu\/ro\/produs\/toro-31803t-60-v-akku-schneeschaufel-leistungsstark-kabellos-schnee-raeumen\/","og_locale":"ro_RO","og_type":"article","og_title":"Toro \u2013 60 V Akku-Schneeschaufel Set 31803T - Prochaska","og_description":"Die Toro 31803T 60 V Akku-Schneeschaufel macht Schneer\u00e4umen einfach: kabellos, leicht und kraftvoll. Ideal f\u00fcr Gehwege und Einfahrten \u2013 jetzt entdecken!","og_url":"https:\/\/prochaska.eu\/ro\/produs\/toro-31803t-60-v-akku-schneeschaufel-leistungsstark-kabellos-schnee-raeumen\/","og_site_name":"Prochaska","article_publisher":"https:\/\/www.facebook.com\/prochaska.eu\/","article_modified_time":"2025-12-01T13:26:00+00:00","og_image":[{"width":900,"height":900,"url":"https:\/\/prochaska.eu\/wp-content\/uploads\/2025\/11\/Large.webp","type":"image\/webp"}],"twitter_card":"summary_large_image","twitter_misc":{"Timp estimat pentru citire":"2 minute"},"schema":{"@context":"https:\/\/schema.org","@graph":[{"@type":"WebPage","@id":"https:\/\/prochaska.eu\/ro\/produs\/toro-31803t-60-v-akku-schneeschaufel-leistungsstark-kabellos-schnee-raeumen\/","url":"https:\/\/prochaska.eu\/ro\/produs\/toro-31803t-60-v-akku-schneeschaufel-leistungsstark-kabellos-schnee-raeumen\/","name":"Toro \u2013 60 V Akku-Schneeschaufel Set 31803T - Prochaska","isPartOf":{"@id":"https:\/\/prochaska.eu\/ro\/#website"},"primaryImageOfPage":{"@id":"https:\/\/prochaska.eu\/ro\/produs\/toro-31803t-60-v-akku-schneeschaufel-leistungsstark-kabellos-schnee-raeumen\/#primaryimage"},"image":{"@id":"https:\/\/prochaska.eu\/ro\/produs\/toro-31803t-60-v-akku-schneeschaufel-leistungsstark-kabellos-schnee-raeumen\/#primaryimage"},"thumbnailUrl":"https:\/\/prochaska.eu\/wp-content\/uploads\/2025\/11\/Large.webp","datePublished":"2025-11-27T14:35:25+00:00","dateModified":"2025-12-01T13:26:00+00:00","description":"Die Toro 31803T 60 V Akku-Schneeschaufel macht Schneer\u00e4umen einfach: kabellos, leicht und kraftvoll. Ideal f\u00fcr Gehwege und Einfahrten \u2013 jetzt entdecken!","breadcrumb":{"@id":"https:\/\/prochaska.eu\/ro\/produs\/toro-31803t-60-v-akku-schneeschaufel-leistungsstark-kabellos-schnee-raeumen\/#breadcrumb"},"inLanguage":"ro-RO","potentialAction":[{"@type":"ReadAction","target":["https:\/\/prochaska.eu\/ro\/produs\/toro-31803t-60-v-akku-schneeschaufel-leistungsstark-kabellos-schnee-raeumen\/"]}]},{"@type":"ImageObject","inLanguage":"ro-RO","@id":"https:\/\/prochaska.eu\/ro\/produs\/toro-31803t-60-v-akku-schneeschaufel-leistungsstark-kabellos-schnee-raeumen\/#primaryimage","url":"https:\/\/prochaska.eu\/wp-content\/uploads\/2025\/11\/Large.webp","contentUrl":"https:\/\/prochaska.eu\/wp-content\/uploads\/2025\/11\/Large.webp","width":900,"height":900,"caption":"60 V Akku-Schneeschaufel"},{"@type":"BreadcrumbList","@id":"https:\/\/prochaska.eu\/ro\/produs\/toro-31803t-60-v-akku-schneeschaufel-leistungsstark-kabellos-schnee-raeumen\/#breadcrumb","itemListElement":[{"@type":"ListItem","position":1,"name":"Home","item":"https:\/\/prochaska.eu\/ro\/"},{"@type":"ListItem","position":2,"name":"Shop","item":"https:\/\/prochaska.eu\/ro\/shop\/"},{"@type":"ListItem","position":3,"name":"Toro \u2013 60 V Akku-Schneeschaufel Set 31803T"}]},{"@type":"WebSite","@id":"https:\/\/prochaska.eu\/ro\/#website","url":"https:\/\/prochaska.eu\/ro\/","name":"Prochaska","description":"Spezialist f\u00fcr Pflege von Gr\u00fcnfl\u00e4chen","publisher":{"@id":"https:\/\/prochaska.eu\/ro\/#organization"},"potentialAction":[{"@type":"SearchAction","target":{"@type":"EntryPoint","urlTemplate":"https:\/\/prochaska.eu\/ro\/?s={search_term_string}"},"query-input":{"@type":"PropertyValueSpecification","valueRequired":true,"valueName":"search_term_string"}}],"inLanguage":"ro-RO"},{"@type":"Organization","@id":"https:\/\/prochaska.eu\/ro\/#organization","name":"Prochaska","url":"https:\/\/prochaska.eu\/ro\/","logo":{"@type":"ImageObject","inLanguage":"ro-RO","@id":"https:\/\/prochaska.eu\/ro\/#\/schema\/logo\/image\/","url":"https:\/\/prochaska.eu\/wp-content\/uploads\/2024\/04\/Prochaska_Logo_Black-1.png","contentUrl":"https:\/\/prochaska.eu\/wp-content\/uploads\/2024\/04\/Prochaska_Logo_Black-1.png","width":796,"height":236,"caption":"Prochaska"},"image":{"@id":"https:\/\/prochaska.eu\/ro\/#\/schema\/logo\/image\/"},"sameAs":["https:\/\/www.facebook.com\/prochaska.eu\/","https:\/\/www.instagram.com\/prochaska.eu\/","https:\/\/www.linkedin.com\/company\/prochaska-handels-gmbh"]}]}},"brands":[{"id":3073,"name":"Toro","slug":"toro-ro"}],"_links":{"self":[{"href":"https:\/\/prochaska.eu\/ro\/wp-json\/wp\/v2\/product\/32275","targetHints":{"allow":["GET"]}}],"collection":[{"href":"https:\/\/prochaska.eu\/ro\/wp-json\/wp\/v2\/product"}],"about":[{"href":"https:\/\/prochaska.eu\/ro\/wp-json\/wp\/v2\/types\/product"}],"version-history":[{"count":4,"href":"https:\/\/prochaska.eu\/ro\/wp-json\/wp\/v2\/product\/32275\/revisions"}],"predecessor-version":[{"id":33325,"href":"https:\/\/prochaska.eu\/ro\/wp-json\/wp\/v2\/product\/32275\/revisions\/33325"}],"wp:featuredmedia":[{"embeddable":true,"href":"https:\/\/prochaska.eu\/ro\/wp-json\/wp\/v2\/media\/32296"}],"wp:attachment":[{"href":"https:\/\/prochaska.eu\/ro\/wp-json\/wp\/v2\/media?parent=32275"}],"wp:term":[{"taxonomy":"pwb-brand","embeddable":true,"href":"https:\/\/prochaska.eu\/ro\/wp-json\/wp\/v2\/pwb-brand?post=32275"},{"taxonomy":"product_brand","embeddable":true,"href":"https:\/\/prochaska.eu\/ro\/wp-json\/wp\/v2\/product_brand?post=32275"},{"taxonomy":"product_cat","embeddable":true,"href":"https:\/\/prochaska.eu\/ro\/wp-json\/wp\/v2\/product_cat?post=32275"},{"taxonomy":"product_tag","embeddable":true,"href":"https:\/\/prochaska.eu\/ro\/wp-json\/wp\/v2\/product_tag?post=32275"}],"curies":[{"name":"wp","href":"https:\/\/api.w.org\/{rel}","templated":true}]}}