{"id":33285,"date":"2025-11-12T13:52:19","date_gmt":"2025-11-12T13:52:19","guid":{"rendered":"https:\/\/prochaska.eu\/produkt\/icocar-birdie-fleet-litiu\/"},"modified":"2026-02-11T16:00:21","modified_gmt":"2026-02-11T16:00:21","slug":"icocar-birdie-fleet-litiu","status":"publish","type":"product","link":"https:\/\/prochaska.eu\/ro\/produs\/icocar-birdie-fleet-litiu\/","title":{"rendered":"IcoCar Birdie Fleet Litiu"},"content":{"rendered":"<div class=\"paragraph-in-scc-markdown-text ___1ngh792 ftgm304 f1iaxwol\">Experimenta\u021bi viitorul mobilit\u0103\u021bii pe terenul de golf cu IcoCar Birdie Fleet Lithium. Echipat cu un <strong>motor de curent alternativ de 5,0 kW care nu necesit\u0103 \u00eentre\u021binere<\/strong> \u0219i cu o <strong>baterie de litiu<\/strong> puternic\u0103 <strong>(105Ah)<\/strong>, care are o <strong>garan\u021bie de 5 ani<\/strong>, acest vehicul ofer\u0103 eficien\u021b\u0103 \u0219i fiabilitate maxime. <\/div>\n<div class=\"paragraph-in-scc-markdown-text ___1ngh792 ftgm304 f1iaxwol\"><strong>Finisajul alb mat<\/strong> elegant \u00een combina\u021bie cu <strong>scaunele premium bej deschis<\/strong> asigur\u0103 un aspect elegant \u0219i confort maxim. Echipamentul nu las\u0103 nimic de dorit: o <strong>fr\u00e2n\u0103 de parcare automat\u0103<\/strong>, un <strong>parbriz rabatabil<\/strong>, un <strong>suport pentru geanta de golf cu co\u0219 pentru jumper<\/strong>, un <strong>suport pentru mingi de golf<\/strong> \u0219i <strong>dou\u0103 compartimente practice de depozitare<\/strong> fac din fiecare c\u0103l\u0103torie o pl\u0103cere. <\/div>\n<div class=\"paragraph-in-scc-markdown-text ___1ngh792 ftgm304 f1iaxwol\">\n<p><strong>Sistemul complet de iluminat de lux<\/strong> asigur\u0103 siguran\u021b\u0103 \u0219i vizibilitate. <strong>Omologarea rutier\u0103 cu 10 km\/h<\/strong> este disponibil\u0103 op\u021bional &#8211; ideal\u0103 pentru utilizarea pe drumuri private sau \u00een sta\u021biuni. <\/p>\n<p><strong>Caracteristici de top:<\/strong><\/p>\n<ul>\n<li>Baterie Marxon 105Ah litiu LiFePO4 cu garan\u021bie de 5 ani<\/li>\n<li>Motor puternic de curent alternativ de 5 kW (6,8 CP) f\u0103r\u0103 \u00eentre\u021binere<\/li>\n<li>Locuri premium<\/li>\n<li>Fr\u00e2n\u0103 de parcare automat\u0103 EMB<\/li>\n<li>Jante din o\u021bel de 8&#8243; cu capace de butuc<\/li>\n<li>Parbriz rabatabil<\/li>\n<li>Afi\u0219aj LCD color de 10&#8243;<\/li>\n<li>Sistem de sunet<\/li>\n<li>Port USB<\/li>\n<li>Suport pentru geanta de golf<\/li>\n<\/ul>\n<\/div>\n","protected":false},"excerpt":{"rendered":"<p>IcoCar Birdie Fleet Lithium, motor AC 5.0 kW, baterie litiu (105Ah, garan\u021bie 5 ani), alb mat, scaune premium, sistem de iluminare deluxe, suport pentru geanta de golf, op\u021bional cu permis de conducere.<\/p>\n","protected":false},"featured_media":32124,"template":"","meta":[],"pwb-brand":[3069],"product_brand":[],"product_cat":[1389,1341],"product_tag":[],"class_list":{"0":"post-33285","1":"product","2":"type-product","3":"status-publish","4":"has-post-thumbnail","6":"pwb-brand-icocar-ro","7":"product_cat-golf-cars-nou","8":"product_cat-masini-electrice","10":"first","11":"instock","12":"sale","13":"taxable","14":"shipping-taxable","15":"purchasable","16":"product-type-simple"},"yoast_head":"<!-- This site is optimized with the Yoast SEO plugin v27.2 - https:\/\/yoast.com\/product\/yoast-seo-wordpress\/ -->\n<title>IcoCar Birdie Fleet Litiu - Prochaska<\/title>\n<meta name=\"description\" content=\"IcoCar Birdie Fleet Lithium, motor AC de 5,0 kW f\u0103r\u0103 \u00eentre\u021binere, baterie cu litiu (105Ah, garan\u021bie de 5 ani), echipamente premium \u0219i permis de conducere op\u021bional.\" \/>\n<meta name=\"robots\" content=\"index, follow, max-snippet:-1, max-image-preview:large, max-video-preview:-1\" \/>\n<link rel=\"canonical\" href=\"https:\/\/prochaska.eu\/ro\/produs\/icocar-birdie-fleet-litiu\/\" \/>\n<meta property=\"og:locale\" content=\"ro_RO\" \/>\n<meta property=\"og:type\" content=\"article\" \/>\n<meta property=\"og:title\" content=\"IcoCar Birdie Fleet Litiu - Prochaska\" \/>\n<meta property=\"og:description\" content=\"IcoCar Birdie Fleet Lithium, motor AC de 5,0 kW f\u0103r\u0103 \u00eentre\u021binere, baterie cu litiu (105Ah, garan\u021bie de 5 ani), echipamente premium \u0219i permis de conducere op\u021bional.\" \/>\n<meta property=\"og:url\" content=\"https:\/\/prochaska.eu\/ro\/produs\/icocar-birdie-fleet-litiu\/\" \/>\n<meta property=\"og:site_name\" content=\"Prochaska\" \/>\n<meta property=\"article:publisher\" content=\"https:\/\/www.facebook.com\/prochaska.eu\/\" \/>\n<meta property=\"article:modified_time\" content=\"2026-02-11T16:00:21+00:00\" \/>\n<meta property=\"og:image\" content=\"https:\/\/prochaska.eu\/wp-content\/uploads\/2025\/11\/20251112_141104-rotated.jpg\" \/>\n\t<meta property=\"og:image:width\" content=\"1512\" \/>\n\t<meta property=\"og:image:height\" content=\"2016\" \/>\n\t<meta property=\"og:image:type\" content=\"image\/jpeg\" \/>\n<meta name=\"twitter:card\" content=\"summary_large_image\" \/>\n<meta name=\"twitter:label1\" content=\"Timp estimat pentru citire\" \/>\n\t<meta name=\"twitter:data1\" content=\"1 minut\" \/>\n<script type=\"application\/ld+json\" class=\"yoast-schema-graph\">{\"@context\":\"https:\/\/schema.org\",\"@graph\":[{\"@type\":\"WebPage\",\"@id\":\"https:\/\/prochaska.eu\/ro\/produs\/icocar-birdie-fleet-litiu\/\",\"url\":\"https:\/\/prochaska.eu\/ro\/produs\/icocar-birdie-fleet-litiu\/\",\"name\":\"IcoCar Birdie Fleet Litiu - Prochaska\",\"isPartOf\":{\"@id\":\"https:\/\/prochaska.eu\/ro\/#website\"},\"primaryImageOfPage\":{\"@id\":\"https:\/\/prochaska.eu\/ro\/produs\/icocar-birdie-fleet-litiu\/#primaryimage\"},\"image\":{\"@id\":\"https:\/\/prochaska.eu\/ro\/produs\/icocar-birdie-fleet-litiu\/#primaryimage\"},\"thumbnailUrl\":\"https:\/\/prochaska.eu\/wp-content\/uploads\/2025\/11\/20251112_141104-rotated.jpg\",\"datePublished\":\"2025-11-12T13:52:19+00:00\",\"dateModified\":\"2026-02-11T16:00:21+00:00\",\"description\":\"IcoCar Birdie Fleet Lithium, motor AC de 5,0 kW f\u0103r\u0103 \u00eentre\u021binere, baterie cu litiu (105Ah, garan\u021bie de 5 ani), echipamente premium \u0219i permis de conducere op\u021bional.\",\"breadcrumb\":{\"@id\":\"https:\/\/prochaska.eu\/ro\/produs\/icocar-birdie-fleet-litiu\/#breadcrumb\"},\"inLanguage\":\"ro-RO\",\"potentialAction\":[{\"@type\":\"ReadAction\",\"target\":[\"https:\/\/prochaska.eu\/ro\/produs\/icocar-birdie-fleet-litiu\/\"]}]},{\"@type\":\"ImageObject\",\"inLanguage\":\"ro-RO\",\"@id\":\"https:\/\/prochaska.eu\/ro\/produs\/icocar-birdie-fleet-litiu\/#primaryimage\",\"url\":\"https:\/\/prochaska.eu\/wp-content\/uploads\/2025\/11\/20251112_141104-rotated.jpg\",\"contentUrl\":\"https:\/\/prochaska.eu\/wp-content\/uploads\/2025\/11\/20251112_141104-rotated.jpg\",\"width\":1512,\"height\":2016},{\"@type\":\"BreadcrumbList\",\"@id\":\"https:\/\/prochaska.eu\/ro\/produs\/icocar-birdie-fleet-litiu\/#breadcrumb\",\"itemListElement\":[{\"@type\":\"ListItem\",\"position\":1,\"name\":\"Home\",\"item\":\"https:\/\/prochaska.eu\/ro\/\"},{\"@type\":\"ListItem\",\"position\":2,\"name\":\"Shop\",\"item\":\"https:\/\/prochaska.eu\/ro\/shop\/\"},{\"@type\":\"ListItem\",\"position\":3,\"name\":\"IcoCar Birdie Fleet Litiu\"}]},{\"@type\":\"WebSite\",\"@id\":\"https:\/\/prochaska.eu\/ro\/#website\",\"url\":\"https:\/\/prochaska.eu\/ro\/\",\"name\":\"Prochaska\",\"description\":\"Spezialist f\u00fcr Pflege von Gr\u00fcnfl\u00e4chen\",\"publisher\":{\"@id\":\"https:\/\/prochaska.eu\/ro\/#organization\"},\"potentialAction\":[{\"@type\":\"SearchAction\",\"target\":{\"@type\":\"EntryPoint\",\"urlTemplate\":\"https:\/\/prochaska.eu\/ro\/?s={search_term_string}\"},\"query-input\":{\"@type\":\"PropertyValueSpecification\",\"valueRequired\":true,\"valueName\":\"search_term_string\"}}],\"inLanguage\":\"ro-RO\"},{\"@type\":\"Organization\",\"@id\":\"https:\/\/prochaska.eu\/ro\/#organization\",\"name\":\"Prochaska\",\"url\":\"https:\/\/prochaska.eu\/ro\/\",\"logo\":{\"@type\":\"ImageObject\",\"inLanguage\":\"ro-RO\",\"@id\":\"https:\/\/prochaska.eu\/ro\/#\/schema\/logo\/image\/\",\"url\":\"https:\/\/prochaska.eu\/wp-content\/uploads\/2024\/04\/Prochaska_Logo_Black-1.png\",\"contentUrl\":\"https:\/\/prochaska.eu\/wp-content\/uploads\/2024\/04\/Prochaska_Logo_Black-1.png\",\"width\":796,\"height\":236,\"caption\":\"Prochaska\"},\"image\":{\"@id\":\"https:\/\/prochaska.eu\/ro\/#\/schema\/logo\/image\/\"},\"sameAs\":[\"https:\/\/www.facebook.com\/prochaska.eu\/\",\"https:\/\/www.instagram.com\/prochaska.eu\/\",\"https:\/\/www.linkedin.com\/company\/prochaska-handels-gmbh\"]}]}<\/script>\n<!-- \/ Yoast SEO plugin. -->","yoast_head_json":{"title":"IcoCar Birdie Fleet Litiu - Prochaska","description":"IcoCar Birdie Fleet Lithium, motor AC de 5,0 kW f\u0103r\u0103 \u00eentre\u021binere, baterie cu litiu (105Ah, garan\u021bie de 5 ani), echipamente premium \u0219i permis de conducere op\u021bional.","robots":{"index":"index","follow":"follow","max-snippet":"max-snippet:-1","max-image-preview":"max-image-preview:large","max-video-preview":"max-video-preview:-1"},"canonical":"https:\/\/prochaska.eu\/ro\/produs\/icocar-birdie-fleet-litiu\/","og_locale":"ro_RO","og_type":"article","og_title":"IcoCar Birdie Fleet Litiu - Prochaska","og_description":"IcoCar Birdie Fleet Lithium, motor AC de 5,0 kW f\u0103r\u0103 \u00eentre\u021binere, baterie cu litiu (105Ah, garan\u021bie de 5 ani), echipamente premium \u0219i permis de conducere op\u021bional.","og_url":"https:\/\/prochaska.eu\/ro\/produs\/icocar-birdie-fleet-litiu\/","og_site_name":"Prochaska","article_publisher":"https:\/\/www.facebook.com\/prochaska.eu\/","article_modified_time":"2026-02-11T16:00:21+00:00","og_image":[{"width":1512,"height":2016,"url":"https:\/\/prochaska.eu\/wp-content\/uploads\/2025\/11\/20251112_141104-rotated.jpg","type":"image\/jpeg"}],"twitter_card":"summary_large_image","twitter_misc":{"Timp estimat pentru citire":"1 minut"},"schema":{"@context":"https:\/\/schema.org","@graph":[{"@type":"WebPage","@id":"https:\/\/prochaska.eu\/ro\/produs\/icocar-birdie-fleet-litiu\/","url":"https:\/\/prochaska.eu\/ro\/produs\/icocar-birdie-fleet-litiu\/","name":"IcoCar Birdie Fleet Litiu - Prochaska","isPartOf":{"@id":"https:\/\/prochaska.eu\/ro\/#website"},"primaryImageOfPage":{"@id":"https:\/\/prochaska.eu\/ro\/produs\/icocar-birdie-fleet-litiu\/#primaryimage"},"image":{"@id":"https:\/\/prochaska.eu\/ro\/produs\/icocar-birdie-fleet-litiu\/#primaryimage"},"thumbnailUrl":"https:\/\/prochaska.eu\/wp-content\/uploads\/2025\/11\/20251112_141104-rotated.jpg","datePublished":"2025-11-12T13:52:19+00:00","dateModified":"2026-02-11T16:00:21+00:00","description":"IcoCar Birdie Fleet Lithium, motor AC de 5,0 kW f\u0103r\u0103 \u00eentre\u021binere, baterie cu litiu (105Ah, garan\u021bie de 5 ani), echipamente premium \u0219i permis de conducere op\u021bional.","breadcrumb":{"@id":"https:\/\/prochaska.eu\/ro\/produs\/icocar-birdie-fleet-litiu\/#breadcrumb"},"inLanguage":"ro-RO","potentialAction":[{"@type":"ReadAction","target":["https:\/\/prochaska.eu\/ro\/produs\/icocar-birdie-fleet-litiu\/"]}]},{"@type":"ImageObject","inLanguage":"ro-RO","@id":"https:\/\/prochaska.eu\/ro\/produs\/icocar-birdie-fleet-litiu\/#primaryimage","url":"https:\/\/prochaska.eu\/wp-content\/uploads\/2025\/11\/20251112_141104-rotated.jpg","contentUrl":"https:\/\/prochaska.eu\/wp-content\/uploads\/2025\/11\/20251112_141104-rotated.jpg","width":1512,"height":2016},{"@type":"BreadcrumbList","@id":"https:\/\/prochaska.eu\/ro\/produs\/icocar-birdie-fleet-litiu\/#breadcrumb","itemListElement":[{"@type":"ListItem","position":1,"name":"Home","item":"https:\/\/prochaska.eu\/ro\/"},{"@type":"ListItem","position":2,"name":"Shop","item":"https:\/\/prochaska.eu\/ro\/shop\/"},{"@type":"ListItem","position":3,"name":"IcoCar Birdie Fleet Litiu"}]},{"@type":"WebSite","@id":"https:\/\/prochaska.eu\/ro\/#website","url":"https:\/\/prochaska.eu\/ro\/","name":"Prochaska","description":"Spezialist f\u00fcr Pflege von Gr\u00fcnfl\u00e4chen","publisher":{"@id":"https:\/\/prochaska.eu\/ro\/#organization"},"potentialAction":[{"@type":"SearchAction","target":{"@type":"EntryPoint","urlTemplate":"https:\/\/prochaska.eu\/ro\/?s={search_term_string}"},"query-input":{"@type":"PropertyValueSpecification","valueRequired":true,"valueName":"search_term_string"}}],"inLanguage":"ro-RO"},{"@type":"Organization","@id":"https:\/\/prochaska.eu\/ro\/#organization","name":"Prochaska","url":"https:\/\/prochaska.eu\/ro\/","logo":{"@type":"ImageObject","inLanguage":"ro-RO","@id":"https:\/\/prochaska.eu\/ro\/#\/schema\/logo\/image\/","url":"https:\/\/prochaska.eu\/wp-content\/uploads\/2024\/04\/Prochaska_Logo_Black-1.png","contentUrl":"https:\/\/prochaska.eu\/wp-content\/uploads\/2024\/04\/Prochaska_Logo_Black-1.png","width":796,"height":236,"caption":"Prochaska"},"image":{"@id":"https:\/\/prochaska.eu\/ro\/#\/schema\/logo\/image\/"},"sameAs":["https:\/\/www.facebook.com\/prochaska.eu\/","https:\/\/www.instagram.com\/prochaska.eu\/","https:\/\/www.linkedin.com\/company\/prochaska-handels-gmbh"]}]}},"brands":[{"id":3069,"name":"IcoCar","slug":"icocar-ro"}],"_links":{"self":[{"href":"https:\/\/prochaska.eu\/ro\/wp-json\/wp\/v2\/product\/33285","targetHints":{"allow":["GET"]}}],"collection":[{"href":"https:\/\/prochaska.eu\/ro\/wp-json\/wp\/v2\/product"}],"about":[{"href":"https:\/\/prochaska.eu\/ro\/wp-json\/wp\/v2\/types\/product"}],"version-history":[{"count":2,"href":"https:\/\/prochaska.eu\/ro\/wp-json\/wp\/v2\/product\/33285\/revisions"}],"predecessor-version":[{"id":33290,"href":"https:\/\/prochaska.eu\/ro\/wp-json\/wp\/v2\/product\/33285\/revisions\/33290"}],"wp:featuredmedia":[{"embeddable":true,"href":"https:\/\/prochaska.eu\/ro\/wp-json\/wp\/v2\/media\/32124"}],"wp:attachment":[{"href":"https:\/\/prochaska.eu\/ro\/wp-json\/wp\/v2\/media?parent=33285"}],"wp:term":[{"taxonomy":"pwb-brand","embeddable":true,"href":"https:\/\/prochaska.eu\/ro\/wp-json\/wp\/v2\/pwb-brand?post=33285"},{"taxonomy":"product_brand","embeddable":true,"href":"https:\/\/prochaska.eu\/ro\/wp-json\/wp\/v2\/product_brand?post=33285"},{"taxonomy":"product_cat","embeddable":true,"href":"https:\/\/prochaska.eu\/ro\/wp-json\/wp\/v2\/product_cat?post=33285"},{"taxonomy":"product_tag","embeddable":true,"href":"https:\/\/prochaska.eu\/ro\/wp-json\/wp\/v2\/product_tag?post=33285"}],"curies":[{"name":"wp","href":"https:\/\/api.w.org\/{rel}","templated":true}]}}