{"id":33292,"date":"2025-10-07T07:57:30","date_gmt":"2025-10-07T07:57:30","guid":{"rendered":"https:\/\/prochaska.eu\/produkt\/icocar-city-4-iq-litiu\/"},"modified":"2025-10-07T07:57:30","modified_gmt":"2025-10-07T07:57:30","slug":"icocar-city-4-iq-litiu","status":"publish","type":"product","link":"https:\/\/prochaska.eu\/ro\/produs\/icocar-city-4-iq-litiu\/","title":{"rendered":"IcoCar City 4 &#8222;IQ&#8221; Litiu"},"content":{"rendered":"<h2><strong>TOP NEWS: IcoCar City 4 &#8222;IQ&#8221; Lithium &#8211; Vehiculul electric versatil pentru drum \u0219i teren de golf<\/strong><\/h2>\n<p><strong>40 km\/h EU ROAD TYPISED (permis de conducere B)<\/strong><\/p>\n<div class=\"paragraph-in-scc-markdown-text ___1ngh792 ftgm304 f1iaxwol\"><strong>IcoCar City 4 &#8222;IQ&#8221; Lithium<\/strong> combin\u0103 electromobilitatea modern\u0103 cu designul practic \u0219i este omologat pentru utilizarea pe \u0219osea ca <strong>vehicul tip UE L7e<\/strong>. Cu spa\u021biu pentru patru persoane \u0219i posibilitatea de a alege \u00eentre portbagaj sau suport pentru geanta de golf, acesta este ideal pentru utilizarea \u00een timpul liber, \u00een sta\u021biuni sau \u00een interiorul ora\u0219ului. <\/div>\n<p data-start=\"89\" data-end=\"116\"><strong data-start=\"89\" data-end=\"114\">Aspecte tehnice<\/strong><\/p>\n<ul data-start=\"117\" data-end=\"775\">\n<li data-start=\"117\" data-end=\"153\">\n<p data-start=\"119\" data-end=\"153\"><strong data-start=\"119\" data-end=\"139\">Vitez\u0103:<\/strong> p\u00e2n\u0103 la 40 km\/h<\/p>\n<\/li>\n<li data-start=\"154\" data-end=\"229\">\n<p data-start=\"156\" data-end=\"229\"><strong data-start=\"156\" data-end=\"166\">Motor:<\/strong> 5 kW (6,8 CP), putere maxim\u0103 14,9 kW (20 CP), f\u0103r\u0103 \u00eentre\u021binere<\/p>\n<\/li>\n<li data-start=\"230\" data-end=\"317\">\n<p data-start=\"232\" data-end=\"317\"><strong data-start=\"232\" data-end=\"245\">Baterie:<\/strong> 150 Ah litiu-fier-fosfat, autonomie aprox. 115 km, garan\u021bie 5 ani<\/p>\n<\/li>\n<li data-start=\"318\" data-end=\"403\">\n<p data-start=\"320\" data-end=\"403\"><strong data-start=\"320\" data-end=\"332\">Fr\u00e2ne:<\/strong> Fr\u00e2ne pe disc hidraulice fa\u021b\u0103 \u0219i spate, fr\u00e2n\u0103 de parcare automat\u0103<\/p>\n<\/li>\n<li data-start=\"404\" data-end=\"470\">\n<p data-start=\"406\" data-end=\"470\"><strong data-start=\"406\" data-end=\"426\">Afi\u0219aj \u0219i sunet:<\/strong> Afi\u0219aj LCD color cu sistem audio Bluetooth<\/p>\n<\/li>\n<li data-start=\"471\" data-end=\"577\">\n<p data-start=\"473\" data-end=\"577\"><strong data-start=\"473\" data-end=\"485\">Confort:<\/strong> scaune premium din piele artificial\u0103, protec\u021bie la ploaie pe toate p\u0103r\u021bile, portbagaj blocabil sau suport pentru geanta de golf<\/p>\n<\/li>\n<li data-start=\"578\" data-end=\"610\">\n<p data-start=\"580\" data-end=\"610\"><strong data-start=\"580\" data-end=\"594\">Anvelope:<\/strong> jante de aluminiu de 12&#8243;<\/p>\n<\/li>\n<li data-start=\"611\" data-end=\"694\">\n<p data-start=\"613\" data-end=\"694\"><strong data-start=\"613\" data-end=\"624\">Extras:<\/strong> Parbriz cu \u0219terg\u0103tor\/sp\u0103l\u0103tor, cuplare remorc\u0103 op\u021bional\u0103<\/p>\n<\/li>\n<li data-start=\"695\" data-end=\"775\">\n<p data-start=\"697\" data-end=\"775\"><strong data-start=\"697\" data-end=\"708\">Culori:<\/strong> alb perlat, negru metalizat, gri carbon metalizat, bronz metalizat<\/p>\n<\/li>\n<\/ul>\n<p data-start=\"777\" data-end=\"797\"><strong data-start=\"777\" data-end=\"795\">Caracteristici speciale<\/strong><\/p>\n<ul data-start=\"798\" data-end=\"916\">\n<li data-start=\"798\" data-end=\"836\">\n<p data-start=\"800\" data-end=\"836\">4 locuri cu interior spa\u021bios<\/p>\n<\/li>\n<li data-start=\"837\" data-end=\"916\">\n<p data-start=\"839\" data-end=\"916\">Ideal pentru sta\u021biuni, terenuri de golf, complexe reziden\u021biale sau ca vehicul urban compact<\/p>\n<\/li>\n<\/ul>\n<hr>\n<div class=\"paragraph-in-scc-markdown-text ___1ngh792 ftgm304 f1iaxwol\"><strong>Afla\u021bi mai multe \u0219i solicita\u021bi consiliere personalizat\u0103 acum.<\/strong><br \/>\nICOCAR City 4 &#8222;IQ&#8221; Lithium &#8211; dac\u0103 v-a\u021bi dorit \u00eentotdeauna o ma\u0219in\u0103 de golf cu 4 locuri.<\/div>\n","protected":false},"excerpt":{"rendered":"<p>IcoCar City 4 &#8222;IQ&#8221; Lithium este un vehicul electric compact, tip UE, cu spa\u021biu pentru patru persoane. Cu o baterie puternic\u0103 de litiu de 150Ah, o autonomie de aproximativ 115 km \u0219i dot\u0103ri extinse, este perfect pentru mobilitate urban\u0103 sau utilizare pe terenul de golf. Disponibil op\u021bional cu portbagaj sau suport pentru geanta de golf.  <\/p>\n","protected":false},"featured_media":31900,"template":"","meta":[],"pwb-brand":[3069],"product_brand":[],"product_cat":[1389,1341,1068],"product_tag":[],"class_list":{"0":"post-33292","1":"product","2":"type-product","3":"status-publish","4":"has-post-thumbnail","6":"pwb-brand-icocar-ro","7":"product_cat-golf-cars-nou","8":"product_cat-masini-electrice","9":"product_cat-nou","11":"first","12":"instock","13":"taxable","14":"shipping-taxable","15":"purchasable","16":"product-type-simple"},"yoast_head":"<!-- This site is optimized with the Yoast SEO plugin v27.2 - https:\/\/yoast.com\/product\/yoast-seo-wordpress\/ -->\n<title>IcoCar City 4 &quot;IQ&quot; Litiu - Prochaska<\/title>\n<meta name=\"description\" content=\"Vehicul electric cu litiu IcoCar City 4 &quot;IQ&quot; cu omologare UE, 4 locuri, baterie 150Ah, autonomie 115 km - ideal pentru ora\u0219 \u0219i teren de golf.\" \/>\n<meta name=\"robots\" content=\"index, follow, max-snippet:-1, max-image-preview:large, max-video-preview:-1\" \/>\n<link rel=\"canonical\" href=\"https:\/\/prochaska.eu\/ro\/produs\/icocar-city-4-iq-litiu\/\" \/>\n<meta property=\"og:locale\" content=\"ro_RO\" \/>\n<meta property=\"og:type\" content=\"article\" \/>\n<meta property=\"og:title\" content=\"IcoCar City 4 &quot;IQ&quot; Litiu - Prochaska\" \/>\n<meta property=\"og:description\" content=\"Vehicul electric cu litiu IcoCar City 4 &quot;IQ&quot; cu omologare UE, 4 locuri, baterie 150Ah, autonomie 115 km - ideal pentru ora\u0219 \u0219i teren de golf.\" \/>\n<meta property=\"og:url\" content=\"https:\/\/prochaska.eu\/ro\/produs\/icocar-city-4-iq-litiu\/\" \/>\n<meta property=\"og:site_name\" content=\"Prochaska\" \/>\n<meta property=\"article:publisher\" content=\"https:\/\/www.facebook.com\/prochaska.eu\/\" \/>\n<meta property=\"og:image\" content=\"https:\/\/prochaska.eu\/wp-content\/uploads\/2025\/10\/31-1.webp\" \/>\n\t<meta property=\"og:image:width\" content=\"1080\" \/>\n\t<meta property=\"og:image:height\" content=\"1350\" \/>\n\t<meta property=\"og:image:type\" content=\"image\/webp\" \/>\n<meta name=\"twitter:card\" content=\"summary_large_image\" \/>\n<meta name=\"twitter:label1\" content=\"Timp estimat pentru citire\" \/>\n\t<meta name=\"twitter:data1\" content=\"1 minut\" \/>\n<script type=\"application\/ld+json\" class=\"yoast-schema-graph\">{\"@context\":\"https:\/\/schema.org\",\"@graph\":[{\"@type\":\"WebPage\",\"@id\":\"https:\/\/prochaska.eu\/ro\/produs\/icocar-city-4-iq-litiu\/\",\"url\":\"https:\/\/prochaska.eu\/ro\/produs\/icocar-city-4-iq-litiu\/\",\"name\":\"IcoCar City 4 \\\"IQ\\\" Litiu - Prochaska\",\"isPartOf\":{\"@id\":\"https:\/\/prochaska.eu\/ro\/#website\"},\"primaryImageOfPage\":{\"@id\":\"https:\/\/prochaska.eu\/ro\/produs\/icocar-city-4-iq-litiu\/#primaryimage\"},\"image\":{\"@id\":\"https:\/\/prochaska.eu\/ro\/produs\/icocar-city-4-iq-litiu\/#primaryimage\"},\"thumbnailUrl\":\"https:\/\/prochaska.eu\/wp-content\/uploads\/2025\/10\/31-1.webp\",\"datePublished\":\"2025-10-07T07:57:30+00:00\",\"description\":\"Vehicul electric cu litiu IcoCar City 4 \\\"IQ\\\" cu omologare UE, 4 locuri, baterie 150Ah, autonomie 115 km - ideal pentru ora\u0219 \u0219i teren de golf.\",\"breadcrumb\":{\"@id\":\"https:\/\/prochaska.eu\/ro\/produs\/icocar-city-4-iq-litiu\/#breadcrumb\"},\"inLanguage\":\"ro-RO\",\"potentialAction\":[{\"@type\":\"ReadAction\",\"target\":[\"https:\/\/prochaska.eu\/ro\/produs\/icocar-city-4-iq-litiu\/\"]}]},{\"@type\":\"ImageObject\",\"inLanguage\":\"ro-RO\",\"@id\":\"https:\/\/prochaska.eu\/ro\/produs\/icocar-city-4-iq-litiu\/#primaryimage\",\"url\":\"https:\/\/prochaska.eu\/wp-content\/uploads\/2025\/10\/31-1.webp\",\"contentUrl\":\"https:\/\/prochaska.eu\/wp-content\/uploads\/2025\/10\/31-1.webp\",\"width\":1080,\"height\":1350,\"caption\":\"IcoCar City 4 Lithium\"},{\"@type\":\"BreadcrumbList\",\"@id\":\"https:\/\/prochaska.eu\/ro\/produs\/icocar-city-4-iq-litiu\/#breadcrumb\",\"itemListElement\":[{\"@type\":\"ListItem\",\"position\":1,\"name\":\"Home\",\"item\":\"https:\/\/prochaska.eu\/ro\/\"},{\"@type\":\"ListItem\",\"position\":2,\"name\":\"Shop\",\"item\":\"https:\/\/prochaska.eu\/ro\/shop\/\"},{\"@type\":\"ListItem\",\"position\":3,\"name\":\"IcoCar City 4 &#8222;IQ&#8221; Litiu\"}]},{\"@type\":\"WebSite\",\"@id\":\"https:\/\/prochaska.eu\/ro\/#website\",\"url\":\"https:\/\/prochaska.eu\/ro\/\",\"name\":\"Prochaska\",\"description\":\"Spezialist f\u00fcr Pflege von Gr\u00fcnfl\u00e4chen\",\"publisher\":{\"@id\":\"https:\/\/prochaska.eu\/ro\/#organization\"},\"potentialAction\":[{\"@type\":\"SearchAction\",\"target\":{\"@type\":\"EntryPoint\",\"urlTemplate\":\"https:\/\/prochaska.eu\/ro\/?s={search_term_string}\"},\"query-input\":{\"@type\":\"PropertyValueSpecification\",\"valueRequired\":true,\"valueName\":\"search_term_string\"}}],\"inLanguage\":\"ro-RO\"},{\"@type\":\"Organization\",\"@id\":\"https:\/\/prochaska.eu\/ro\/#organization\",\"name\":\"Prochaska\",\"url\":\"https:\/\/prochaska.eu\/ro\/\",\"logo\":{\"@type\":\"ImageObject\",\"inLanguage\":\"ro-RO\",\"@id\":\"https:\/\/prochaska.eu\/ro\/#\/schema\/logo\/image\/\",\"url\":\"https:\/\/prochaska.eu\/wp-content\/uploads\/2024\/04\/Prochaska_Logo_Black-1.png\",\"contentUrl\":\"https:\/\/prochaska.eu\/wp-content\/uploads\/2024\/04\/Prochaska_Logo_Black-1.png\",\"width\":796,\"height\":236,\"caption\":\"Prochaska\"},\"image\":{\"@id\":\"https:\/\/prochaska.eu\/ro\/#\/schema\/logo\/image\/\"},\"sameAs\":[\"https:\/\/www.facebook.com\/prochaska.eu\/\",\"https:\/\/www.instagram.com\/prochaska.eu\/\",\"https:\/\/www.linkedin.com\/company\/prochaska-handels-gmbh\"]}]}<\/script>\n<!-- \/ Yoast SEO plugin. -->","yoast_head_json":{"title":"IcoCar City 4 \"IQ\" Litiu - Prochaska","description":"Vehicul electric cu litiu IcoCar City 4 \"IQ\" cu omologare UE, 4 locuri, baterie 150Ah, autonomie 115 km - ideal pentru ora\u0219 \u0219i teren de golf.","robots":{"index":"index","follow":"follow","max-snippet":"max-snippet:-1","max-image-preview":"max-image-preview:large","max-video-preview":"max-video-preview:-1"},"canonical":"https:\/\/prochaska.eu\/ro\/produs\/icocar-city-4-iq-litiu\/","og_locale":"ro_RO","og_type":"article","og_title":"IcoCar City 4 \"IQ\" Litiu - Prochaska","og_description":"Vehicul electric cu litiu IcoCar City 4 \"IQ\" cu omologare UE, 4 locuri, baterie 150Ah, autonomie 115 km - ideal pentru ora\u0219 \u0219i teren de golf.","og_url":"https:\/\/prochaska.eu\/ro\/produs\/icocar-city-4-iq-litiu\/","og_site_name":"Prochaska","article_publisher":"https:\/\/www.facebook.com\/prochaska.eu\/","og_image":[{"width":1080,"height":1350,"url":"https:\/\/prochaska.eu\/wp-content\/uploads\/2025\/10\/31-1.webp","type":"image\/webp"}],"twitter_card":"summary_large_image","twitter_misc":{"Timp estimat pentru citire":"1 minut"},"schema":{"@context":"https:\/\/schema.org","@graph":[{"@type":"WebPage","@id":"https:\/\/prochaska.eu\/ro\/produs\/icocar-city-4-iq-litiu\/","url":"https:\/\/prochaska.eu\/ro\/produs\/icocar-city-4-iq-litiu\/","name":"IcoCar City 4 \"IQ\" Litiu - Prochaska","isPartOf":{"@id":"https:\/\/prochaska.eu\/ro\/#website"},"primaryImageOfPage":{"@id":"https:\/\/prochaska.eu\/ro\/produs\/icocar-city-4-iq-litiu\/#primaryimage"},"image":{"@id":"https:\/\/prochaska.eu\/ro\/produs\/icocar-city-4-iq-litiu\/#primaryimage"},"thumbnailUrl":"https:\/\/prochaska.eu\/wp-content\/uploads\/2025\/10\/31-1.webp","datePublished":"2025-10-07T07:57:30+00:00","description":"Vehicul electric cu litiu IcoCar City 4 \"IQ\" cu omologare UE, 4 locuri, baterie 150Ah, autonomie 115 km - ideal pentru ora\u0219 \u0219i teren de golf.","breadcrumb":{"@id":"https:\/\/prochaska.eu\/ro\/produs\/icocar-city-4-iq-litiu\/#breadcrumb"},"inLanguage":"ro-RO","potentialAction":[{"@type":"ReadAction","target":["https:\/\/prochaska.eu\/ro\/produs\/icocar-city-4-iq-litiu\/"]}]},{"@type":"ImageObject","inLanguage":"ro-RO","@id":"https:\/\/prochaska.eu\/ro\/produs\/icocar-city-4-iq-litiu\/#primaryimage","url":"https:\/\/prochaska.eu\/wp-content\/uploads\/2025\/10\/31-1.webp","contentUrl":"https:\/\/prochaska.eu\/wp-content\/uploads\/2025\/10\/31-1.webp","width":1080,"height":1350,"caption":"IcoCar City 4 Lithium"},{"@type":"BreadcrumbList","@id":"https:\/\/prochaska.eu\/ro\/produs\/icocar-city-4-iq-litiu\/#breadcrumb","itemListElement":[{"@type":"ListItem","position":1,"name":"Home","item":"https:\/\/prochaska.eu\/ro\/"},{"@type":"ListItem","position":2,"name":"Shop","item":"https:\/\/prochaska.eu\/ro\/shop\/"},{"@type":"ListItem","position":3,"name":"IcoCar City 4 &#8222;IQ&#8221; Litiu"}]},{"@type":"WebSite","@id":"https:\/\/prochaska.eu\/ro\/#website","url":"https:\/\/prochaska.eu\/ro\/","name":"Prochaska","description":"Spezialist f\u00fcr Pflege von Gr\u00fcnfl\u00e4chen","publisher":{"@id":"https:\/\/prochaska.eu\/ro\/#organization"},"potentialAction":[{"@type":"SearchAction","target":{"@type":"EntryPoint","urlTemplate":"https:\/\/prochaska.eu\/ro\/?s={search_term_string}"},"query-input":{"@type":"PropertyValueSpecification","valueRequired":true,"valueName":"search_term_string"}}],"inLanguage":"ro-RO"},{"@type":"Organization","@id":"https:\/\/prochaska.eu\/ro\/#organization","name":"Prochaska","url":"https:\/\/prochaska.eu\/ro\/","logo":{"@type":"ImageObject","inLanguage":"ro-RO","@id":"https:\/\/prochaska.eu\/ro\/#\/schema\/logo\/image\/","url":"https:\/\/prochaska.eu\/wp-content\/uploads\/2024\/04\/Prochaska_Logo_Black-1.png","contentUrl":"https:\/\/prochaska.eu\/wp-content\/uploads\/2024\/04\/Prochaska_Logo_Black-1.png","width":796,"height":236,"caption":"Prochaska"},"image":{"@id":"https:\/\/prochaska.eu\/ro\/#\/schema\/logo\/image\/"},"sameAs":["https:\/\/www.facebook.com\/prochaska.eu\/","https:\/\/www.instagram.com\/prochaska.eu\/","https:\/\/www.linkedin.com\/company\/prochaska-handels-gmbh"]}]}},"brands":[{"id":3069,"name":"IcoCar","slug":"icocar-ro"}],"_links":{"self":[{"href":"https:\/\/prochaska.eu\/ro\/wp-json\/wp\/v2\/product\/33292","targetHints":{"allow":["GET"]}}],"collection":[{"href":"https:\/\/prochaska.eu\/ro\/wp-json\/wp\/v2\/product"}],"about":[{"href":"https:\/\/prochaska.eu\/ro\/wp-json\/wp\/v2\/types\/product"}],"version-history":[{"count":0,"href":"https:\/\/prochaska.eu\/ro\/wp-json\/wp\/v2\/product\/33292\/revisions"}],"wp:featuredmedia":[{"embeddable":true,"href":"https:\/\/prochaska.eu\/ro\/wp-json\/wp\/v2\/media\/31900"}],"wp:attachment":[{"href":"https:\/\/prochaska.eu\/ro\/wp-json\/wp\/v2\/media?parent=33292"}],"wp:term":[{"taxonomy":"pwb-brand","embeddable":true,"href":"https:\/\/prochaska.eu\/ro\/wp-json\/wp\/v2\/pwb-brand?post=33292"},{"taxonomy":"product_brand","embeddable":true,"href":"https:\/\/prochaska.eu\/ro\/wp-json\/wp\/v2\/product_brand?post=33292"},{"taxonomy":"product_cat","embeddable":true,"href":"https:\/\/prochaska.eu\/ro\/wp-json\/wp\/v2\/product_cat?post=33292"},{"taxonomy":"product_tag","embeddable":true,"href":"https:\/\/prochaska.eu\/ro\/wp-json\/wp\/v2\/product_tag?post=33292"}],"curies":[{"name":"wp","href":"https:\/\/api.w.org\/{rel}","templated":true}]}}