{"id":33346,"date":"2026-03-16T09:52:25","date_gmt":"2026-03-16T09:52:25","guid":{"rendered":"https:\/\/prochaska.eu\/produkt\/roborock-rockneo-q105\/"},"modified":"2026-03-16T09:54:13","modified_gmt":"2026-03-16T09:54:13","slug":"roborock-rockneo-q105","status":"publish","type":"product","link":"https:\/\/prochaska.eu\/ro\/produs\/roborock-rockneo-q105\/","title":{"rendered":"Roborock RockNeo Q105"},"content":{"rendered":"<h3 data-section-id=\"1nh4ch2\" data-start=\"180\" data-end=\"236\"><strong data-start=\"184\" data-end=\"236\">Roborock RockNeo Q105 &#8211; Ma\u0219in\u0103 robotizat\u0103 inteligent\u0103 de tuns iarba<\/strong><\/h3>\n<p data-start=\"238\" data-end=\"610\"><strong data-start=\"242\" data-end=\"267\">Roborock RockNeo Q105<\/strong> v\u0103 cose\u0219te gr\u0103dina \u00een mod automat \u0219i precis &#8211; eficient, silen\u021bios \u0219i fiabil. Datorit\u0103 <strong data-start=\"352\" data-end=\"380\">cartografierii sus\u021binute de AI<\/strong>, aceasta navigheaz\u0103 independent, recunoa\u0219te obstacolele \u0219i se adapteaz\u0103 la orice teren. Cu o <strong data-start=\"472\" data-end=\"499\">l\u0103\u021bime de t\u0103iere de 22 cm<\/strong> \u0219i o <strong data-start=\"510\" data-end=\"538\">\u00een\u0103l\u021bime de t\u0103iere de 20-60 mm<\/strong>, asigur\u0103 o \u00eengrijire uniform\u0103 a gazonului, chiar \u0219i aproape de margini.  <\/p>\n<p data-start=\"612\" data-end=\"887\"><strong data-start=\"616\" data-end=\"633\">Controlul prin aplica\u021bie<\/strong> permite timpi de cosire flexibili, gestionarea mai multor zone \u0219i adaptarea u\u0219oar\u0103 la planul gr\u0103dinii dvs. RockNeo Q105 cose\u0219te pante de p\u00e2n\u0103 la <strong data-start=\"781\" data-end=\"789\">45%<\/strong> \u0219i obstacole de p\u00e2n\u0103 la 4 cm &#8211; ideal pentru gr\u0103dini de p\u00e2n\u0103 la <strong data-start=\"838\" data-end=\"848\">500 m\u00b2<\/strong> care trebuie \u00eentre\u021binute f\u0103r\u0103 efort. <\/p>\n<h3 data-section-id=\"1ptxicl\" data-start=\"894\" data-end=\"912\"><strong data-start=\"898\" data-end=\"912\">Repere<\/strong><\/h3>\n<ul data-start=\"914\" data-end=\"1103\">\n<li data-section-id=\"1gr1zvl\" data-start=\"914\" data-end=\"967\">\n<p data-start=\"916\" data-end=\"967\">Naviga\u021bie asistat\u0103 de AI \u0219i cartografiere inteligent\u0103<\/p>\n<\/li>\n<li data-section-id=\"1gmu7br\" data-start=\"968\" data-end=\"1009\">\n<p data-start=\"970\" data-end=\"1009\">Control prin aplica\u021bie pentru orele \u0219i zonele de cosit<\/p>\n<\/li>\n<li data-section-id=\"1ovz7tt\" data-start=\"1010\" data-end=\"1052\">\n<p data-start=\"1012\" data-end=\"1052\">T\u0103ierea marginilor pentru o t\u0103iere precis\u0103 a gazonului<\/p>\n<\/li>\n<li data-section-id=\"akbiwd\" data-start=\"1053\" data-end=\"1103\">\n<p data-start=\"1055\" data-end=\"1103\">Suprafa\u021b\u0103 acoperit\u0103 p\u00e2n\u0103 la 500 m\u00b2, gradient max. 45 % <\/p>\n<\/li>\n<\/ul>\n<p>&nbsp;<\/p>\n<table>\n<thead>\n<tr>\n<th>Caracteristic\u0103<\/th>\n<th>Specifica\u021bie<\/th>\n<\/tr>\n<\/thead>\n<tbody>\n<tr>\n<td>Suprafa\u021ba de ie\u0219ire<\/td>\n<td>500 m\u00b2<\/td>\n<\/tr>\n<tr>\n<td>L\u0103\u021bime de t\u0103iere<\/td>\n<td>22 cm<\/td>\n<\/tr>\n<tr>\n<td>\u00cen\u0103l\u021bimea de t\u0103iere<\/td>\n<td>20-60 mm (reglabil\u0103 manual)<\/td>\n<\/tr>\n<tr>\n<td>Capacitatea bateriei<\/td>\n<td>4 Ah<\/td>\n<\/tr>\n<tr>\n<td>Timp de cosire per \u00eenc\u0103rc\u0103tur\u0103<\/td>\n<td>95-100 min<\/td>\n<\/tr>\n<tr>\n<td>Timp de \u00eenc\u0103rcare<\/td>\n<td>60-130 min<\/td>\n<\/tr>\n<tr>\n<td>Max. Gradient<\/td>\n<td>45 %<\/td>\n<\/tr>\n<tr>\n<td>Dep\u0103\u0219irea obstacolelor<\/td>\n<td>p\u00e2n\u0103 la 4 cm<\/td>\n<\/tr>\n<tr>\n<td>Trac\u021biune<\/td>\n<td>Trac\u021biune spate<\/td>\n<\/tr>\n<tr>\n<td>Zone de cosit<\/td>\n<td>p\u00e2n\u0103 la 6 zone<\/td>\n<\/tr>\n<tr>\n<td>Lame<\/td>\n<td>3 buc\u0103\u021bi<\/td>\n<\/tr>\n<tr>\n<td>Naviga\u021bie<\/td>\n<td>RTK + VSLAM + AI camer\u0103 dubl\u0103<\/td>\n<\/tr>\n<tr>\n<td>Nivel sonor<\/td>\n<td>58 dB(A)<\/td>\n<\/tr>\n<tr>\n<td>Clasa de protec\u021bie<\/td>\n<td>IPX6 (rezistent la ap\u0103)<\/td>\n<\/tr>\n<tr>\n<td>Dimensiuni<\/td>\n<td>625 \u00d7 420 \u00d7 270 mm<\/td>\n<\/tr>\n<tr>\n<td>Greutate<\/td>\n<td>12,2 kg<\/td>\n<\/tr>\n<tr>\n<td>Accesorii op\u021bionale<\/td>\n<td>Garage S, 12 lame, modul 4G \u0219i antifurt, cablu prelungitor RTK, modul de t\u0103iere a marginilor<\/td>\n<\/tr>\n<\/tbody>\n<\/table>\n","protected":false},"excerpt":{"rendered":"<p data-start=\"2069\" data-end=\"2263\"><strong data-start=\"2073\" data-end=\"2098\">Roborock RockNeo Q105<\/strong> v\u0103 tunde gazonul automat \u0219i precis, se adapteaz\u0103 la orice teren \u0219i poate fi controlat convenabil prin aplica\u021bie. Perfect pentru gr\u0103dini bine \u00eengrijite, f\u0103r\u0103 efort manual. <\/p>\n","protected":false},"featured_media":33331,"template":"","meta":[],"pwb-brand":[3353],"product_brand":[],"product_cat":[1396,3064],"product_tag":[3352,3348,3346,3345,3351,3344,3350,3341,3343,3342,3349,3347],"class_list":{"0":"post-33346","1":"product","2":"type-product","3":"status-publish","4":"has-post-thumbnail","6":"pwb-brand-roborock","7":"product_cat-robot-pentru-gazon","8":"product_cat-roboti-de-tuns-iarba-fara-fir","9":"product_tag-adaptarea-terenului","10":"product_tag-autopropulsat","11":"product_tag-controlat-de-aplicatie","12":"product_tag-cositoare-de-gazon-robotizata-cu-inteligenta-artificiala","13":"product_tag-evitarea-obstacolelor","14":"product_tag-intretinerea-gradinii","15":"product_tag-ipx6-rezistent-la-apa","16":"product_tag-roborock","17":"product_tag-robot-inteligent-pentru-gazon","18":"product_tag-rockneo-q105","19":"product_tag-suprafata-acoperita-500-m","20":"product_tag-taierea-marginilor","22":"first","23":"instock","24":"taxable","25":"shipping-taxable","26":"purchasable","27":"product-type-simple"},"yoast_head":"<!-- This site is optimized with the Yoast SEO plugin v27.2 - https:\/\/yoast.com\/product\/yoast-seo-wordpress\/ -->\n<title>Roborock RockNeo Q105 - Prochaska<\/title>\n<meta name=\"description\" content=\"Roborock RockNeo Q105 v\u0103 tunde gazonul automat, inteligent \u0219i eficient. Naviga\u021bie asistat\u0103 de inteligen\u021b\u0103 artificial\u0103, control prin aplica\u021bie \u0219i t\u0103ierea marginilor pentru rezultate perfecte pe o suprafa\u021b\u0103 de p\u00e2n\u0103 la 500 m\u00b2.\" \/>\n<meta name=\"robots\" content=\"index, follow, max-snippet:-1, max-image-preview:large, max-video-preview:-1\" \/>\n<link rel=\"canonical\" href=\"https:\/\/prochaska.eu\/ro\/produs\/roborock-rockneo-q105\/\" \/>\n<meta property=\"og:locale\" content=\"ro_RO\" \/>\n<meta property=\"og:type\" content=\"article\" \/>\n<meta property=\"og:title\" content=\"Roborock RockNeo Q105 - Prochaska\" \/>\n<meta property=\"og:description\" content=\"Roborock RockNeo Q105 v\u0103 tunde gazonul automat, inteligent \u0219i eficient. Naviga\u021bie asistat\u0103 de inteligen\u021b\u0103 artificial\u0103, control prin aplica\u021bie \u0219i t\u0103ierea marginilor pentru rezultate perfecte pe o suprafa\u021b\u0103 de p\u00e2n\u0103 la 500 m\u00b2.\" \/>\n<meta property=\"og:url\" content=\"https:\/\/prochaska.eu\/ro\/produs\/roborock-rockneo-q105\/\" \/>\n<meta property=\"og:site_name\" content=\"Prochaska\" \/>\n<meta property=\"article:publisher\" content=\"https:\/\/www.facebook.com\/prochaska.eu\/\" \/>\n<meta property=\"article:modified_time\" content=\"2026-03-16T09:54:13+00:00\" \/>\n<meta property=\"og:image\" content=\"https:\/\/prochaska.eu\/wp-content\/uploads\/2026\/03\/Freisteller-Hauptfoto-scaled.webp\" \/>\n\t<meta property=\"og:image:width\" content=\"2560\" \/>\n\t<meta property=\"og:image:height\" content=\"2560\" \/>\n\t<meta property=\"og:image:type\" content=\"image\/webp\" \/>\n<meta name=\"twitter:card\" content=\"summary_large_image\" \/>\n<meta name=\"twitter:label1\" content=\"Timp estimat pentru citire\" \/>\n\t<meta name=\"twitter:data1\" content=\"1 minut\" \/>\n<script type=\"application\/ld+json\" class=\"yoast-schema-graph\">{\"@context\":\"https:\/\/schema.org\",\"@graph\":[{\"@type\":\"WebPage\",\"@id\":\"https:\/\/prochaska.eu\/ro\/produs\/roborock-rockneo-q105\/\",\"url\":\"https:\/\/prochaska.eu\/ro\/produs\/roborock-rockneo-q105\/\",\"name\":\"Roborock RockNeo Q105 - Prochaska\",\"isPartOf\":{\"@id\":\"https:\/\/prochaska.eu\/ro\/#website\"},\"primaryImageOfPage\":{\"@id\":\"https:\/\/prochaska.eu\/ro\/produs\/roborock-rockneo-q105\/#primaryimage\"},\"image\":{\"@id\":\"https:\/\/prochaska.eu\/ro\/produs\/roborock-rockneo-q105\/#primaryimage\"},\"thumbnailUrl\":\"https:\/\/prochaska.eu\/wp-content\/uploads\/2026\/03\/Freisteller-Hauptfoto-scaled.webp\",\"datePublished\":\"2026-03-16T09:52:25+00:00\",\"dateModified\":\"2026-03-16T09:54:13+00:00\",\"description\":\"Roborock RockNeo Q105 v\u0103 tunde gazonul automat, inteligent \u0219i eficient. Naviga\u021bie asistat\u0103 de inteligen\u021b\u0103 artificial\u0103, control prin aplica\u021bie \u0219i t\u0103ierea marginilor pentru rezultate perfecte pe o suprafa\u021b\u0103 de p\u00e2n\u0103 la 500 m\u00b2.\",\"breadcrumb\":{\"@id\":\"https:\/\/prochaska.eu\/ro\/produs\/roborock-rockneo-q105\/#breadcrumb\"},\"inLanguage\":\"ro-RO\",\"potentialAction\":[{\"@type\":\"ReadAction\",\"target\":[\"https:\/\/prochaska.eu\/ro\/produs\/roborock-rockneo-q105\/\"]}]},{\"@type\":\"ImageObject\",\"inLanguage\":\"ro-RO\",\"@id\":\"https:\/\/prochaska.eu\/ro\/produs\/roborock-rockneo-q105\/#primaryimage\",\"url\":\"https:\/\/prochaska.eu\/wp-content\/uploads\/2026\/03\/Freisteller-Hauptfoto-scaled.webp\",\"contentUrl\":\"https:\/\/prochaska.eu\/wp-content\/uploads\/2026\/03\/Freisteller-Hauptfoto-scaled.webp\",\"width\":2560,\"height\":2560,\"caption\":\"Roborock Seria Q\"},{\"@type\":\"BreadcrumbList\",\"@id\":\"https:\/\/prochaska.eu\/ro\/produs\/roborock-rockneo-q105\/#breadcrumb\",\"itemListElement\":[{\"@type\":\"ListItem\",\"position\":1,\"name\":\"Home\",\"item\":\"https:\/\/prochaska.eu\/ro\/\"},{\"@type\":\"ListItem\",\"position\":2,\"name\":\"Shop\",\"item\":\"https:\/\/prochaska.eu\/ro\/shop\/\"},{\"@type\":\"ListItem\",\"position\":3,\"name\":\"Roborock RockNeo Q105\"}]},{\"@type\":\"WebSite\",\"@id\":\"https:\/\/prochaska.eu\/ro\/#website\",\"url\":\"https:\/\/prochaska.eu\/ro\/\",\"name\":\"Prochaska\",\"description\":\"Spezialist f\u00fcr Pflege von Gr\u00fcnfl\u00e4chen\",\"publisher\":{\"@id\":\"https:\/\/prochaska.eu\/ro\/#organization\"},\"potentialAction\":[{\"@type\":\"SearchAction\",\"target\":{\"@type\":\"EntryPoint\",\"urlTemplate\":\"https:\/\/prochaska.eu\/ro\/?s={search_term_string}\"},\"query-input\":{\"@type\":\"PropertyValueSpecification\",\"valueRequired\":true,\"valueName\":\"search_term_string\"}}],\"inLanguage\":\"ro-RO\"},{\"@type\":\"Organization\",\"@id\":\"https:\/\/prochaska.eu\/ro\/#organization\",\"name\":\"Prochaska\",\"url\":\"https:\/\/prochaska.eu\/ro\/\",\"logo\":{\"@type\":\"ImageObject\",\"inLanguage\":\"ro-RO\",\"@id\":\"https:\/\/prochaska.eu\/ro\/#\/schema\/logo\/image\/\",\"url\":\"https:\/\/prochaska.eu\/wp-content\/uploads\/2024\/04\/Prochaska_Logo_Black-1.png\",\"contentUrl\":\"https:\/\/prochaska.eu\/wp-content\/uploads\/2024\/04\/Prochaska_Logo_Black-1.png\",\"width\":796,\"height\":236,\"caption\":\"Prochaska\"},\"image\":{\"@id\":\"https:\/\/prochaska.eu\/ro\/#\/schema\/logo\/image\/\"},\"sameAs\":[\"https:\/\/www.facebook.com\/prochaska.eu\/\",\"https:\/\/www.instagram.com\/prochaska.eu\/\",\"https:\/\/www.linkedin.com\/company\/prochaska-handels-gmbh\"]}]}<\/script>\n<!-- \/ Yoast SEO plugin. -->","yoast_head_json":{"title":"Roborock RockNeo Q105 - Prochaska","description":"Roborock RockNeo Q105 v\u0103 tunde gazonul automat, inteligent \u0219i eficient. Naviga\u021bie asistat\u0103 de inteligen\u021b\u0103 artificial\u0103, control prin aplica\u021bie \u0219i t\u0103ierea marginilor pentru rezultate perfecte pe o suprafa\u021b\u0103 de p\u00e2n\u0103 la 500 m\u00b2.","robots":{"index":"index","follow":"follow","max-snippet":"max-snippet:-1","max-image-preview":"max-image-preview:large","max-video-preview":"max-video-preview:-1"},"canonical":"https:\/\/prochaska.eu\/ro\/produs\/roborock-rockneo-q105\/","og_locale":"ro_RO","og_type":"article","og_title":"Roborock RockNeo Q105 - Prochaska","og_description":"Roborock RockNeo Q105 v\u0103 tunde gazonul automat, inteligent \u0219i eficient. Naviga\u021bie asistat\u0103 de inteligen\u021b\u0103 artificial\u0103, control prin aplica\u021bie \u0219i t\u0103ierea marginilor pentru rezultate perfecte pe o suprafa\u021b\u0103 de p\u00e2n\u0103 la 500 m\u00b2.","og_url":"https:\/\/prochaska.eu\/ro\/produs\/roborock-rockneo-q105\/","og_site_name":"Prochaska","article_publisher":"https:\/\/www.facebook.com\/prochaska.eu\/","article_modified_time":"2026-03-16T09:54:13+00:00","og_image":[{"width":2560,"height":2560,"url":"https:\/\/prochaska.eu\/wp-content\/uploads\/2026\/03\/Freisteller-Hauptfoto-scaled.webp","type":"image\/webp"}],"twitter_card":"summary_large_image","twitter_misc":{"Timp estimat pentru citire":"1 minut"},"schema":{"@context":"https:\/\/schema.org","@graph":[{"@type":"WebPage","@id":"https:\/\/prochaska.eu\/ro\/produs\/roborock-rockneo-q105\/","url":"https:\/\/prochaska.eu\/ro\/produs\/roborock-rockneo-q105\/","name":"Roborock RockNeo Q105 - Prochaska","isPartOf":{"@id":"https:\/\/prochaska.eu\/ro\/#website"},"primaryImageOfPage":{"@id":"https:\/\/prochaska.eu\/ro\/produs\/roborock-rockneo-q105\/#primaryimage"},"image":{"@id":"https:\/\/prochaska.eu\/ro\/produs\/roborock-rockneo-q105\/#primaryimage"},"thumbnailUrl":"https:\/\/prochaska.eu\/wp-content\/uploads\/2026\/03\/Freisteller-Hauptfoto-scaled.webp","datePublished":"2026-03-16T09:52:25+00:00","dateModified":"2026-03-16T09:54:13+00:00","description":"Roborock RockNeo Q105 v\u0103 tunde gazonul automat, inteligent \u0219i eficient. Naviga\u021bie asistat\u0103 de inteligen\u021b\u0103 artificial\u0103, control prin aplica\u021bie \u0219i t\u0103ierea marginilor pentru rezultate perfecte pe o suprafa\u021b\u0103 de p\u00e2n\u0103 la 500 m\u00b2.","breadcrumb":{"@id":"https:\/\/prochaska.eu\/ro\/produs\/roborock-rockneo-q105\/#breadcrumb"},"inLanguage":"ro-RO","potentialAction":[{"@type":"ReadAction","target":["https:\/\/prochaska.eu\/ro\/produs\/roborock-rockneo-q105\/"]}]},{"@type":"ImageObject","inLanguage":"ro-RO","@id":"https:\/\/prochaska.eu\/ro\/produs\/roborock-rockneo-q105\/#primaryimage","url":"https:\/\/prochaska.eu\/wp-content\/uploads\/2026\/03\/Freisteller-Hauptfoto-scaled.webp","contentUrl":"https:\/\/prochaska.eu\/wp-content\/uploads\/2026\/03\/Freisteller-Hauptfoto-scaled.webp","width":2560,"height":2560,"caption":"Roborock Seria Q"},{"@type":"BreadcrumbList","@id":"https:\/\/prochaska.eu\/ro\/produs\/roborock-rockneo-q105\/#breadcrumb","itemListElement":[{"@type":"ListItem","position":1,"name":"Home","item":"https:\/\/prochaska.eu\/ro\/"},{"@type":"ListItem","position":2,"name":"Shop","item":"https:\/\/prochaska.eu\/ro\/shop\/"},{"@type":"ListItem","position":3,"name":"Roborock RockNeo Q105"}]},{"@type":"WebSite","@id":"https:\/\/prochaska.eu\/ro\/#website","url":"https:\/\/prochaska.eu\/ro\/","name":"Prochaska","description":"Spezialist f\u00fcr Pflege von Gr\u00fcnfl\u00e4chen","publisher":{"@id":"https:\/\/prochaska.eu\/ro\/#organization"},"potentialAction":[{"@type":"SearchAction","target":{"@type":"EntryPoint","urlTemplate":"https:\/\/prochaska.eu\/ro\/?s={search_term_string}"},"query-input":{"@type":"PropertyValueSpecification","valueRequired":true,"valueName":"search_term_string"}}],"inLanguage":"ro-RO"},{"@type":"Organization","@id":"https:\/\/prochaska.eu\/ro\/#organization","name":"Prochaska","url":"https:\/\/prochaska.eu\/ro\/","logo":{"@type":"ImageObject","inLanguage":"ro-RO","@id":"https:\/\/prochaska.eu\/ro\/#\/schema\/logo\/image\/","url":"https:\/\/prochaska.eu\/wp-content\/uploads\/2024\/04\/Prochaska_Logo_Black-1.png","contentUrl":"https:\/\/prochaska.eu\/wp-content\/uploads\/2024\/04\/Prochaska_Logo_Black-1.png","width":796,"height":236,"caption":"Prochaska"},"image":{"@id":"https:\/\/prochaska.eu\/ro\/#\/schema\/logo\/image\/"},"sameAs":["https:\/\/www.facebook.com\/prochaska.eu\/","https:\/\/www.instagram.com\/prochaska.eu\/","https:\/\/www.linkedin.com\/company\/prochaska-handels-gmbh"]}]}},"brands":[{"id":3353,"name":"Roborock","slug":"roborock"}],"_links":{"self":[{"href":"https:\/\/prochaska.eu\/ro\/wp-json\/wp\/v2\/product\/33346","targetHints":{"allow":["GET"]}}],"collection":[{"href":"https:\/\/prochaska.eu\/ro\/wp-json\/wp\/v2\/product"}],"about":[{"href":"https:\/\/prochaska.eu\/ro\/wp-json\/wp\/v2\/types\/product"}],"version-history":[{"count":1,"href":"https:\/\/prochaska.eu\/ro\/wp-json\/wp\/v2\/product\/33346\/revisions"}],"predecessor-version":[{"id":33347,"href":"https:\/\/prochaska.eu\/ro\/wp-json\/wp\/v2\/product\/33346\/revisions\/33347"}],"wp:featuredmedia":[{"embeddable":true,"href":"https:\/\/prochaska.eu\/ro\/wp-json\/wp\/v2\/media\/33331"}],"wp:attachment":[{"href":"https:\/\/prochaska.eu\/ro\/wp-json\/wp\/v2\/media?parent=33346"}],"wp:term":[{"taxonomy":"pwb-brand","embeddable":true,"href":"https:\/\/prochaska.eu\/ro\/wp-json\/wp\/v2\/pwb-brand?post=33346"},{"taxonomy":"product_brand","embeddable":true,"href":"https:\/\/prochaska.eu\/ro\/wp-json\/wp\/v2\/product_brand?post=33346"},{"taxonomy":"product_cat","embeddable":true,"href":"https:\/\/prochaska.eu\/ro\/wp-json\/wp\/v2\/product_cat?post=33346"},{"taxonomy":"product_tag","embeddable":true,"href":"https:\/\/prochaska.eu\/ro\/wp-json\/wp\/v2\/product_tag?post=33346"}],"curies":[{"name":"wp","href":"https:\/\/api.w.org\/{rel}","templated":true}]}}