{"id":33383,"date":"2026-03-16T15:43:45","date_gmt":"2026-03-16T15:43:45","guid":{"rendered":"https:\/\/prochaska.eu\/produkt\/roborock-rockmow-s108\/"},"modified":"2026-03-16T15:45:33","modified_gmt":"2026-03-16T15:45:33","slug":"roborock-rockmow-s108","status":"publish","type":"product","link":"https:\/\/prochaska.eu\/ro\/produs\/roborock-rockmow-s108\/","title":{"rendered":"Roborock RockMow S108"},"content":{"rendered":"<h3 data-section-id=\"1dq0ud9\" data-start=\"590\" data-end=\"637\"><strong data-start=\"594\" data-end=\"637\">RockMow S108 &#8211; Cositoare robotizat\u0103 inteligent\u0103<\/strong><\/h3>\n<p data-start=\"639\" data-end=\"1123\"><strong data-start=\"643\" data-end=\"659\">RockMow S108<\/strong> este o ma\u0219in\u0103 de tuns iarba robotizat\u0103 modern\u0103, autopropulsat\u0103, care v\u0103 \u00eentre\u021bine automat gr\u0103dina &#8211; precis, eficient \u0219i extrem de silen\u021bios. Datorit\u0103 <strong data-start=\"792\" data-end=\"820\">cartografierii sus\u021binute de AI<\/strong>, a vederii stereo \u0219i a percep\u021biei mediului Sentisphere, robotul navigheaz\u0103 fiabil, st\u0103p\u00e2ne\u0219te pante de p\u00e2n\u0103 la <strong data-start=\"932\" data-end=\"940\">45%<\/strong> \u0219i obstacole de p\u00e2n\u0103 la 4 cm. <strong data-start=\"971\" data-end=\"993\">Platforma de t\u0103iere plutitoare<\/strong> cu <strong data-start=\"998\" data-end=\"1051\">reglare electronic\u0103 a \u00een\u0103l\u021bimii de t\u0103iere (20-60 mm)<\/strong> asigur\u0103 o t\u0103iere uniform\u0103 a gazonului, chiar \u0219i aproape de margini.  <\/p>\n<p data-start=\"1125\" data-end=\"1436\"><strong data-start=\"1129\" data-end=\"1146\">Aplica\u021bia de control<\/strong> permite ore flexibile de cosire, gestionarea mai multor zone (p\u00e2n\u0103 la 10 zone) \u0219i modele de cosire personalizate. <strong data-start=\"1258\" data-end=\"1282\">Modul antifurt<\/strong> op\u021bional, modulul PreciEdge \u0219i indicatorul LED de lumin\u0103 inelar\u0103 sporesc siguran\u021ba \u0219i u\u0219urin\u021ba \u00een utilizare. Ideal\u0103 pentru gr\u0103dini de p\u00e2n\u0103 la <strong data-start=\"1387\" data-end=\"1397\">800 m\u00b2<\/strong> care sunt u\u0219or de \u00eentre\u021binut.  <\/p>\n<h3 data-section-id=\"1ptxicl\" data-start=\"1443\" data-end=\"1461\"><strong data-start=\"1447\" data-end=\"1461\">Repere<\/strong><\/h3>\n<ul>\n<li data-start=\"1465\" data-end=\"1538\">Cartografiere inteligent\u0103 bazat\u0103 pe inteligen\u021b\u0103 artificial\u0103 \u0219i percep\u021bia mediului sentisferic<\/li>\n<li data-start=\"1541\" data-end=\"1600\">Control prin aplica\u021bie pentru ore flexibile de cosit, zone \u0219i modele de cosit<\/li>\n<li data-start=\"1603\" data-end=\"1649\">Reglarea electronic\u0103 a \u00een\u0103l\u021bimii de t\u0103iere 20-60 mm<\/li>\n<li data-start=\"1652\" data-end=\"1700\">Suprafa\u021b\u0103 acoperit\u0103 de p\u00e2n\u0103 la 800 m\u00b2, gradient max. 45 % <\/li>\n<li data-start=\"1703\" data-end=\"1758\">Kit standard de cosire a marginilor pentru t\u0103ierea aproape de margine p\u00e2n\u0103 la 3 cm<\/li>\n<\/ul>\n<table>\n<thead>\n<tr>\n<th>Caracteristic\u0103<\/th>\n<th>Specifica\u021bie<\/th>\n<\/tr>\n<\/thead>\n<tbody>\n<tr>\n<td>Suprafa\u021ba de ie\u0219ire<\/td>\n<td>800 m\u00b2<\/td>\n<\/tr>\n<tr>\n<td>L\u0103\u021bime de t\u0103iere<\/td>\n<td>22 cm<\/td>\n<\/tr>\n<tr>\n<td>\u00cen\u0103l\u021bimea de t\u0103iere<\/td>\n<td>20-60 mm (reglabil\u0103 electronic)<\/td>\n<\/tr>\n<tr>\n<td>Capacitatea bateriei<\/td>\n<td>4,6 Ah<\/td>\n<\/tr>\n<tr>\n<td>Timp de cosire per \u00eenc\u0103rc\u0103tur\u0103<\/td>\n<td>130 min<\/td>\n<\/tr>\n<tr>\n<td>Timp de \u00eenc\u0103rcare<\/td>\n<td>75 min<\/td>\n<\/tr>\n<tr>\n<td>Max. Gradient<\/td>\n<td>45 %<\/td>\n<\/tr>\n<tr>\n<td>Dep\u0103\u0219irea obstacolelor<\/td>\n<td>p\u00e2n\u0103 la 4 cm<\/td>\n<\/tr>\n<tr>\n<td>Trac\u021biune<\/td>\n<td>Trac\u021biune spate<\/td>\n<\/tr>\n<tr>\n<td>Zone de cosit<\/td>\n<td>p\u00e2n\u0103 la 10 zone<\/td>\n<\/tr>\n<tr>\n<td>Lame<\/td>\n<td>3 buc\u0103\u021bi, motor cu cuplu mare, cu ap\u0103r\u0103toare de lam\u0103<\/td>\n<\/tr>\n<tr>\n<td>Naviga\u021bie<\/td>\n<td>RTK + VSLAM + AI camer\u0103 dubl\u0103<\/td>\n<\/tr>\n<tr>\n<td>Nivel sonor<\/td>\n<td>58 dB(A)<\/td>\n<\/tr>\n<tr>\n<td>Clasa de protec\u021bie<\/td>\n<td>IPX6 (rezistent la ap\u0103)<\/td>\n<\/tr>\n<tr>\n<td>Dimensiuni<\/td>\n<td>625 \u00d7 420 \u00d7 270 mm<\/td>\n<\/tr>\n<tr>\n<td>Greutate<\/td>\n<td>13,4 kg<\/td>\n<\/tr>\n<tr>\n<td>Accesorii op\u021bionale<\/td>\n<td>Garage S, 12 lame, modul 4G \u0219i antifurt, cablu prelungitor RTK, kit de montare RTK pe perete, 2 ro\u021bi pentru teren accidentat, modul PreciEdge, lumin\u0103 inelar\u0103 cu LED, kit de cosit margini<\/td>\n<\/tr>\n<\/tbody>\n<\/table>\n","protected":false},"excerpt":{"rendered":"<p data-start=\"311\" data-end=\"583\"><strong data-start=\"315\" data-end=\"331\">RockMow S108<\/strong> v\u0103 tunde gr\u0103dina \u00een mod automat \u0219i precis, se adapteaz\u0103 la orice teren \u0219i recunoa\u0219te \u00een mod fiabil obstacolele. Cu ajutorul aplica\u021biei de control, a func\u021biei de t\u0103iere pe margini apropiate \u0219i a zonelor de cosit programabile individual, \u00eengrijirea gazonului de p\u00e2n\u0103 la 800 m\u00b2 se face f\u0103r\u0103 efort \u0219i eficient. <\/p>\n","protected":false},"featured_media":33359,"template":"","meta":[],"pwb-brand":[3353],"product_brand":[],"product_cat":[1396,3064],"product_tag":[3352,3348,3346,3345,3351,3350,3373,3343,3369,3372,3370,3374,3347,3371],"class_list":{"0":"post-33383","1":"product","2":"type-product","3":"status-publish","4":"has-post-thumbnail","6":"pwb-brand-roborock","7":"product_cat-robot-pentru-gazon","8":"product_cat-roboti-de-tuns-iarba-fara-fir","9":"product_tag-adaptarea-terenului","10":"product_tag-autopropulsat","11":"product_tag-controlat-de-aplicatie","12":"product_tag-cositoare-de-gazon-robotizata-cu-inteligenta-artificiala","13":"product_tag-evitarea-obstacolelor","14":"product_tag-ipx6-rezistent-la-apa","15":"product_tag-preciedge","16":"product_tag-robot-inteligent-pentru-gazon","17":"product_tag-rockmow","18":"product_tag-s115","19":"product_tag-suprafata-acoperita-800-m","20":"product_tag-suprafata-de-iesire-1500-m","21":"product_tag-taierea-marginilor","22":"product_tag-zone-multiple","24":"first","25":"instock","26":"taxable","27":"shipping-taxable","28":"purchasable","29":"product-type-simple"},"yoast_head":"<!-- This site is optimized with the Yoast SEO plugin v27.2 - https:\/\/yoast.com\/product\/yoast-seo-wordpress\/ -->\n<title>Roborock RockMow S108 - Prochaska<\/title>\n<meta name=\"description\" content=\"RockMow S108 este o ma\u0219in\u0103 de tuns gazon robotizat\u0103 inteligent\u0103, cu AI pentru gr\u0103dini de p\u00e2n\u0103 la 800 m\u00b2. Cu control prin aplica\u021bie, func\u021bie de t\u0103iere aproape de margine, planificare multi-zon\u0103 \u0219i adaptare adaptiv\u0103 la teren, aceasta \u00eentre\u021bine gazonul \u00een mod automat, precis \u0219i silen\u021bios.\" \/>\n<meta name=\"robots\" content=\"index, follow, max-snippet:-1, max-image-preview:large, max-video-preview:-1\" \/>\n<link rel=\"canonical\" href=\"https:\/\/prochaska.eu\/ro\/produs\/roborock-rockmow-s108\/\" \/>\n<meta property=\"og:locale\" content=\"ro_RO\" \/>\n<meta property=\"og:type\" content=\"article\" \/>\n<meta property=\"og:title\" content=\"Roborock RockMow S108 - Prochaska\" \/>\n<meta property=\"og:description\" content=\"RockMow S108 este o ma\u0219in\u0103 de tuns gazon robotizat\u0103 inteligent\u0103, cu AI pentru gr\u0103dini de p\u00e2n\u0103 la 800 m\u00b2. Cu control prin aplica\u021bie, func\u021bie de t\u0103iere aproape de margine, planificare multi-zon\u0103 \u0219i adaptare adaptiv\u0103 la teren, aceasta \u00eentre\u021bine gazonul \u00een mod automat, precis \u0219i silen\u021bios.\" \/>\n<meta property=\"og:url\" content=\"https:\/\/prochaska.eu\/ro\/produs\/roborock-rockmow-s108\/\" \/>\n<meta property=\"og:site_name\" content=\"Prochaska\" \/>\n<meta property=\"article:publisher\" content=\"https:\/\/www.facebook.com\/prochaska.eu\/\" \/>\n<meta property=\"article:modified_time\" content=\"2026-03-16T15:45:33+00:00\" \/>\n<meta property=\"og:image\" content=\"https:\/\/prochaska.eu\/wp-content\/uploads\/2026\/03\/Freisteller-hauptfoto-1-scaled.webp\" \/>\n\t<meta property=\"og:image:width\" content=\"2560\" \/>\n\t<meta property=\"og:image:height\" content=\"2560\" \/>\n\t<meta property=\"og:image:type\" content=\"image\/webp\" \/>\n<meta name=\"twitter:card\" content=\"summary_large_image\" \/>\n<meta name=\"twitter:label1\" content=\"Timp estimat pentru citire\" \/>\n\t<meta name=\"twitter:data1\" content=\"2 minute\" \/>\n<script type=\"application\/ld+json\" class=\"yoast-schema-graph\">{\"@context\":\"https:\/\/schema.org\",\"@graph\":[{\"@type\":\"WebPage\",\"@id\":\"https:\/\/prochaska.eu\/ro\/produs\/roborock-rockmow-s108\/\",\"url\":\"https:\/\/prochaska.eu\/ro\/produs\/roborock-rockmow-s108\/\",\"name\":\"Roborock RockMow S108 - Prochaska\",\"isPartOf\":{\"@id\":\"https:\/\/prochaska.eu\/ro\/#website\"},\"primaryImageOfPage\":{\"@id\":\"https:\/\/prochaska.eu\/ro\/produs\/roborock-rockmow-s108\/#primaryimage\"},\"image\":{\"@id\":\"https:\/\/prochaska.eu\/ro\/produs\/roborock-rockmow-s108\/#primaryimage\"},\"thumbnailUrl\":\"https:\/\/prochaska.eu\/wp-content\/uploads\/2026\/03\/Freisteller-hauptfoto-1-scaled.webp\",\"datePublished\":\"2026-03-16T15:43:45+00:00\",\"dateModified\":\"2026-03-16T15:45:33+00:00\",\"description\":\"RockMow S108 este o ma\u0219in\u0103 de tuns gazon robotizat\u0103 inteligent\u0103, cu AI pentru gr\u0103dini de p\u00e2n\u0103 la 800 m\u00b2. Cu control prin aplica\u021bie, func\u021bie de t\u0103iere aproape de margine, planificare multi-zon\u0103 \u0219i adaptare adaptiv\u0103 la teren, aceasta \u00eentre\u021bine gazonul \u00een mod automat, precis \u0219i silen\u021bios.\",\"breadcrumb\":{\"@id\":\"https:\/\/prochaska.eu\/ro\/produs\/roborock-rockmow-s108\/#breadcrumb\"},\"inLanguage\":\"ro-RO\",\"potentialAction\":[{\"@type\":\"ReadAction\",\"target\":[\"https:\/\/prochaska.eu\/ro\/produs\/roborock-rockmow-s108\/\"]}]},{\"@type\":\"ImageObject\",\"inLanguage\":\"ro-RO\",\"@id\":\"https:\/\/prochaska.eu\/ro\/produs\/roborock-rockmow-s108\/#primaryimage\",\"url\":\"https:\/\/prochaska.eu\/wp-content\/uploads\/2026\/03\/Freisteller-hauptfoto-1-scaled.webp\",\"contentUrl\":\"https:\/\/prochaska.eu\/wp-content\/uploads\/2026\/03\/Freisteller-hauptfoto-1-scaled.webp\",\"width\":2560,\"height\":2560,\"caption\":\"Roborock Seria S\"},{\"@type\":\"BreadcrumbList\",\"@id\":\"https:\/\/prochaska.eu\/ro\/produs\/roborock-rockmow-s108\/#breadcrumb\",\"itemListElement\":[{\"@type\":\"ListItem\",\"position\":1,\"name\":\"Home\",\"item\":\"https:\/\/prochaska.eu\/ro\/\"},{\"@type\":\"ListItem\",\"position\":2,\"name\":\"Shop\",\"item\":\"https:\/\/prochaska.eu\/ro\/shop\/\"},{\"@type\":\"ListItem\",\"position\":3,\"name\":\"Roborock RockMow S108\"}]},{\"@type\":\"WebSite\",\"@id\":\"https:\/\/prochaska.eu\/ro\/#website\",\"url\":\"https:\/\/prochaska.eu\/ro\/\",\"name\":\"Prochaska\",\"description\":\"Spezialist f\u00fcr Pflege von Gr\u00fcnfl\u00e4chen\",\"publisher\":{\"@id\":\"https:\/\/prochaska.eu\/ro\/#organization\"},\"potentialAction\":[{\"@type\":\"SearchAction\",\"target\":{\"@type\":\"EntryPoint\",\"urlTemplate\":\"https:\/\/prochaska.eu\/ro\/?s={search_term_string}\"},\"query-input\":{\"@type\":\"PropertyValueSpecification\",\"valueRequired\":true,\"valueName\":\"search_term_string\"}}],\"inLanguage\":\"ro-RO\"},{\"@type\":\"Organization\",\"@id\":\"https:\/\/prochaska.eu\/ro\/#organization\",\"name\":\"Prochaska\",\"url\":\"https:\/\/prochaska.eu\/ro\/\",\"logo\":{\"@type\":\"ImageObject\",\"inLanguage\":\"ro-RO\",\"@id\":\"https:\/\/prochaska.eu\/ro\/#\/schema\/logo\/image\/\",\"url\":\"https:\/\/prochaska.eu\/wp-content\/uploads\/2024\/04\/Prochaska_Logo_Black-1.png\",\"contentUrl\":\"https:\/\/prochaska.eu\/wp-content\/uploads\/2024\/04\/Prochaska_Logo_Black-1.png\",\"width\":796,\"height\":236,\"caption\":\"Prochaska\"},\"image\":{\"@id\":\"https:\/\/prochaska.eu\/ro\/#\/schema\/logo\/image\/\"},\"sameAs\":[\"https:\/\/www.facebook.com\/prochaska.eu\/\",\"https:\/\/www.instagram.com\/prochaska.eu\/\",\"https:\/\/www.linkedin.com\/company\/prochaska-handels-gmbh\"]}]}<\/script>\n<!-- \/ Yoast SEO plugin. -->","yoast_head_json":{"title":"Roborock RockMow S108 - Prochaska","description":"RockMow S108 este o ma\u0219in\u0103 de tuns gazon robotizat\u0103 inteligent\u0103, cu AI pentru gr\u0103dini de p\u00e2n\u0103 la 800 m\u00b2. Cu control prin aplica\u021bie, func\u021bie de t\u0103iere aproape de margine, planificare multi-zon\u0103 \u0219i adaptare adaptiv\u0103 la teren, aceasta \u00eentre\u021bine gazonul \u00een mod automat, precis \u0219i silen\u021bios.","robots":{"index":"index","follow":"follow","max-snippet":"max-snippet:-1","max-image-preview":"max-image-preview:large","max-video-preview":"max-video-preview:-1"},"canonical":"https:\/\/prochaska.eu\/ro\/produs\/roborock-rockmow-s108\/","og_locale":"ro_RO","og_type":"article","og_title":"Roborock RockMow S108 - Prochaska","og_description":"RockMow S108 este o ma\u0219in\u0103 de tuns gazon robotizat\u0103 inteligent\u0103, cu AI pentru gr\u0103dini de p\u00e2n\u0103 la 800 m\u00b2. Cu control prin aplica\u021bie, func\u021bie de t\u0103iere aproape de margine, planificare multi-zon\u0103 \u0219i adaptare adaptiv\u0103 la teren, aceasta \u00eentre\u021bine gazonul \u00een mod automat, precis \u0219i silen\u021bios.","og_url":"https:\/\/prochaska.eu\/ro\/produs\/roborock-rockmow-s108\/","og_site_name":"Prochaska","article_publisher":"https:\/\/www.facebook.com\/prochaska.eu\/","article_modified_time":"2026-03-16T15:45:33+00:00","og_image":[{"width":2560,"height":2560,"url":"https:\/\/prochaska.eu\/wp-content\/uploads\/2026\/03\/Freisteller-hauptfoto-1-scaled.webp","type":"image\/webp"}],"twitter_card":"summary_large_image","twitter_misc":{"Timp estimat pentru citire":"2 minute"},"schema":{"@context":"https:\/\/schema.org","@graph":[{"@type":"WebPage","@id":"https:\/\/prochaska.eu\/ro\/produs\/roborock-rockmow-s108\/","url":"https:\/\/prochaska.eu\/ro\/produs\/roborock-rockmow-s108\/","name":"Roborock RockMow S108 - Prochaska","isPartOf":{"@id":"https:\/\/prochaska.eu\/ro\/#website"},"primaryImageOfPage":{"@id":"https:\/\/prochaska.eu\/ro\/produs\/roborock-rockmow-s108\/#primaryimage"},"image":{"@id":"https:\/\/prochaska.eu\/ro\/produs\/roborock-rockmow-s108\/#primaryimage"},"thumbnailUrl":"https:\/\/prochaska.eu\/wp-content\/uploads\/2026\/03\/Freisteller-hauptfoto-1-scaled.webp","datePublished":"2026-03-16T15:43:45+00:00","dateModified":"2026-03-16T15:45:33+00:00","description":"RockMow S108 este o ma\u0219in\u0103 de tuns gazon robotizat\u0103 inteligent\u0103, cu AI pentru gr\u0103dini de p\u00e2n\u0103 la 800 m\u00b2. Cu control prin aplica\u021bie, func\u021bie de t\u0103iere aproape de margine, planificare multi-zon\u0103 \u0219i adaptare adaptiv\u0103 la teren, aceasta \u00eentre\u021bine gazonul \u00een mod automat, precis \u0219i silen\u021bios.","breadcrumb":{"@id":"https:\/\/prochaska.eu\/ro\/produs\/roborock-rockmow-s108\/#breadcrumb"},"inLanguage":"ro-RO","potentialAction":[{"@type":"ReadAction","target":["https:\/\/prochaska.eu\/ro\/produs\/roborock-rockmow-s108\/"]}]},{"@type":"ImageObject","inLanguage":"ro-RO","@id":"https:\/\/prochaska.eu\/ro\/produs\/roborock-rockmow-s108\/#primaryimage","url":"https:\/\/prochaska.eu\/wp-content\/uploads\/2026\/03\/Freisteller-hauptfoto-1-scaled.webp","contentUrl":"https:\/\/prochaska.eu\/wp-content\/uploads\/2026\/03\/Freisteller-hauptfoto-1-scaled.webp","width":2560,"height":2560,"caption":"Roborock Seria S"},{"@type":"BreadcrumbList","@id":"https:\/\/prochaska.eu\/ro\/produs\/roborock-rockmow-s108\/#breadcrumb","itemListElement":[{"@type":"ListItem","position":1,"name":"Home","item":"https:\/\/prochaska.eu\/ro\/"},{"@type":"ListItem","position":2,"name":"Shop","item":"https:\/\/prochaska.eu\/ro\/shop\/"},{"@type":"ListItem","position":3,"name":"Roborock RockMow S108"}]},{"@type":"WebSite","@id":"https:\/\/prochaska.eu\/ro\/#website","url":"https:\/\/prochaska.eu\/ro\/","name":"Prochaska","description":"Spezialist f\u00fcr Pflege von Gr\u00fcnfl\u00e4chen","publisher":{"@id":"https:\/\/prochaska.eu\/ro\/#organization"},"potentialAction":[{"@type":"SearchAction","target":{"@type":"EntryPoint","urlTemplate":"https:\/\/prochaska.eu\/ro\/?s={search_term_string}"},"query-input":{"@type":"PropertyValueSpecification","valueRequired":true,"valueName":"search_term_string"}}],"inLanguage":"ro-RO"},{"@type":"Organization","@id":"https:\/\/prochaska.eu\/ro\/#organization","name":"Prochaska","url":"https:\/\/prochaska.eu\/ro\/","logo":{"@type":"ImageObject","inLanguage":"ro-RO","@id":"https:\/\/prochaska.eu\/ro\/#\/schema\/logo\/image\/","url":"https:\/\/prochaska.eu\/wp-content\/uploads\/2024\/04\/Prochaska_Logo_Black-1.png","contentUrl":"https:\/\/prochaska.eu\/wp-content\/uploads\/2024\/04\/Prochaska_Logo_Black-1.png","width":796,"height":236,"caption":"Prochaska"},"image":{"@id":"https:\/\/prochaska.eu\/ro\/#\/schema\/logo\/image\/"},"sameAs":["https:\/\/www.facebook.com\/prochaska.eu\/","https:\/\/www.instagram.com\/prochaska.eu\/","https:\/\/www.linkedin.com\/company\/prochaska-handels-gmbh"]}]}},"brands":[{"id":3353,"name":"Roborock","slug":"roborock"}],"_links":{"self":[{"href":"https:\/\/prochaska.eu\/ro\/wp-json\/wp\/v2\/product\/33383","targetHints":{"allow":["GET"]}}],"collection":[{"href":"https:\/\/prochaska.eu\/ro\/wp-json\/wp\/v2\/product"}],"about":[{"href":"https:\/\/prochaska.eu\/ro\/wp-json\/wp\/v2\/types\/product"}],"version-history":[{"count":1,"href":"https:\/\/prochaska.eu\/ro\/wp-json\/wp\/v2\/product\/33383\/revisions"}],"predecessor-version":[{"id":33384,"href":"https:\/\/prochaska.eu\/ro\/wp-json\/wp\/v2\/product\/33383\/revisions\/33384"}],"wp:featuredmedia":[{"embeddable":true,"href":"https:\/\/prochaska.eu\/ro\/wp-json\/wp\/v2\/media\/33359"}],"wp:attachment":[{"href":"https:\/\/prochaska.eu\/ro\/wp-json\/wp\/v2\/media?parent=33383"}],"wp:term":[{"taxonomy":"pwb-brand","embeddable":true,"href":"https:\/\/prochaska.eu\/ro\/wp-json\/wp\/v2\/pwb-brand?post=33383"},{"taxonomy":"product_brand","embeddable":true,"href":"https:\/\/prochaska.eu\/ro\/wp-json\/wp\/v2\/product_brand?post=33383"},{"taxonomy":"product_cat","embeddable":true,"href":"https:\/\/prochaska.eu\/ro\/wp-json\/wp\/v2\/product_cat?post=33383"},{"taxonomy":"product_tag","embeddable":true,"href":"https:\/\/prochaska.eu\/ro\/wp-json\/wp\/v2\/product_tag?post=33383"}],"curies":[{"name":"wp","href":"https:\/\/api.w.org\/{rel}","templated":true}]}}