{"id":33387,"date":"2026-03-16T15:26:41","date_gmt":"2026-03-16T15:26:41","guid":{"rendered":"https:\/\/prochaska.eu\/produkt\/roborock-rockmow-s115\/"},"modified":"2026-03-16T15:26:41","modified_gmt":"2026-03-16T15:26:41","slug":"roborock-rockmow-s115","status":"publish","type":"product","link":"https:\/\/prochaska.eu\/ro\/produs\/roborock-rockmow-s115\/","title":{"rendered":"Roborock RockMow S115"},"content":{"rendered":"<h3 data-section-id=\"12gxrip\" data-start=\"447\" data-end=\"494\"><strong data-start=\"451\" data-end=\"494\">RockMow S115 &#8211; Robot inteligent de tuns iarba<\/strong><\/h3>\n<p data-start=\"496\" data-end=\"1024\"><strong data-start=\"500\" data-end=\"516\">RockMow S115<\/strong> este o ma\u0219in\u0103 de tuns iarba robotizat\u0103 modern\u0103, autopropulsat\u0103, care v\u0103 \u00eentre\u021bine automat gr\u0103dina &#8211; precis, eficient \u0219i extrem de silen\u021bios. Cu <strong data-start=\"648\" data-end=\"676\">ajutorul cartografierii sus\u021binute de AI<\/strong>, a vederii stereo \u0219i a percep\u021biei mediului Sentisphere, robotul navigheaz\u0103 fiabil, st\u0103p\u00e2ne\u0219te pante de p\u00e2n\u0103 la <strong data-start=\"788\" data-end=\"796\">45%<\/strong> \u0219i obstacole de p\u00e2n\u0103 la 4 cm. <strong data-start=\"827\" data-end=\"849\">Platforma de cosit plutitoare<\/strong> cu <strong data-start=\"854\" data-end=\"907\">reglare electronic\u0103 a \u00een\u0103l\u021bimii de t\u0103iere (20-60 mm)<\/strong> \u0219i <strong data-start=\"916\" data-end=\"952\">lama lateral\u0103 suplimentar\u0103 PreciEdge<\/strong> permit cosirea cu margini apropiate \u0219i un gazon \u00eengrijit uniform.  <\/p>\n<p data-start=\"1026\" data-end=\"1325\"><strong data-start=\"1030\" data-end=\"1047\">Controlul aplica\u021biei<\/strong> permite ore flexibile de cosit, gestionarea a p\u00e2n\u0103 la 10 zone de cosit \u0219i modele de cosit programabile individual. <strong data-start=\"1164\" data-end=\"1188\">Modulul<\/strong> op\u021bional <strong data-start=\"1164\" data-end=\"1188\">de protec\u021bie \u00eempotriva furtului<\/strong>, Garage S \u0219i accesoriile RTK sporesc siguran\u021ba \u0219i u\u0219urin\u021ba de utilizare. Ideal pentru gr\u0103dini de p\u00e2n\u0103 la <strong data-start=\"1274\" data-end=\"1286\">1.500 m\u00b2<\/strong> care necesit\u0103 \u00eentre\u021binere f\u0103r\u0103 efort.  <\/p>\n<h3 data-section-id=\"1ptxicl\" data-start=\"1443\" data-end=\"1461\"><strong data-start=\"1447\" data-end=\"1461\">Repere<\/strong><\/h3>\n<ul>\n<li data-start=\"1354\" data-end=\"1405\">Naviga\u021bie asistat\u0103 de AI \u0219i cartografiere inteligent\u0103<\/li>\n<li data-start=\"1408\" data-end=\"1467\">Control prin aplica\u021bie pentru ore flexibile de cosit, zone \u0219i modele de cosit<\/li>\n<li data-start=\"1470\" data-end=\"1516\">Reglarea electronic\u0103 a \u00een\u0103l\u021bimii de t\u0103iere 20-60 mm<\/li>\n<li data-start=\"1519\" data-end=\"1569\">Suprafa\u021b\u0103 acoperit\u0103 de p\u00e2n\u0103 la 1.500 m\u00b2, gradient max. 45 % <\/li>\n<li data-start=\"1572\" data-end=\"1618\">Modul PreciEdge pentru cosirea marginilor apropiate de p\u00e2n\u0103 la 3 cm<\/li>\n<li data-start=\"1621\" data-end=\"1652\">Pot fi gestionate p\u00e2n\u0103 la 10 zone de cosit<\/li>\n<\/ul>\n<table>\n<thead>\n<tr>\n<th>Caracteristic\u0103<\/th>\n<th>Specifica\u021bie<\/th>\n<\/tr>\n<\/thead>\n<tbody>\n<tr>\n<td>Suprafa\u021ba de ie\u0219ire<\/td>\n<td>1.500 m\u00b2<\/td>\n<\/tr>\n<tr>\n<td>L\u0103\u021bime de t\u0103iere<\/td>\n<td>22 cm<\/td>\n<\/tr>\n<tr>\n<td>\u00cen\u0103l\u021bimea de t\u0103iere<\/td>\n<td>20-60 mm (reglabil\u0103 electronic)<\/td>\n<\/tr>\n<tr>\n<td>Capacitatea bateriei<\/td>\n<td>6 Ah<\/td>\n<\/tr>\n<tr>\n<td>Timp de cosire per \u00eenc\u0103rc\u0103tur\u0103<\/td>\n<td>1350 min<\/td>\n<\/tr>\n<tr>\n<td>Timp de \u00eenc\u0103rcare<\/td>\n<td>65 min<\/td>\n<\/tr>\n<tr>\n<td>Max. Gradient<\/td>\n<td>45 %<\/td>\n<\/tr>\n<tr>\n<td>Dep\u0103\u0219irea obstacolelor<\/td>\n<td>p\u00e2n\u0103 la 4 cm<\/td>\n<\/tr>\n<tr>\n<td>Trac\u021biune<\/td>\n<td>Trac\u021biune spate<\/td>\n<\/tr>\n<tr>\n<td>Zone de cosit<\/td>\n<td>p\u00e2n\u0103 la 10 zone<\/td>\n<\/tr>\n<tr>\n<td>Lame<\/td>\n<td>3 buc\u0103\u021bi, motor cu cuplu mare, cu ap\u0103r\u0103toare de lam\u0103<\/td>\n<\/tr>\n<tr>\n<td>Naviga\u021bie<\/td>\n<td>RTK + VSLAM + AI camer\u0103 dubl\u0103<\/td>\n<\/tr>\n<tr>\n<td>Nivel sonor<\/td>\n<td>58 dB(A)<\/td>\n<\/tr>\n<tr>\n<td>Clasa de protec\u021bie<\/td>\n<td>IPX6 (rezistent la ap\u0103)<\/td>\n<\/tr>\n<tr>\n<td>Dimensiuni<\/td>\n<td>625 \u00d7 420 \u00d7 270 mm<\/td>\n<\/tr>\n<tr>\n<td>Greutate<\/td>\n<td>13,4 kg<\/td>\n<\/tr>\n<tr>\n<td>Accesorii op\u021bionale<\/td>\n<td>Garage S, 12 lame, modul 4G \u0219i antifurt, cablu prelungitor RTK, cablu prelungitor pentru baterie, kit de montare pe perete RTK, adaptor, 2 ro\u021bi pentru teren accidentat<\/td>\n<\/tr>\n<\/tbody>\n<\/table>\n","protected":false},"excerpt":{"rendered":"<p data-start=\"311\" data-end=\"583\"><strong data-start=\"192\" data-end=\"208\">RockMow S115<\/strong> cose\u0219te automat \u0219i precis, se adapteaz\u0103 la orice teren \u0219i recunoa\u0219te obstacolele \u00een mod fiabil. Cu ajutorul aplica\u021biei de control, a func\u021biei de cosire a marginilor PreciEdge \u0219i a planific\u0103rii pe mai multe zone, \u00eentre\u021binerea gr\u0103dinii dvs. de p\u00e2n\u0103 la 1.500 m\u00b2 se face f\u0103r\u0103 efort \u0219i eficient. <\/p>\n","protected":false},"featured_media":33359,"template":"","meta":[],"pwb-brand":[3353],"product_brand":[],"product_cat":[1396,3064],"product_tag":[3352,3348,3346,3345,3351,3350,3373,3343,3369,3372,3374,3347,3371],"class_list":{"0":"post-33387","1":"product","2":"type-product","3":"status-publish","4":"has-post-thumbnail","6":"pwb-brand-roborock","7":"product_cat-robot-pentru-gazon","8":"product_cat-roboti-de-tuns-iarba-fara-fir","9":"product_tag-adaptarea-terenului","10":"product_tag-autopropulsat","11":"product_tag-controlat-de-aplicatie","12":"product_tag-cositoare-de-gazon-robotizata-cu-inteligenta-artificiala","13":"product_tag-evitarea-obstacolelor","14":"product_tag-ipx6-rezistent-la-apa","15":"product_tag-preciedge","16":"product_tag-robot-inteligent-pentru-gazon","17":"product_tag-rockmow","18":"product_tag-s115","19":"product_tag-suprafata-de-iesire-1500-m","20":"product_tag-taierea-marginilor","21":"product_tag-zone-multiple","23":"first","24":"instock","25":"taxable","26":"shipping-taxable","27":"purchasable","28":"product-type-simple"},"yoast_head":"<!-- This site is optimized with the Yoast SEO plugin v27.2 - https:\/\/yoast.com\/product\/yoast-seo-wordpress\/ -->\n<title>Roborock RockMow S115 - Prochaska<\/title>\n<meta name=\"description\" content=\"RockMow S115 este o ma\u0219in\u0103 de tuns gazon robotizat\u0103 inteligent\u0103, cu AI pentru gr\u0103dini de p\u00e2n\u0103 la 1.500 m\u00b2. Cu control prin aplica\u021bie, func\u021bia de tundere a marginilor PreciEdge, planificarea pe mai multe zone \u0219i adaptarea adaptiv\u0103 la teren, aceasta \u00eentre\u021bine gazonul \u00een mod automat, precis \u0219i silen\u021bios.\" \/>\n<meta name=\"robots\" content=\"index, follow, max-snippet:-1, max-image-preview:large, max-video-preview:-1\" \/>\n<link rel=\"canonical\" href=\"https:\/\/prochaska.eu\/ro\/produs\/roborock-rockmow-s115\/\" \/>\n<meta property=\"og:locale\" content=\"ro_RO\" \/>\n<meta property=\"og:type\" content=\"article\" \/>\n<meta property=\"og:title\" content=\"Roborock RockMow S115 - Prochaska\" \/>\n<meta property=\"og:description\" content=\"RockMow S115 este o ma\u0219in\u0103 de tuns gazon robotizat\u0103 inteligent\u0103, cu AI pentru gr\u0103dini de p\u00e2n\u0103 la 1.500 m\u00b2. Cu control prin aplica\u021bie, func\u021bia de tundere a marginilor PreciEdge, planificarea pe mai multe zone \u0219i adaptarea adaptiv\u0103 la teren, aceasta \u00eentre\u021bine gazonul \u00een mod automat, precis \u0219i silen\u021bios.\" \/>\n<meta property=\"og:url\" content=\"https:\/\/prochaska.eu\/ro\/produs\/roborock-rockmow-s115\/\" \/>\n<meta property=\"og:site_name\" content=\"Prochaska\" \/>\n<meta property=\"article:publisher\" content=\"https:\/\/www.facebook.com\/prochaska.eu\/\" \/>\n<meta property=\"og:image\" content=\"https:\/\/prochaska.eu\/wp-content\/uploads\/2026\/03\/Freisteller-hauptfoto-1-scaled.webp\" \/>\n\t<meta property=\"og:image:width\" content=\"2560\" \/>\n\t<meta property=\"og:image:height\" content=\"2560\" \/>\n\t<meta property=\"og:image:type\" content=\"image\/webp\" \/>\n<meta name=\"twitter:card\" content=\"summary_large_image\" \/>\n<meta name=\"twitter:label1\" content=\"Timp estimat pentru citire\" \/>\n\t<meta name=\"twitter:data1\" content=\"2 minute\" \/>\n<script type=\"application\/ld+json\" class=\"yoast-schema-graph\">{\"@context\":\"https:\/\/schema.org\",\"@graph\":[{\"@type\":\"WebPage\",\"@id\":\"https:\/\/prochaska.eu\/ro\/produs\/roborock-rockmow-s115\/\",\"url\":\"https:\/\/prochaska.eu\/ro\/produs\/roborock-rockmow-s115\/\",\"name\":\"Roborock RockMow S115 - Prochaska\",\"isPartOf\":{\"@id\":\"https:\/\/prochaska.eu\/ro\/#website\"},\"primaryImageOfPage\":{\"@id\":\"https:\/\/prochaska.eu\/ro\/produs\/roborock-rockmow-s115\/#primaryimage\"},\"image\":{\"@id\":\"https:\/\/prochaska.eu\/ro\/produs\/roborock-rockmow-s115\/#primaryimage\"},\"thumbnailUrl\":\"https:\/\/prochaska.eu\/wp-content\/uploads\/2026\/03\/Freisteller-hauptfoto-1-scaled.webp\",\"datePublished\":\"2026-03-16T15:26:41+00:00\",\"description\":\"RockMow S115 este o ma\u0219in\u0103 de tuns gazon robotizat\u0103 inteligent\u0103, cu AI pentru gr\u0103dini de p\u00e2n\u0103 la 1.500 m\u00b2. Cu control prin aplica\u021bie, func\u021bia de tundere a marginilor PreciEdge, planificarea pe mai multe zone \u0219i adaptarea adaptiv\u0103 la teren, aceasta \u00eentre\u021bine gazonul \u00een mod automat, precis \u0219i silen\u021bios.\",\"breadcrumb\":{\"@id\":\"https:\/\/prochaska.eu\/ro\/produs\/roborock-rockmow-s115\/#breadcrumb\"},\"inLanguage\":\"ro-RO\",\"potentialAction\":[{\"@type\":\"ReadAction\",\"target\":[\"https:\/\/prochaska.eu\/ro\/produs\/roborock-rockmow-s115\/\"]}]},{\"@type\":\"ImageObject\",\"inLanguage\":\"ro-RO\",\"@id\":\"https:\/\/prochaska.eu\/ro\/produs\/roborock-rockmow-s115\/#primaryimage\",\"url\":\"https:\/\/prochaska.eu\/wp-content\/uploads\/2026\/03\/Freisteller-hauptfoto-1-scaled.webp\",\"contentUrl\":\"https:\/\/prochaska.eu\/wp-content\/uploads\/2026\/03\/Freisteller-hauptfoto-1-scaled.webp\",\"width\":2560,\"height\":2560,\"caption\":\"Roborock Seria S\"},{\"@type\":\"BreadcrumbList\",\"@id\":\"https:\/\/prochaska.eu\/ro\/produs\/roborock-rockmow-s115\/#breadcrumb\",\"itemListElement\":[{\"@type\":\"ListItem\",\"position\":1,\"name\":\"Home\",\"item\":\"https:\/\/prochaska.eu\/ro\/\"},{\"@type\":\"ListItem\",\"position\":2,\"name\":\"Shop\",\"item\":\"https:\/\/prochaska.eu\/ro\/shop\/\"},{\"@type\":\"ListItem\",\"position\":3,\"name\":\"Roborock RockMow S115\"}]},{\"@type\":\"WebSite\",\"@id\":\"https:\/\/prochaska.eu\/ro\/#website\",\"url\":\"https:\/\/prochaska.eu\/ro\/\",\"name\":\"Prochaska\",\"description\":\"Spezialist f\u00fcr Pflege von Gr\u00fcnfl\u00e4chen\",\"publisher\":{\"@id\":\"https:\/\/prochaska.eu\/ro\/#organization\"},\"potentialAction\":[{\"@type\":\"SearchAction\",\"target\":{\"@type\":\"EntryPoint\",\"urlTemplate\":\"https:\/\/prochaska.eu\/ro\/?s={search_term_string}\"},\"query-input\":{\"@type\":\"PropertyValueSpecification\",\"valueRequired\":true,\"valueName\":\"search_term_string\"}}],\"inLanguage\":\"ro-RO\"},{\"@type\":\"Organization\",\"@id\":\"https:\/\/prochaska.eu\/ro\/#organization\",\"name\":\"Prochaska\",\"url\":\"https:\/\/prochaska.eu\/ro\/\",\"logo\":{\"@type\":\"ImageObject\",\"inLanguage\":\"ro-RO\",\"@id\":\"https:\/\/prochaska.eu\/ro\/#\/schema\/logo\/image\/\",\"url\":\"https:\/\/prochaska.eu\/wp-content\/uploads\/2024\/04\/Prochaska_Logo_Black-1.png\",\"contentUrl\":\"https:\/\/prochaska.eu\/wp-content\/uploads\/2024\/04\/Prochaska_Logo_Black-1.png\",\"width\":796,\"height\":236,\"caption\":\"Prochaska\"},\"image\":{\"@id\":\"https:\/\/prochaska.eu\/ro\/#\/schema\/logo\/image\/\"},\"sameAs\":[\"https:\/\/www.facebook.com\/prochaska.eu\/\",\"https:\/\/www.instagram.com\/prochaska.eu\/\",\"https:\/\/www.linkedin.com\/company\/prochaska-handels-gmbh\"]}]}<\/script>\n<!-- \/ Yoast SEO plugin. -->","yoast_head_json":{"title":"Roborock RockMow S115 - Prochaska","description":"RockMow S115 este o ma\u0219in\u0103 de tuns gazon robotizat\u0103 inteligent\u0103, cu AI pentru gr\u0103dini de p\u00e2n\u0103 la 1.500 m\u00b2. Cu control prin aplica\u021bie, func\u021bia de tundere a marginilor PreciEdge, planificarea pe mai multe zone \u0219i adaptarea adaptiv\u0103 la teren, aceasta \u00eentre\u021bine gazonul \u00een mod automat, precis \u0219i silen\u021bios.","robots":{"index":"index","follow":"follow","max-snippet":"max-snippet:-1","max-image-preview":"max-image-preview:large","max-video-preview":"max-video-preview:-1"},"canonical":"https:\/\/prochaska.eu\/ro\/produs\/roborock-rockmow-s115\/","og_locale":"ro_RO","og_type":"article","og_title":"Roborock RockMow S115 - Prochaska","og_description":"RockMow S115 este o ma\u0219in\u0103 de tuns gazon robotizat\u0103 inteligent\u0103, cu AI pentru gr\u0103dini de p\u00e2n\u0103 la 1.500 m\u00b2. Cu control prin aplica\u021bie, func\u021bia de tundere a marginilor PreciEdge, planificarea pe mai multe zone \u0219i adaptarea adaptiv\u0103 la teren, aceasta \u00eentre\u021bine gazonul \u00een mod automat, precis \u0219i silen\u021bios.","og_url":"https:\/\/prochaska.eu\/ro\/produs\/roborock-rockmow-s115\/","og_site_name":"Prochaska","article_publisher":"https:\/\/www.facebook.com\/prochaska.eu\/","og_image":[{"width":2560,"height":2560,"url":"https:\/\/prochaska.eu\/wp-content\/uploads\/2026\/03\/Freisteller-hauptfoto-1-scaled.webp","type":"image\/webp"}],"twitter_card":"summary_large_image","twitter_misc":{"Timp estimat pentru citire":"2 minute"},"schema":{"@context":"https:\/\/schema.org","@graph":[{"@type":"WebPage","@id":"https:\/\/prochaska.eu\/ro\/produs\/roborock-rockmow-s115\/","url":"https:\/\/prochaska.eu\/ro\/produs\/roborock-rockmow-s115\/","name":"Roborock RockMow S115 - Prochaska","isPartOf":{"@id":"https:\/\/prochaska.eu\/ro\/#website"},"primaryImageOfPage":{"@id":"https:\/\/prochaska.eu\/ro\/produs\/roborock-rockmow-s115\/#primaryimage"},"image":{"@id":"https:\/\/prochaska.eu\/ro\/produs\/roborock-rockmow-s115\/#primaryimage"},"thumbnailUrl":"https:\/\/prochaska.eu\/wp-content\/uploads\/2026\/03\/Freisteller-hauptfoto-1-scaled.webp","datePublished":"2026-03-16T15:26:41+00:00","description":"RockMow S115 este o ma\u0219in\u0103 de tuns gazon robotizat\u0103 inteligent\u0103, cu AI pentru gr\u0103dini de p\u00e2n\u0103 la 1.500 m\u00b2. Cu control prin aplica\u021bie, func\u021bia de tundere a marginilor PreciEdge, planificarea pe mai multe zone \u0219i adaptarea adaptiv\u0103 la teren, aceasta \u00eentre\u021bine gazonul \u00een mod automat, precis \u0219i silen\u021bios.","breadcrumb":{"@id":"https:\/\/prochaska.eu\/ro\/produs\/roborock-rockmow-s115\/#breadcrumb"},"inLanguage":"ro-RO","potentialAction":[{"@type":"ReadAction","target":["https:\/\/prochaska.eu\/ro\/produs\/roborock-rockmow-s115\/"]}]},{"@type":"ImageObject","inLanguage":"ro-RO","@id":"https:\/\/prochaska.eu\/ro\/produs\/roborock-rockmow-s115\/#primaryimage","url":"https:\/\/prochaska.eu\/wp-content\/uploads\/2026\/03\/Freisteller-hauptfoto-1-scaled.webp","contentUrl":"https:\/\/prochaska.eu\/wp-content\/uploads\/2026\/03\/Freisteller-hauptfoto-1-scaled.webp","width":2560,"height":2560,"caption":"Roborock Seria S"},{"@type":"BreadcrumbList","@id":"https:\/\/prochaska.eu\/ro\/produs\/roborock-rockmow-s115\/#breadcrumb","itemListElement":[{"@type":"ListItem","position":1,"name":"Home","item":"https:\/\/prochaska.eu\/ro\/"},{"@type":"ListItem","position":2,"name":"Shop","item":"https:\/\/prochaska.eu\/ro\/shop\/"},{"@type":"ListItem","position":3,"name":"Roborock RockMow S115"}]},{"@type":"WebSite","@id":"https:\/\/prochaska.eu\/ro\/#website","url":"https:\/\/prochaska.eu\/ro\/","name":"Prochaska","description":"Spezialist f\u00fcr Pflege von Gr\u00fcnfl\u00e4chen","publisher":{"@id":"https:\/\/prochaska.eu\/ro\/#organization"},"potentialAction":[{"@type":"SearchAction","target":{"@type":"EntryPoint","urlTemplate":"https:\/\/prochaska.eu\/ro\/?s={search_term_string}"},"query-input":{"@type":"PropertyValueSpecification","valueRequired":true,"valueName":"search_term_string"}}],"inLanguage":"ro-RO"},{"@type":"Organization","@id":"https:\/\/prochaska.eu\/ro\/#organization","name":"Prochaska","url":"https:\/\/prochaska.eu\/ro\/","logo":{"@type":"ImageObject","inLanguage":"ro-RO","@id":"https:\/\/prochaska.eu\/ro\/#\/schema\/logo\/image\/","url":"https:\/\/prochaska.eu\/wp-content\/uploads\/2024\/04\/Prochaska_Logo_Black-1.png","contentUrl":"https:\/\/prochaska.eu\/wp-content\/uploads\/2024\/04\/Prochaska_Logo_Black-1.png","width":796,"height":236,"caption":"Prochaska"},"image":{"@id":"https:\/\/prochaska.eu\/ro\/#\/schema\/logo\/image\/"},"sameAs":["https:\/\/www.facebook.com\/prochaska.eu\/","https:\/\/www.instagram.com\/prochaska.eu\/","https:\/\/www.linkedin.com\/company\/prochaska-handels-gmbh"]}]}},"brands":[{"id":3353,"name":"Roborock","slug":"roborock"}],"_links":{"self":[{"href":"https:\/\/prochaska.eu\/ro\/wp-json\/wp\/v2\/product\/33387","targetHints":{"allow":["GET"]}}],"collection":[{"href":"https:\/\/prochaska.eu\/ro\/wp-json\/wp\/v2\/product"}],"about":[{"href":"https:\/\/prochaska.eu\/ro\/wp-json\/wp\/v2\/types\/product"}],"version-history":[{"count":0,"href":"https:\/\/prochaska.eu\/ro\/wp-json\/wp\/v2\/product\/33387\/revisions"}],"wp:featuredmedia":[{"embeddable":true,"href":"https:\/\/prochaska.eu\/ro\/wp-json\/wp\/v2\/media\/33359"}],"wp:attachment":[{"href":"https:\/\/prochaska.eu\/ro\/wp-json\/wp\/v2\/media?parent=33387"}],"wp:term":[{"taxonomy":"pwb-brand","embeddable":true,"href":"https:\/\/prochaska.eu\/ro\/wp-json\/wp\/v2\/pwb-brand?post=33387"},{"taxonomy":"product_brand","embeddable":true,"href":"https:\/\/prochaska.eu\/ro\/wp-json\/wp\/v2\/product_brand?post=33387"},{"taxonomy":"product_cat","embeddable":true,"href":"https:\/\/prochaska.eu\/ro\/wp-json\/wp\/v2\/product_cat?post=33387"},{"taxonomy":"product_tag","embeddable":true,"href":"https:\/\/prochaska.eu\/ro\/wp-json\/wp\/v2\/product_tag?post=33387"}],"curies":[{"name":"wp","href":"https:\/\/api.w.org\/{rel}","templated":true}]}}