{"id":33389,"date":"2026-03-16T14:58:21","date_gmt":"2026-03-16T14:58:21","guid":{"rendered":"https:\/\/prochaska.eu\/produkt\/roborock-rockneo-q110\/"},"modified":"2026-03-16T14:58:21","modified_gmt":"2026-03-16T14:58:21","slug":"roborock-rockneo-q110","status":"publish","type":"product","link":"https:\/\/prochaska.eu\/ro\/produs\/roborock-rockneo-q110\/","title":{"rendered":"Roborock RockNeo Q110"},"content":{"rendered":"<h3 data-section-id=\"vpzapu\" data-start=\"280\" data-end=\"336\"><strong data-start=\"284\" data-end=\"336\">Roborock RockNeo Q110 &#8211; Robot de cosit inteligent<\/strong><\/h3>\n<p data-start=\"338\" data-end=\"759\"><strong data-start=\"342\" data-end=\"367\">Roborock RockNeo Q110<\/strong> este un robot de tuns iarba modern, autopropulsat, care v\u0103 \u00eentre\u021bine automat gr\u0103dina &#8211; precis, eficient \u0219i silen\u021bios. Cu <strong data-start=\"492\" data-end=\"520\">ajutorul cartografierii sus\u021binute de inteligen\u021b\u0103 artificial\u0103<\/strong> \u0219i a vederii stereo, robotul recunoa\u0219te obstacolele, st\u0103p\u00e2ne\u0219te pasajele \u00eenguste \u0219i se adapteaz\u0103 la orice teren. <strong data-start=\"632\" data-end=\"654\">Platforma de t\u0103iere plutitoare<\/strong> \u0219i <strong data-start=\"663\" data-end=\"691\">\u00een\u0103l\u021bimea de t\u0103iere de 20-60 mm<\/strong> asigur\u0103 o t\u0103iere uniform\u0103 a gazonului, chiar \u0219i aproape de margini.  <\/p>\n<p data-start=\"761\" data-end=\"1176\"><strong data-start=\"765\" data-end=\"782\">Aplica\u021bia de control<\/strong> permite timpi de cosire flexibili, gestionarea a p\u00e2n\u0103 la 10 zone de cosire \u0219i personalizarea u\u0219oar\u0103 a planurilor individuale de gr\u0103din\u0103. RockNeo Q110 tunde pante de p\u00e2n\u0103 la <strong data-start=\"941\" data-end=\"949\">45 %<\/strong>, obstacole de p\u00e2n\u0103 la 4 cm \u0219i este extrem de silen\u021bios la doar <strong data-start=\"1006\" data-end=\"1018\">58 dB(A)<\/strong>. O <strong data-start=\"1031\" data-end=\"1058\">lam\u0103 lateral\u0103 suplimentar\u0103<\/strong> op\u021bional\u0103 reduce \u0219i mai mult efortul manual. Ideal pentru gr\u0103dini de p\u00e2n\u0103 la <strong data-start=\"1125\" data-end=\"1137\">1.000 m\u00b2<\/strong> care necesit\u0103 \u00eentre\u021binere f\u0103r\u0103 efort.   <\/p>\n<h3 data-section-id=\"1ptxicl\" data-start=\"894\" data-end=\"912\"><strong data-start=\"898\" data-end=\"912\">Repere<\/strong><\/h3>\n<ul>\n<li data-start=\"1205\" data-end=\"1256\">Naviga\u021bie asistat\u0103 de AI \u0219i cartografiere inteligent\u0103<\/li>\n<li data-start=\"1259\" data-end=\"1307\">Control prin aplica\u021bie pentru ore \u0219i zone de cosit flexibile<\/li>\n<li data-start=\"1310\" data-end=\"1344\">T\u0103ierea marginilor pentru cosirea aproape de margine<\/li>\n<li data-start=\"1347\" data-end=\"1397\">Suprafa\u021b\u0103 acoperit\u0103 de p\u00e2n\u0103 la 1.000 m\u00b2, gradient max. 45 % <\/li>\n<li data-start=\"1400\" data-end=\"1431\">Pot fi gestionate p\u00e2n\u0103 la 10 zone de cosit<\/li>\n<\/ul>\n<table>\n<thead>\n<tr>\n<th>Caracteristic\u0103<\/th>\n<th>Specifica\u021bie<\/th>\n<\/tr>\n<\/thead>\n<tbody>\n<tr>\n<td>Suprafa\u021ba de ie\u0219ire<\/td>\n<td>1000 m\u00b2<\/td>\n<\/tr>\n<tr>\n<td>L\u0103\u021bime de t\u0103iere<\/td>\n<td>22 cm<\/td>\n<\/tr>\n<tr>\n<td>\u00cen\u0103l\u021bimea de t\u0103iere<\/td>\n<td>20-60 mm (reglabil\u0103 manual)<\/td>\n<\/tr>\n<tr>\n<td>Capacitatea bateriei<\/td>\n<td>4,6 Ah<\/td>\n<\/tr>\n<tr>\n<td>Timp de cosire per \u00eenc\u0103rc\u0103tur\u0103<\/td>\n<td>130 min<\/td>\n<\/tr>\n<tr>\n<td>Timp de \u00eenc\u0103rcare<\/td>\n<td>75 min<\/td>\n<\/tr>\n<tr>\n<td>Max. Gradient<\/td>\n<td>45 %<\/td>\n<\/tr>\n<tr>\n<td>Dep\u0103\u0219irea obstacolelor<\/td>\n<td>p\u00e2n\u0103 la 4 cm<\/td>\n<\/tr>\n<tr>\n<td>Trac\u021biune<\/td>\n<td>Trac\u021biune spate<\/td>\n<\/tr>\n<tr>\n<td>Zone de cosit<\/td>\n<td>p\u00e2n\u0103 la 10 zone<\/td>\n<\/tr>\n<tr>\n<td>Lame<\/td>\n<td>3 buc\u0103\u021bi<\/td>\n<\/tr>\n<tr>\n<td>Naviga\u021bie<\/td>\n<td>RTK + VSLAM + AI camer\u0103 dubl\u0103<\/td>\n<\/tr>\n<tr>\n<td>Nivel sonor<\/td>\n<td>58 dB(A)<\/td>\n<\/tr>\n<tr>\n<td>Clasa de protec\u021bie<\/td>\n<td>IPX6 (rezistent la ap\u0103)<\/td>\n<\/tr>\n<tr>\n<td>Dimensiuni<\/td>\n<td>625 \u00d7 420 \u00d7 270 mm<\/td>\n<\/tr>\n<tr>\n<td>Greutate<\/td>\n<td>12,2 kg<\/td>\n<\/tr>\n<tr>\n<td>Accesorii op\u021bionale<\/td>\n<td> Garage Q, 12 lame, modul 4G \u0219i antifurt, cablu prelungitor RTK, modul de t\u0103iere a marginilor, kit de montare pe perete RTK, adaptor, 2 ro\u021bi pentru teren accidentat<\/td>\n<\/tr>\n<\/tbody>\n<\/table>\n","protected":false},"excerpt":{"rendered":"<p data-start=\"2069\" data-end=\"2263\"><strong data-start=\"222\" data-end=\"247\">Roborock RockNeo Q110<\/strong> v\u0103 tunde gazonul automat \u0219i precis, recunoa\u0219te obstacolele \u0219i se adapteaz\u0103 la orice teren. Cu ajutorul controlului prin aplica\u021bie \u0219i al func\u021biei de t\u0103iere pe margini apropiate, \u00eentre\u021binerea gr\u0103dinii dvs. de p\u00e2n\u0103 la 1.000 m\u00b2 se face f\u0103r\u0103 efort \u0219i eficient. <\/p>\n","protected":false},"featured_media":33331,"template":"","meta":[],"pwb-brand":[3353],"product_brand":[],"product_cat":[1396,3064],"product_tag":[3352,3348,3346,3345,3351,3344,3350,3341,3343,3376,3347],"class_list":{"0":"post-33389","1":"product","2":"type-product","3":"status-publish","4":"has-post-thumbnail","6":"pwb-brand-roborock","7":"product_cat-robot-pentru-gazon","8":"product_cat-roboti-de-tuns-iarba-fara-fir","9":"product_tag-adaptarea-terenului","10":"product_tag-autopropulsat","11":"product_tag-controlat-de-aplicatie","12":"product_tag-cositoare-de-gazon-robotizata-cu-inteligenta-artificiala","13":"product_tag-evitarea-obstacolelor","14":"product_tag-intretinerea-gradinii","15":"product_tag-ipx6-rezistent-la-apa","16":"product_tag-roborock","17":"product_tag-robot-inteligent-pentru-gazon","18":"product_tag-suprafata-acoperita-1000-m","19":"product_tag-taierea-marginilor","21":"first","22":"instock","23":"taxable","24":"shipping-taxable","25":"purchasable","26":"product-type-simple"},"yoast_head":"<!-- This site is optimized with the Yoast SEO plugin v27.2 - https:\/\/yoast.com\/product\/yoast-seo-wordpress\/ -->\n<title>Roborock RockNeo Q110 - Prochaska<\/title>\n<meta name=\"description\" content=\"Roborock RockNeo Q110 este o ma\u0219in\u0103 robotizat\u0103 inteligent\u0103 de tuns iarba pentru gr\u0103dini de p\u00e2n\u0103 la 1.000 m\u00b2. Navigarea asistat\u0103 de inteligen\u021b\u0103 artificial\u0103, controlul prin aplica\u021bie, t\u0103ierea marginilor \u0219i cosirea aproape de margine asigur\u0103 \u00eengrijirea automat\u0103 \u0219i f\u0103r\u0103 efort a gazonului - eficient, silen\u021bios \u0219i fiabil.\" \/>\n<meta name=\"robots\" content=\"index, follow, max-snippet:-1, max-image-preview:large, max-video-preview:-1\" \/>\n<link rel=\"canonical\" href=\"https:\/\/prochaska.eu\/ro\/produs\/roborock-rockneo-q110\/\" \/>\n<meta property=\"og:locale\" content=\"ro_RO\" \/>\n<meta property=\"og:type\" content=\"article\" \/>\n<meta property=\"og:title\" content=\"Roborock RockNeo Q110 - Prochaska\" \/>\n<meta property=\"og:description\" content=\"Roborock RockNeo Q110 este o ma\u0219in\u0103 robotizat\u0103 inteligent\u0103 de tuns iarba pentru gr\u0103dini de p\u00e2n\u0103 la 1.000 m\u00b2. Navigarea asistat\u0103 de inteligen\u021b\u0103 artificial\u0103, controlul prin aplica\u021bie, t\u0103ierea marginilor \u0219i cosirea aproape de margine asigur\u0103 \u00eengrijirea automat\u0103 \u0219i f\u0103r\u0103 efort a gazonului - eficient, silen\u021bios \u0219i fiabil.\" \/>\n<meta property=\"og:url\" content=\"https:\/\/prochaska.eu\/ro\/produs\/roborock-rockneo-q110\/\" \/>\n<meta property=\"og:site_name\" content=\"Prochaska\" \/>\n<meta property=\"article:publisher\" content=\"https:\/\/www.facebook.com\/prochaska.eu\/\" \/>\n<meta property=\"og:image\" content=\"https:\/\/prochaska.eu\/wp-content\/uploads\/2026\/03\/Freisteller-Hauptfoto-scaled.webp\" \/>\n\t<meta property=\"og:image:width\" content=\"2560\" \/>\n\t<meta property=\"og:image:height\" content=\"2560\" \/>\n\t<meta property=\"og:image:type\" content=\"image\/webp\" \/>\n<meta name=\"twitter:card\" content=\"summary_large_image\" \/>\n<meta name=\"twitter:label1\" content=\"Timp estimat pentru citire\" \/>\n\t<meta name=\"twitter:data1\" content=\"2 minute\" \/>\n<script type=\"application\/ld+json\" class=\"yoast-schema-graph\">{\"@context\":\"https:\/\/schema.org\",\"@graph\":[{\"@type\":\"WebPage\",\"@id\":\"https:\/\/prochaska.eu\/ro\/produs\/roborock-rockneo-q110\/\",\"url\":\"https:\/\/prochaska.eu\/ro\/produs\/roborock-rockneo-q110\/\",\"name\":\"Roborock RockNeo Q110 - Prochaska\",\"isPartOf\":{\"@id\":\"https:\/\/prochaska.eu\/ro\/#website\"},\"primaryImageOfPage\":{\"@id\":\"https:\/\/prochaska.eu\/ro\/produs\/roborock-rockneo-q110\/#primaryimage\"},\"image\":{\"@id\":\"https:\/\/prochaska.eu\/ro\/produs\/roborock-rockneo-q110\/#primaryimage\"},\"thumbnailUrl\":\"https:\/\/prochaska.eu\/wp-content\/uploads\/2026\/03\/Freisteller-Hauptfoto-scaled.webp\",\"datePublished\":\"2026-03-16T14:58:21+00:00\",\"description\":\"Roborock RockNeo Q110 este o ma\u0219in\u0103 robotizat\u0103 inteligent\u0103 de tuns iarba pentru gr\u0103dini de p\u00e2n\u0103 la 1.000 m\u00b2. Navigarea asistat\u0103 de inteligen\u021b\u0103 artificial\u0103, controlul prin aplica\u021bie, t\u0103ierea marginilor \u0219i cosirea aproape de margine asigur\u0103 \u00eengrijirea automat\u0103 \u0219i f\u0103r\u0103 efort a gazonului - eficient, silen\u021bios \u0219i fiabil.\",\"breadcrumb\":{\"@id\":\"https:\/\/prochaska.eu\/ro\/produs\/roborock-rockneo-q110\/#breadcrumb\"},\"inLanguage\":\"ro-RO\",\"potentialAction\":[{\"@type\":\"ReadAction\",\"target\":[\"https:\/\/prochaska.eu\/ro\/produs\/roborock-rockneo-q110\/\"]}]},{\"@type\":\"ImageObject\",\"inLanguage\":\"ro-RO\",\"@id\":\"https:\/\/prochaska.eu\/ro\/produs\/roborock-rockneo-q110\/#primaryimage\",\"url\":\"https:\/\/prochaska.eu\/wp-content\/uploads\/2026\/03\/Freisteller-Hauptfoto-scaled.webp\",\"contentUrl\":\"https:\/\/prochaska.eu\/wp-content\/uploads\/2026\/03\/Freisteller-Hauptfoto-scaled.webp\",\"width\":2560,\"height\":2560,\"caption\":\"Roborock Seria Q\"},{\"@type\":\"BreadcrumbList\",\"@id\":\"https:\/\/prochaska.eu\/ro\/produs\/roborock-rockneo-q110\/#breadcrumb\",\"itemListElement\":[{\"@type\":\"ListItem\",\"position\":1,\"name\":\"Home\",\"item\":\"https:\/\/prochaska.eu\/ro\/\"},{\"@type\":\"ListItem\",\"position\":2,\"name\":\"Shop\",\"item\":\"https:\/\/prochaska.eu\/ro\/shop\/\"},{\"@type\":\"ListItem\",\"position\":3,\"name\":\"Roborock RockNeo Q110\"}]},{\"@type\":\"WebSite\",\"@id\":\"https:\/\/prochaska.eu\/ro\/#website\",\"url\":\"https:\/\/prochaska.eu\/ro\/\",\"name\":\"Prochaska\",\"description\":\"Spezialist f\u00fcr Pflege von Gr\u00fcnfl\u00e4chen\",\"publisher\":{\"@id\":\"https:\/\/prochaska.eu\/ro\/#organization\"},\"potentialAction\":[{\"@type\":\"SearchAction\",\"target\":{\"@type\":\"EntryPoint\",\"urlTemplate\":\"https:\/\/prochaska.eu\/ro\/?s={search_term_string}\"},\"query-input\":{\"@type\":\"PropertyValueSpecification\",\"valueRequired\":true,\"valueName\":\"search_term_string\"}}],\"inLanguage\":\"ro-RO\"},{\"@type\":\"Organization\",\"@id\":\"https:\/\/prochaska.eu\/ro\/#organization\",\"name\":\"Prochaska\",\"url\":\"https:\/\/prochaska.eu\/ro\/\",\"logo\":{\"@type\":\"ImageObject\",\"inLanguage\":\"ro-RO\",\"@id\":\"https:\/\/prochaska.eu\/ro\/#\/schema\/logo\/image\/\",\"url\":\"https:\/\/prochaska.eu\/wp-content\/uploads\/2024\/04\/Prochaska_Logo_Black-1.png\",\"contentUrl\":\"https:\/\/prochaska.eu\/wp-content\/uploads\/2024\/04\/Prochaska_Logo_Black-1.png\",\"width\":796,\"height\":236,\"caption\":\"Prochaska\"},\"image\":{\"@id\":\"https:\/\/prochaska.eu\/ro\/#\/schema\/logo\/image\/\"},\"sameAs\":[\"https:\/\/www.facebook.com\/prochaska.eu\/\",\"https:\/\/www.instagram.com\/prochaska.eu\/\",\"https:\/\/www.linkedin.com\/company\/prochaska-handels-gmbh\"]}]}<\/script>\n<!-- \/ Yoast SEO plugin. -->","yoast_head_json":{"title":"Roborock RockNeo Q110 - Prochaska","description":"Roborock RockNeo Q110 este o ma\u0219in\u0103 robotizat\u0103 inteligent\u0103 de tuns iarba pentru gr\u0103dini de p\u00e2n\u0103 la 1.000 m\u00b2. Navigarea asistat\u0103 de inteligen\u021b\u0103 artificial\u0103, controlul prin aplica\u021bie, t\u0103ierea marginilor \u0219i cosirea aproape de margine asigur\u0103 \u00eengrijirea automat\u0103 \u0219i f\u0103r\u0103 efort a gazonului - eficient, silen\u021bios \u0219i fiabil.","robots":{"index":"index","follow":"follow","max-snippet":"max-snippet:-1","max-image-preview":"max-image-preview:large","max-video-preview":"max-video-preview:-1"},"canonical":"https:\/\/prochaska.eu\/ro\/produs\/roborock-rockneo-q110\/","og_locale":"ro_RO","og_type":"article","og_title":"Roborock RockNeo Q110 - Prochaska","og_description":"Roborock RockNeo Q110 este o ma\u0219in\u0103 robotizat\u0103 inteligent\u0103 de tuns iarba pentru gr\u0103dini de p\u00e2n\u0103 la 1.000 m\u00b2. Navigarea asistat\u0103 de inteligen\u021b\u0103 artificial\u0103, controlul prin aplica\u021bie, t\u0103ierea marginilor \u0219i cosirea aproape de margine asigur\u0103 \u00eengrijirea automat\u0103 \u0219i f\u0103r\u0103 efort a gazonului - eficient, silen\u021bios \u0219i fiabil.","og_url":"https:\/\/prochaska.eu\/ro\/produs\/roborock-rockneo-q110\/","og_site_name":"Prochaska","article_publisher":"https:\/\/www.facebook.com\/prochaska.eu\/","og_image":[{"width":2560,"height":2560,"url":"https:\/\/prochaska.eu\/wp-content\/uploads\/2026\/03\/Freisteller-Hauptfoto-scaled.webp","type":"image\/webp"}],"twitter_card":"summary_large_image","twitter_misc":{"Timp estimat pentru citire":"2 minute"},"schema":{"@context":"https:\/\/schema.org","@graph":[{"@type":"WebPage","@id":"https:\/\/prochaska.eu\/ro\/produs\/roborock-rockneo-q110\/","url":"https:\/\/prochaska.eu\/ro\/produs\/roborock-rockneo-q110\/","name":"Roborock RockNeo Q110 - Prochaska","isPartOf":{"@id":"https:\/\/prochaska.eu\/ro\/#website"},"primaryImageOfPage":{"@id":"https:\/\/prochaska.eu\/ro\/produs\/roborock-rockneo-q110\/#primaryimage"},"image":{"@id":"https:\/\/prochaska.eu\/ro\/produs\/roborock-rockneo-q110\/#primaryimage"},"thumbnailUrl":"https:\/\/prochaska.eu\/wp-content\/uploads\/2026\/03\/Freisteller-Hauptfoto-scaled.webp","datePublished":"2026-03-16T14:58:21+00:00","description":"Roborock RockNeo Q110 este o ma\u0219in\u0103 robotizat\u0103 inteligent\u0103 de tuns iarba pentru gr\u0103dini de p\u00e2n\u0103 la 1.000 m\u00b2. Navigarea asistat\u0103 de inteligen\u021b\u0103 artificial\u0103, controlul prin aplica\u021bie, t\u0103ierea marginilor \u0219i cosirea aproape de margine asigur\u0103 \u00eengrijirea automat\u0103 \u0219i f\u0103r\u0103 efort a gazonului - eficient, silen\u021bios \u0219i fiabil.","breadcrumb":{"@id":"https:\/\/prochaska.eu\/ro\/produs\/roborock-rockneo-q110\/#breadcrumb"},"inLanguage":"ro-RO","potentialAction":[{"@type":"ReadAction","target":["https:\/\/prochaska.eu\/ro\/produs\/roborock-rockneo-q110\/"]}]},{"@type":"ImageObject","inLanguage":"ro-RO","@id":"https:\/\/prochaska.eu\/ro\/produs\/roborock-rockneo-q110\/#primaryimage","url":"https:\/\/prochaska.eu\/wp-content\/uploads\/2026\/03\/Freisteller-Hauptfoto-scaled.webp","contentUrl":"https:\/\/prochaska.eu\/wp-content\/uploads\/2026\/03\/Freisteller-Hauptfoto-scaled.webp","width":2560,"height":2560,"caption":"Roborock Seria Q"},{"@type":"BreadcrumbList","@id":"https:\/\/prochaska.eu\/ro\/produs\/roborock-rockneo-q110\/#breadcrumb","itemListElement":[{"@type":"ListItem","position":1,"name":"Home","item":"https:\/\/prochaska.eu\/ro\/"},{"@type":"ListItem","position":2,"name":"Shop","item":"https:\/\/prochaska.eu\/ro\/shop\/"},{"@type":"ListItem","position":3,"name":"Roborock RockNeo Q110"}]},{"@type":"WebSite","@id":"https:\/\/prochaska.eu\/ro\/#website","url":"https:\/\/prochaska.eu\/ro\/","name":"Prochaska","description":"Spezialist f\u00fcr Pflege von Gr\u00fcnfl\u00e4chen","publisher":{"@id":"https:\/\/prochaska.eu\/ro\/#organization"},"potentialAction":[{"@type":"SearchAction","target":{"@type":"EntryPoint","urlTemplate":"https:\/\/prochaska.eu\/ro\/?s={search_term_string}"},"query-input":{"@type":"PropertyValueSpecification","valueRequired":true,"valueName":"search_term_string"}}],"inLanguage":"ro-RO"},{"@type":"Organization","@id":"https:\/\/prochaska.eu\/ro\/#organization","name":"Prochaska","url":"https:\/\/prochaska.eu\/ro\/","logo":{"@type":"ImageObject","inLanguage":"ro-RO","@id":"https:\/\/prochaska.eu\/ro\/#\/schema\/logo\/image\/","url":"https:\/\/prochaska.eu\/wp-content\/uploads\/2024\/04\/Prochaska_Logo_Black-1.png","contentUrl":"https:\/\/prochaska.eu\/wp-content\/uploads\/2024\/04\/Prochaska_Logo_Black-1.png","width":796,"height":236,"caption":"Prochaska"},"image":{"@id":"https:\/\/prochaska.eu\/ro\/#\/schema\/logo\/image\/"},"sameAs":["https:\/\/www.facebook.com\/prochaska.eu\/","https:\/\/www.instagram.com\/prochaska.eu\/","https:\/\/www.linkedin.com\/company\/prochaska-handels-gmbh"]}]}},"brands":[{"id":3353,"name":"Roborock","slug":"roborock"}],"_links":{"self":[{"href":"https:\/\/prochaska.eu\/ro\/wp-json\/wp\/v2\/product\/33389","targetHints":{"allow":["GET"]}}],"collection":[{"href":"https:\/\/prochaska.eu\/ro\/wp-json\/wp\/v2\/product"}],"about":[{"href":"https:\/\/prochaska.eu\/ro\/wp-json\/wp\/v2\/types\/product"}],"version-history":[{"count":0,"href":"https:\/\/prochaska.eu\/ro\/wp-json\/wp\/v2\/product\/33389\/revisions"}],"wp:featuredmedia":[{"embeddable":true,"href":"https:\/\/prochaska.eu\/ro\/wp-json\/wp\/v2\/media\/33331"}],"wp:attachment":[{"href":"https:\/\/prochaska.eu\/ro\/wp-json\/wp\/v2\/media?parent=33389"}],"wp:term":[{"taxonomy":"pwb-brand","embeddable":true,"href":"https:\/\/prochaska.eu\/ro\/wp-json\/wp\/v2\/pwb-brand?post=33389"},{"taxonomy":"product_brand","embeddable":true,"href":"https:\/\/prochaska.eu\/ro\/wp-json\/wp\/v2\/product_brand?post=33389"},{"taxonomy":"product_cat","embeddable":true,"href":"https:\/\/prochaska.eu\/ro\/wp-json\/wp\/v2\/product_cat?post=33389"},{"taxonomy":"product_tag","embeddable":true,"href":"https:\/\/prochaska.eu\/ro\/wp-json\/wp\/v2\/product_tag?post=33389"}],"curies":[{"name":"wp","href":"https:\/\/api.w.org\/{rel}","templated":true}]}}