{"id":33413,"date":"2026-03-17T08:11:15","date_gmt":"2026-03-17T08:11:15","guid":{"rendered":"https:\/\/prochaska.eu\/produkt\/roborock-rockmow-z115-awd\/"},"modified":"2026-03-17T08:17:02","modified_gmt":"2026-03-17T08:17:02","slug":"roborock-rockmow-z115-awd","status":"publish","type":"product","link":"https:\/\/prochaska.eu\/ro\/produs\/roborock-rockmow-z115-awd\/","title":{"rendered":"Roborock RockMow Z115 AWD"},"content":{"rendered":"<h1 data-section-id=\"1ifj9j9\" data-start=\"104\" data-end=\"165\">Roborock RockMow Z115 AWD &#8211; Robot cositor inteligent cu trac\u021biune integral\u0103<\/h1>\n<p data-start=\"167\" data-end=\"462\"><strong data-start=\"171\" data-end=\"200\">Roborock RockMow Z115 AWD<\/strong> este proiectat\u0103 pentru gr\u0103dini solicitante \u0219i terenuri dificile. Cu <strong data-start=\"271\" data-end=\"337\">trac\u021biune integral\u0103 (4WD), sistem de direc\u021bie activ \u0219i suspensie dinamic\u0103<\/strong>, aceasta st\u0103p\u00e2ne\u0219te pante de p\u00e2n\u0103 la 80% \u0219i obstacole de p\u00e2n\u0103 la 8 cm, \u00een timp ce platforma de t\u0103iere plutitoare asigur\u0103 t\u0103ieri uniforme. <\/p>\n<p data-start=\"464\" data-end=\"841\">Datorit\u0103 <strong data-start=\"469\" data-end=\"525\">naviga\u021biei RTK, VSLAM, cartografierii AI \u0219i unei camere duble<\/strong>, acesta navigheaz\u0103 cu precizie prin pasaje cu l\u0103\u021bimea de 80 cm \u0219i recunoa\u0219te obstacolele \u00een mod fiabil. <strong data-start=\"619\" data-end=\"650\">Sistemul de t\u0103iere cu \u0219ase lame,<\/strong> cu o <strong data-start=\"655\" data-end=\"678\">l\u0103\u021bime de t\u0103iere de 24 cm<\/strong> \u0219i <strong data-start=\"683\" data-end=\"736\">reglare electronic\u0103 a \u00een\u0103l\u021bimii de t\u0103iere (20-70 mm)<\/strong>, asigur\u0103 o t\u0103iere curat\u0103, \u00een timp ce <strong data-start=\"788\" data-end=\"822\">modulul<\/strong> op\u021bional <strong data-start=\"788\" data-end=\"822\">de t\u0103iere a marginilor PreciEdge\u2122<\/strong> permite cosirea pe margini apropiate. <\/p>\n<p data-start=\"843\" data-end=\"1039\"><strong data-start=\"852\" data-end=\"868\">Aplica\u021bia Roborock<\/strong> poate fi utilizat\u0103 pentru gestionarea zonelor de cosit, ajustarea tiparelor \u0219i urm\u0103rirea progresului \u00een timp real. <strong data-start=\"960\" data-end=\"1005\">Codul PIN, alarma de \u00eenalt\u0103 frecven\u021b\u0103 \u0219i localizarea 4G<\/strong> asigur\u0103 securitate maxim\u0103.<\/p>\n<h3 data-section-id=\"1ptxicl\" data-start=\"1443\" data-end=\"1461\"><strong data-start=\"1447\" data-end=\"1461\">Repere<\/strong><\/h3>\n<ul>\n<li data-start=\"1957\" data-end=\"2012\"><strong data-start=\"1957\" data-end=\"1980\">Trac\u021biune integral\u0103 (4WD)<\/strong> pentru capacit\u0103\u021bi off-road extreme<\/li>\n<li data-start=\"2015\" data-end=\"2062\"><strong data-start=\"2015\" data-end=\"2060\">RTK + VSLAM + AI + naviga\u021bie cu dou\u0103 camere<\/strong><\/li>\n<li data-start=\"2065\" data-end=\"2115\"><strong data-start=\"2065\" data-end=\"2088\">Gradiente de p\u00e2n\u0103 la 80 %<\/strong> \u0219i \u00een\u0103l\u021bimi ale obstacolelor de p\u00e2n\u0103 la 8 cm<\/li>\n<li data-start=\"2118\" data-end=\"2182\"><strong data-start=\"2118\" data-end=\"2149\">Sistem de t\u0103iere cu \u0219ase lamele<\/strong> pentru performan\u021be puternice de t\u0103iere<\/li>\n<li data-start=\"2185\" data-end=\"2237\"><strong data-start=\"2185\" data-end=\"2235\">Reglarea electronic\u0103 a \u00een\u0103l\u021bimii de t\u0103iere 20-70 mm<\/strong><\/li>\n<li data-start=\"2240\" data-end=\"2300\"><strong data-start=\"2240\" data-end=\"2274\">Detectarea obstacolelor Quad-Vision<\/strong> pentru siguran\u021b\u0103 maxim\u0103<\/li>\n<li data-start=\"2303\" data-end=\"2354\"><strong data-start=\"2303\" data-end=\"2329\">Gestionare multizon\u0103<\/strong> cu p\u00e2n\u0103 la 20 de zone de cosit<\/li>\n<li data-start=\"2357\" data-end=\"2417\"><strong data-start=\"2357\" data-end=\"2388\">Modul op\u021bional PreciEdge\u2122<\/strong> pentru t\u0103ierea precis\u0103 a marginilor<\/li>\n<\/ul>\n<table style=\"height: 574px;\" width=\"1383\">\n<thead>\n<tr>\n<th>Caracteristic\u0103<\/th>\n<th>Specifica\u021bie<\/th>\n<\/tr>\n<\/thead>\n<tbody>\n<tr>\n<td>Suprafa\u021ba de ie\u0219ire<\/td>\n<td>1.500 m\u00b2<\/td>\n<\/tr>\n<tr>\n<td>L\u0103\u021bime de t\u0103iere<\/td>\n<td>24 cm<\/td>\n<\/tr>\n<tr>\n<td>\u00cen\u0103l\u021bimea de t\u0103iere<\/td>\n<td>20-70 mm (electronic)<\/td>\n<\/tr>\n<tr>\n<td>Capacitatea bateriei<\/td>\n<td>6 Ah<\/td>\n<\/tr>\n<tr>\n<td>Timp de cosire per \u00eenc\u0103rc\u0103tur\u0103<\/td>\n<td>aprox. 120 min<\/td>\n<\/tr>\n<tr>\n<td>Timp de \u00eenc\u0103rcare<\/td>\n<td>aprox. 60 min<\/td>\n<\/tr>\n<tr>\n<td>Max. Gradient<\/td>\n<td>80 %<\/td>\n<\/tr>\n<tr>\n<td>Dep\u0103\u0219irea obstacolelor<\/td>\n<td>p\u00e2n\u0103 la 8 cm<\/td>\n<\/tr>\n<tr>\n<td>Sistemul de trac\u021biune<\/td>\n<td>Trac\u021biune integral\u0103 (4WD)<\/td>\n<\/tr>\n<tr>\n<td>Zone de cosit<\/td>\n<td>p\u00e2n\u0103 la 20 de zone<\/td>\n<\/tr>\n<tr>\n<td>Lame<\/td>\n<td>6 cu\u021bite durabile<\/td>\n<\/tr>\n<tr>\n<td>Naviga\u021bie<\/td>\n<td>RTK + VSLAM + AI + camer\u0103 dubl\u0103<\/td>\n<\/tr>\n<tr>\n<td>Detectarea obstacolelor<\/td>\n<td>Sistem Quad Vision<\/td>\n<\/tr>\n<tr>\n<td>Nivel sonor<\/td>\n<td>60 dB(A)<\/td>\n<\/tr>\n<tr>\n<td>Clasa de protec\u021bie<\/td>\n<td>IPX6 rezistent la ap\u0103<\/td>\n<\/tr>\n<tr>\n<td>Conectivitate<\/td>\n<td>WLAN, Bluetooth, 4G<\/td>\n<\/tr>\n<tr>\n<td>Dimensiuni<\/td>\n<td>661 \u00d7 475 \u00d7 294 mm<\/td>\n<\/tr>\n<tr>\n<td>Greutate<\/td>\n<td>aprox. 21 kg<\/td>\n<\/tr>\n<\/tbody>\n<\/table>\n<p data-section-id=\"3stgze\" data-start=\"3103\" data-end=\"3123\"><strong>Accesorii op\u021bionale<\/strong><\/p>\n<ul>\n<li data-start=\"3127\" data-end=\"3137\">Garaj Z<\/li>\n<li data-start=\"3140\" data-end=\"3174\">12 lame de schimb (cu \u0219uruburi)<\/li>\n<li data-start=\"3177\" data-end=\"3198\">Kit de montare pe perete RTK<\/li>\n<li data-start=\"3201\" data-end=\"3215\">Unitate de alimentare RTK<\/li>\n<li data-start=\"3218\" data-end=\"3242\">Cablu de extensie RTK<\/li>\n<li data-start=\"3245\" data-end=\"3279\">Cablu prelungitor pentru \u00eenc\u0103rc\u0103tor<\/li>\n<li data-start=\"3282\" data-end=\"3316\">Modul de t\u0103iere a marginilor (PreciEdge\u2122)<\/li>\n<li data-start=\"3319\" data-end=\"3347\">Ro\u021bi pentru teren accidentat<\/li>\n<\/ul>\n","protected":false},"excerpt":{"rendered":"<p data-start=\"311\" data-end=\"583\"><strong data-start=\"274\" data-end=\"303\">Roborock RockMow Z115 AWD<\/strong> este un robot de cosit puternic, cu trac\u021biune integral\u0103, pentru gr\u0103dini solicitante de p\u00e2n\u0103 la 1.500 m\u00b2. Cu naviga\u021bie RTK, cartografiere asistat\u0103 de inteligen\u021b\u0103 artificial\u0103 \u0219i detectarea obstacolelor prin quad-vision, acesta asigur\u0103 o cosire precis\u0103 \u0219i automat\u0103 &#8211; chiar \u0219i pe pante abrupte \u0219i terenuri dificile. <\/p>\n","protected":false},"featured_media":33394,"template":"","meta":[],"pwb-brand":[3353],"product_brand":[],"product_cat":[1396,3064],"product_tag":[3390,3352,3348,3346,3345,3351,3350,3392,3373,3341,3343,3394,3374,3391,3347,3389,3393],"class_list":{"0":"post-33413","1":"product","2":"type-product","3":"status-publish","4":"has-post-thumbnail","6":"pwb-brand-roborock","7":"product_cat-robot-pentru-gazon","8":"product_cat-roboti-de-tuns-iarba-fara-fir","9":"product_tag-4wd","10":"product_tag-adaptarea-terenului","11":"product_tag-autopropulsat","12":"product_tag-controlat-de-aplicatie","13":"product_tag-cositoare-de-gazon-robotizata-cu-inteligenta-artificiala","14":"product_tag-evitarea-obstacolelor","15":"product_tag-ipx6-rezistent-la-apa","16":"product_tag-navigatie-rtk","17":"product_tag-preciedge","18":"product_tag-roborock","19":"product_tag-robot-inteligent-pentru-gazon","20":"product_tag-sentisfera","21":"product_tag-suprafata-de-iesire-1500-m","22":"product_tag-suspensie-dinamica","23":"product_tag-taierea-marginilor","24":"product_tag-tractiune-integrala","25":"product_tag-vslam","27":"first","28":"instock","29":"taxable","30":"shipping-taxable","31":"purchasable","32":"product-type-simple"},"yoast_head":"<!-- This site is optimized with the Yoast SEO plugin v27.2 - https:\/\/yoast.com\/product\/yoast-seo-wordpress\/ -->\n<title>Roborock RockMow Z115 AWD - Prochaska<\/title>\n<meta name=\"description\" content=\"Roborock RockMow Z115 AWD este un robot de cosit puternic, cu trac\u021biune integral\u0103, pentru gr\u0103dini exigente de p\u00e2n\u0103 la 1.500 m\u00b2. Cu naviga\u021bie RTK, cartografiere AI, detectare a obstacolelor quad-vision \u0219i gradabilitate de p\u00e2n\u0103 la 80%, acesta asigur\u0103 o cosire precis\u0103 \u0219i automat\u0103 pe orice teren.\" \/>\n<meta name=\"robots\" content=\"index, follow, max-snippet:-1, max-image-preview:large, max-video-preview:-1\" \/>\n<link rel=\"canonical\" href=\"https:\/\/prochaska.eu\/ro\/produs\/roborock-rockmow-z115-awd\/\" \/>\n<meta property=\"og:locale\" content=\"ro_RO\" \/>\n<meta property=\"og:type\" content=\"article\" \/>\n<meta property=\"og:title\" content=\"Roborock RockMow Z115 AWD - Prochaska\" \/>\n<meta property=\"og:description\" content=\"Roborock RockMow Z115 AWD este un robot de cosit puternic, cu trac\u021biune integral\u0103, pentru gr\u0103dini exigente de p\u00e2n\u0103 la 1.500 m\u00b2. Cu naviga\u021bie RTK, cartografiere AI, detectare a obstacolelor quad-vision \u0219i gradabilitate de p\u00e2n\u0103 la 80%, acesta asigur\u0103 o cosire precis\u0103 \u0219i automat\u0103 pe orice teren.\" \/>\n<meta property=\"og:url\" content=\"https:\/\/prochaska.eu\/ro\/produs\/roborock-rockmow-z115-awd\/\" \/>\n<meta property=\"og:site_name\" content=\"Prochaska\" \/>\n<meta property=\"article:publisher\" content=\"https:\/\/www.facebook.com\/prochaska.eu\/\" \/>\n<meta property=\"article:modified_time\" content=\"2026-03-17T08:17:02+00:00\" \/>\n<meta property=\"og:image\" content=\"https:\/\/prochaska.eu\/wp-content\/uploads\/2026\/03\/Monet_Right-Top-View-scaled.webp\" \/>\n\t<meta property=\"og:image:width\" content=\"2560\" \/>\n\t<meta property=\"og:image:height\" content=\"2560\" \/>\n\t<meta property=\"og:image:type\" content=\"image\/webp\" \/>\n<meta name=\"twitter:card\" content=\"summary_large_image\" \/>\n<meta name=\"twitter:label1\" content=\"Timp estimat pentru citire\" \/>\n\t<meta name=\"twitter:data1\" content=\"2 minute\" \/>\n<script type=\"application\/ld+json\" class=\"yoast-schema-graph\">{\"@context\":\"https:\/\/schema.org\",\"@graph\":[{\"@type\":\"WebPage\",\"@id\":\"https:\/\/prochaska.eu\/ro\/produs\/roborock-rockmow-z115-awd\/\",\"url\":\"https:\/\/prochaska.eu\/ro\/produs\/roborock-rockmow-z115-awd\/\",\"name\":\"Roborock RockMow Z115 AWD - Prochaska\",\"isPartOf\":{\"@id\":\"https:\/\/prochaska.eu\/ro\/#website\"},\"primaryImageOfPage\":{\"@id\":\"https:\/\/prochaska.eu\/ro\/produs\/roborock-rockmow-z115-awd\/#primaryimage\"},\"image\":{\"@id\":\"https:\/\/prochaska.eu\/ro\/produs\/roborock-rockmow-z115-awd\/#primaryimage\"},\"thumbnailUrl\":\"https:\/\/prochaska.eu\/wp-content\/uploads\/2026\/03\/Monet_Right-Top-View-scaled.webp\",\"datePublished\":\"2026-03-17T08:11:15+00:00\",\"dateModified\":\"2026-03-17T08:17:02+00:00\",\"description\":\"Roborock RockMow Z115 AWD este un robot de cosit puternic, cu trac\u021biune integral\u0103, pentru gr\u0103dini exigente de p\u00e2n\u0103 la 1.500 m\u00b2. Cu naviga\u021bie RTK, cartografiere AI, detectare a obstacolelor quad-vision \u0219i gradabilitate de p\u00e2n\u0103 la 80%, acesta asigur\u0103 o cosire precis\u0103 \u0219i automat\u0103 pe orice teren.\",\"breadcrumb\":{\"@id\":\"https:\/\/prochaska.eu\/ro\/produs\/roborock-rockmow-z115-awd\/#breadcrumb\"},\"inLanguage\":\"ro-RO\",\"potentialAction\":[{\"@type\":\"ReadAction\",\"target\":[\"https:\/\/prochaska.eu\/ro\/produs\/roborock-rockmow-z115-awd\/\"]}]},{\"@type\":\"ImageObject\",\"inLanguage\":\"ro-RO\",\"@id\":\"https:\/\/prochaska.eu\/ro\/produs\/roborock-rockmow-z115-awd\/#primaryimage\",\"url\":\"https:\/\/prochaska.eu\/wp-content\/uploads\/2026\/03\/Monet_Right-Top-View-scaled.webp\",\"contentUrl\":\"https:\/\/prochaska.eu\/wp-content\/uploads\/2026\/03\/Monet_Right-Top-View-scaled.webp\",\"width\":2560,\"height\":2560,\"caption\":\"Roborock Seria Z AWD\"},{\"@type\":\"BreadcrumbList\",\"@id\":\"https:\/\/prochaska.eu\/ro\/produs\/roborock-rockmow-z115-awd\/#breadcrumb\",\"itemListElement\":[{\"@type\":\"ListItem\",\"position\":1,\"name\":\"Home\",\"item\":\"https:\/\/prochaska.eu\/ro\/\"},{\"@type\":\"ListItem\",\"position\":2,\"name\":\"Shop\",\"item\":\"https:\/\/prochaska.eu\/ro\/shop\/\"},{\"@type\":\"ListItem\",\"position\":3,\"name\":\"Roborock RockMow Z115 AWD\"}]},{\"@type\":\"WebSite\",\"@id\":\"https:\/\/prochaska.eu\/ro\/#website\",\"url\":\"https:\/\/prochaska.eu\/ro\/\",\"name\":\"Prochaska\",\"description\":\"Spezialist f\u00fcr Pflege von Gr\u00fcnfl\u00e4chen\",\"publisher\":{\"@id\":\"https:\/\/prochaska.eu\/ro\/#organization\"},\"potentialAction\":[{\"@type\":\"SearchAction\",\"target\":{\"@type\":\"EntryPoint\",\"urlTemplate\":\"https:\/\/prochaska.eu\/ro\/?s={search_term_string}\"},\"query-input\":{\"@type\":\"PropertyValueSpecification\",\"valueRequired\":true,\"valueName\":\"search_term_string\"}}],\"inLanguage\":\"ro-RO\"},{\"@type\":\"Organization\",\"@id\":\"https:\/\/prochaska.eu\/ro\/#organization\",\"name\":\"Prochaska\",\"url\":\"https:\/\/prochaska.eu\/ro\/\",\"logo\":{\"@type\":\"ImageObject\",\"inLanguage\":\"ro-RO\",\"@id\":\"https:\/\/prochaska.eu\/ro\/#\/schema\/logo\/image\/\",\"url\":\"https:\/\/prochaska.eu\/wp-content\/uploads\/2024\/04\/Prochaska_Logo_Black-1.png\",\"contentUrl\":\"https:\/\/prochaska.eu\/wp-content\/uploads\/2024\/04\/Prochaska_Logo_Black-1.png\",\"width\":796,\"height\":236,\"caption\":\"Prochaska\"},\"image\":{\"@id\":\"https:\/\/prochaska.eu\/ro\/#\/schema\/logo\/image\/\"},\"sameAs\":[\"https:\/\/www.facebook.com\/prochaska.eu\/\",\"https:\/\/www.instagram.com\/prochaska.eu\/\",\"https:\/\/www.linkedin.com\/company\/prochaska-handels-gmbh\"]}]}<\/script>\n<!-- \/ Yoast SEO plugin. -->","yoast_head_json":{"title":"Roborock RockMow Z115 AWD - Prochaska","description":"Roborock RockMow Z115 AWD este un robot de cosit puternic, cu trac\u021biune integral\u0103, pentru gr\u0103dini exigente de p\u00e2n\u0103 la 1.500 m\u00b2. Cu naviga\u021bie RTK, cartografiere AI, detectare a obstacolelor quad-vision \u0219i gradabilitate de p\u00e2n\u0103 la 80%, acesta asigur\u0103 o cosire precis\u0103 \u0219i automat\u0103 pe orice teren.","robots":{"index":"index","follow":"follow","max-snippet":"max-snippet:-1","max-image-preview":"max-image-preview:large","max-video-preview":"max-video-preview:-1"},"canonical":"https:\/\/prochaska.eu\/ro\/produs\/roborock-rockmow-z115-awd\/","og_locale":"ro_RO","og_type":"article","og_title":"Roborock RockMow Z115 AWD - Prochaska","og_description":"Roborock RockMow Z115 AWD este un robot de cosit puternic, cu trac\u021biune integral\u0103, pentru gr\u0103dini exigente de p\u00e2n\u0103 la 1.500 m\u00b2. Cu naviga\u021bie RTK, cartografiere AI, detectare a obstacolelor quad-vision \u0219i gradabilitate de p\u00e2n\u0103 la 80%, acesta asigur\u0103 o cosire precis\u0103 \u0219i automat\u0103 pe orice teren.","og_url":"https:\/\/prochaska.eu\/ro\/produs\/roborock-rockmow-z115-awd\/","og_site_name":"Prochaska","article_publisher":"https:\/\/www.facebook.com\/prochaska.eu\/","article_modified_time":"2026-03-17T08:17:02+00:00","og_image":[{"width":2560,"height":2560,"url":"https:\/\/prochaska.eu\/wp-content\/uploads\/2026\/03\/Monet_Right-Top-View-scaled.webp","type":"image\/webp"}],"twitter_card":"summary_large_image","twitter_misc":{"Timp estimat pentru citire":"2 minute"},"schema":{"@context":"https:\/\/schema.org","@graph":[{"@type":"WebPage","@id":"https:\/\/prochaska.eu\/ro\/produs\/roborock-rockmow-z115-awd\/","url":"https:\/\/prochaska.eu\/ro\/produs\/roborock-rockmow-z115-awd\/","name":"Roborock RockMow Z115 AWD - Prochaska","isPartOf":{"@id":"https:\/\/prochaska.eu\/ro\/#website"},"primaryImageOfPage":{"@id":"https:\/\/prochaska.eu\/ro\/produs\/roborock-rockmow-z115-awd\/#primaryimage"},"image":{"@id":"https:\/\/prochaska.eu\/ro\/produs\/roborock-rockmow-z115-awd\/#primaryimage"},"thumbnailUrl":"https:\/\/prochaska.eu\/wp-content\/uploads\/2026\/03\/Monet_Right-Top-View-scaled.webp","datePublished":"2026-03-17T08:11:15+00:00","dateModified":"2026-03-17T08:17:02+00:00","description":"Roborock RockMow Z115 AWD este un robot de cosit puternic, cu trac\u021biune integral\u0103, pentru gr\u0103dini exigente de p\u00e2n\u0103 la 1.500 m\u00b2. Cu naviga\u021bie RTK, cartografiere AI, detectare a obstacolelor quad-vision \u0219i gradabilitate de p\u00e2n\u0103 la 80%, acesta asigur\u0103 o cosire precis\u0103 \u0219i automat\u0103 pe orice teren.","breadcrumb":{"@id":"https:\/\/prochaska.eu\/ro\/produs\/roborock-rockmow-z115-awd\/#breadcrumb"},"inLanguage":"ro-RO","potentialAction":[{"@type":"ReadAction","target":["https:\/\/prochaska.eu\/ro\/produs\/roborock-rockmow-z115-awd\/"]}]},{"@type":"ImageObject","inLanguage":"ro-RO","@id":"https:\/\/prochaska.eu\/ro\/produs\/roborock-rockmow-z115-awd\/#primaryimage","url":"https:\/\/prochaska.eu\/wp-content\/uploads\/2026\/03\/Monet_Right-Top-View-scaled.webp","contentUrl":"https:\/\/prochaska.eu\/wp-content\/uploads\/2026\/03\/Monet_Right-Top-View-scaled.webp","width":2560,"height":2560,"caption":"Roborock Seria Z AWD"},{"@type":"BreadcrumbList","@id":"https:\/\/prochaska.eu\/ro\/produs\/roborock-rockmow-z115-awd\/#breadcrumb","itemListElement":[{"@type":"ListItem","position":1,"name":"Home","item":"https:\/\/prochaska.eu\/ro\/"},{"@type":"ListItem","position":2,"name":"Shop","item":"https:\/\/prochaska.eu\/ro\/shop\/"},{"@type":"ListItem","position":3,"name":"Roborock RockMow Z115 AWD"}]},{"@type":"WebSite","@id":"https:\/\/prochaska.eu\/ro\/#website","url":"https:\/\/prochaska.eu\/ro\/","name":"Prochaska","description":"Spezialist f\u00fcr Pflege von Gr\u00fcnfl\u00e4chen","publisher":{"@id":"https:\/\/prochaska.eu\/ro\/#organization"},"potentialAction":[{"@type":"SearchAction","target":{"@type":"EntryPoint","urlTemplate":"https:\/\/prochaska.eu\/ro\/?s={search_term_string}"},"query-input":{"@type":"PropertyValueSpecification","valueRequired":true,"valueName":"search_term_string"}}],"inLanguage":"ro-RO"},{"@type":"Organization","@id":"https:\/\/prochaska.eu\/ro\/#organization","name":"Prochaska","url":"https:\/\/prochaska.eu\/ro\/","logo":{"@type":"ImageObject","inLanguage":"ro-RO","@id":"https:\/\/prochaska.eu\/ro\/#\/schema\/logo\/image\/","url":"https:\/\/prochaska.eu\/wp-content\/uploads\/2024\/04\/Prochaska_Logo_Black-1.png","contentUrl":"https:\/\/prochaska.eu\/wp-content\/uploads\/2024\/04\/Prochaska_Logo_Black-1.png","width":796,"height":236,"caption":"Prochaska"},"image":{"@id":"https:\/\/prochaska.eu\/ro\/#\/schema\/logo\/image\/"},"sameAs":["https:\/\/www.facebook.com\/prochaska.eu\/","https:\/\/www.instagram.com\/prochaska.eu\/","https:\/\/www.linkedin.com\/company\/prochaska-handels-gmbh"]}]}},"brands":[{"id":3353,"name":"Roborock","slug":"roborock"}],"_links":{"self":[{"href":"https:\/\/prochaska.eu\/ro\/wp-json\/wp\/v2\/product\/33413","targetHints":{"allow":["GET"]}}],"collection":[{"href":"https:\/\/prochaska.eu\/ro\/wp-json\/wp\/v2\/product"}],"about":[{"href":"https:\/\/prochaska.eu\/ro\/wp-json\/wp\/v2\/types\/product"}],"version-history":[{"count":1,"href":"https:\/\/prochaska.eu\/ro\/wp-json\/wp\/v2\/product\/33413\/revisions"}],"predecessor-version":[{"id":33414,"href":"https:\/\/prochaska.eu\/ro\/wp-json\/wp\/v2\/product\/33413\/revisions\/33414"}],"wp:featuredmedia":[{"embeddable":true,"href":"https:\/\/prochaska.eu\/ro\/wp-json\/wp\/v2\/media\/33394"}],"wp:attachment":[{"href":"https:\/\/prochaska.eu\/ro\/wp-json\/wp\/v2\/media?parent=33413"}],"wp:term":[{"taxonomy":"pwb-brand","embeddable":true,"href":"https:\/\/prochaska.eu\/ro\/wp-json\/wp\/v2\/pwb-brand?post=33413"},{"taxonomy":"product_brand","embeddable":true,"href":"https:\/\/prochaska.eu\/ro\/wp-json\/wp\/v2\/product_brand?post=33413"},{"taxonomy":"product_cat","embeddable":true,"href":"https:\/\/prochaska.eu\/ro\/wp-json\/wp\/v2\/product_cat?post=33413"},{"taxonomy":"product_tag","embeddable":true,"href":"https:\/\/prochaska.eu\/ro\/wp-json\/wp\/v2\/product_tag?post=33413"}],"curies":[{"name":"wp","href":"https:\/\/api.w.org\/{rel}","templated":true}]}}