{"id":33422,"date":"2026-03-17T08:39:21","date_gmt":"2026-03-17T08:39:21","guid":{"rendered":"https:\/\/prochaska.eu\/produkt\/roborock-rockmow-z130-awd\/"},"modified":"2026-03-17T08:43:33","modified_gmt":"2026-03-17T08:43:33","slug":"roborock-rockmow-z130-awd","status":"publish","type":"product","link":"https:\/\/prochaska.eu\/ro\/produs\/roborock-rockmow-z130-awd\/","title":{"rendered":"Roborock RockMow Z130 AWD"},"content":{"rendered":"<h1 data-section-id=\"1ifj9j9\" data-start=\"104\" data-end=\"165\">Roborock RockMow Z130 AWD &#8211; Robot cositor inteligent cu trac\u021biune integral\u0103<\/h1>\n<p data-start=\"239\" data-end=\"549\"><strong data-start=\"243\" data-end=\"263\">RockMow Z130 AWD<\/strong> tunde cu u\u0219urin\u021b\u0103 gr\u0103dini mari \u0219i terenuri dificile. Datorit\u0103 trac\u021biunii integrale (4WD), sistemului activ de direc\u021bie \u0219i suspensiei dinamice, poate aborda pante de p\u00e2n\u0103 la 80% \u0219i obstacole de p\u00e2n\u0103 la 8 cm, \u00een timp ce platforma de t\u0103iere plutitoare asigur\u0103 t\u0103ieri uniforme &#8211; chiar \u0219i pe teren accidentat. <\/p>\n<p data-start=\"551\" data-end=\"911\">Cu <strong data-start=\"555\" data-end=\"611\">naviga\u021bie RTK, VSLAM, cartografiere AI \u0219i camer\u0103 dubl\u0103<\/strong>, acesta navigheaz\u0103 cu precizie prin pasaje cu l\u0103\u021bimea de 80 cm \u0219i recunoa\u0219te obstacolele \u00een mod fiabil. Sistemul puternic cu \u0219ase lame (l\u0103\u021bime de t\u0103iere de 24 cm, \u00een\u0103l\u021bime de t\u0103iere de 20-70 mm) asigur\u0103 un gazon dens \u0219i ordonat, \u00een timp ce modulul op\u021bional de t\u0103iere a marginilor PreciEdge\u2122 face extrem de u\u0219oar\u0103 cosirea \u00een apropierea marginilor. <\/p>\n<p data-start=\"913\" data-end=\"1253\">Aplica\u021bia <strong data-start=\"922\" data-end=\"938\">Roborock<\/strong> poate fi utilizat\u0103 pentru a gestiona p\u00e2n\u0103 la <strong data-start=\"958\" data-end=\"973\">30 de zone de cosit<\/strong>, pentru a crea modele de cosit personalizate \u0219i pentru a urm\u0103ri progresul \u00een timp real. Cu <strong data-start=\"1065\" data-end=\"1117\">blocare prin cod PIN, alarm\u0103 de \u00eenalt\u0103 frecven\u021b\u0103 \u0219i localizare 4G<\/strong>, ma\u0219ina robotizat\u0103 de tuns iarba este protejat\u0103 \u00een mod optim. Perfect\u0103 pentru gr\u0103dinile de p\u00e2n\u0103 la 5.000 m\u00b2 care trebuie \u00eentre\u021binute automat, precis \u0219i eficient.  <\/p>\n<h3 data-section-id=\"1ptxicl\" data-start=\"1443\" data-end=\"1461\"><strong data-start=\"1447\" data-end=\"1461\">Repere<\/strong><\/h3>\n<ul>\n<li data-start=\"1957\" data-end=\"2012\"><strong data-start=\"1957\" data-end=\"1980\">Trac\u021biune integral\u0103 (4WD)<\/strong> pentru capacit\u0103\u021bi off-road extreme<\/li>\n<li data-start=\"2015\" data-end=\"2062\"><strong data-start=\"2015\" data-end=\"2060\">RTK + VSLAM + AI + naviga\u021bie cu dou\u0103 camere<\/strong><\/li>\n<li data-start=\"2065\" data-end=\"2115\"><strong data-start=\"2065\" data-end=\"2088\">Gradiente de p\u00e2n\u0103 la 80 %<\/strong> \u0219i \u00een\u0103l\u021bimi ale obstacolelor de p\u00e2n\u0103 la 8 cm<\/li>\n<li data-start=\"2118\" data-end=\"2182\"><strong data-start=\"2118\" data-end=\"2149\">Sistem de t\u0103iere cu \u0219ase lamele<\/strong> pentru performan\u021be puternice de t\u0103iere<\/li>\n<li data-start=\"2185\" data-end=\"2237\"><strong data-start=\"2185\" data-end=\"2235\">Reglarea electronic\u0103 a \u00een\u0103l\u021bimii de t\u0103iere 20-70 mm<\/strong><\/li>\n<li data-start=\"2240\" data-end=\"2300\"><strong data-start=\"2240\" data-end=\"2274\">Detectarea obstacolelor Quad-Vision<\/strong> pentru siguran\u021b\u0103 maxim\u0103<\/li>\n<li data-start=\"2303\" data-end=\"2354\"><strong data-start=\"2303\" data-end=\"2329\">Gestionare multizon\u0103<\/strong> cu p\u00e2n\u0103 la 30 de zone de cosit<\/li>\n<li data-start=\"2357\" data-end=\"2417\"><strong data-start=\"2357\" data-end=\"2388\">Modul op\u021bional PreciEdge\u2122<\/strong> pentru t\u0103ierea precis\u0103 a marginilor<\/li>\n<\/ul>\n<table style=\"height: 574px;\" width=\"1383\">\n<thead>\n<tr>\n<th>Caracteristic\u0103<\/th>\n<th>Specifica\u021bie<\/th>\n<\/tr>\n<\/thead>\n<tbody>\n<tr>\n<td>Suprafa\u021ba de ie\u0219ire<\/td>\n<td>5.000 m\u00b2<\/td>\n<\/tr>\n<tr>\n<td>L\u0103\u021bime de t\u0103iere<\/td>\n<td>24 cm<\/td>\n<\/tr>\n<tr>\n<td>\u00cen\u0103l\u021bimea de t\u0103iere<\/td>\n<td>20-70 mm (electronic)<\/td>\n<\/tr>\n<tr>\n<td>Capacitatea bateriei<\/td>\n<td>7,5 Ah<\/td>\n<\/tr>\n<tr>\n<td>Timp de cosire per \u00eenc\u0103rc\u0103tur\u0103<\/td>\n<td>aprox. 200 min<\/td>\n<\/tr>\n<tr>\n<td>Timp de \u00eenc\u0103rcare<\/td>\n<td>aprox. 60 min<\/td>\n<\/tr>\n<tr>\n<td>Max. Gradient<\/td>\n<td>80 %<\/td>\n<\/tr>\n<tr>\n<td>Dep\u0103\u0219irea obstacolelor<\/td>\n<td>p\u00e2n\u0103 la 8 cm<\/td>\n<\/tr>\n<tr>\n<td>Sistemul de trac\u021biune<\/td>\n<td>Trac\u021biune integral\u0103 (4WD)<\/td>\n<\/tr>\n<tr>\n<td>Zone de cosit<\/td>\n<td>p\u00e2n\u0103 la 30 de zone<\/td>\n<\/tr>\n<tr>\n<td>Lame<\/td>\n<td>6 cu\u021bite durabile<\/td>\n<\/tr>\n<tr>\n<td>Naviga\u021bie<\/td>\n<td>RTK + VSLAM + AI + camer\u0103 dubl\u0103<\/td>\n<\/tr>\n<tr>\n<td>Detectarea obstacolelor<\/td>\n<td>Sistem Quad Vision<\/td>\n<\/tr>\n<tr>\n<td>Nivel sonor<\/td>\n<td>60 dB(A)<\/td>\n<\/tr>\n<tr>\n<td>Clasa de protec\u021bie<\/td>\n<td>IPX6 rezistent la ap\u0103<\/td>\n<\/tr>\n<tr>\n<td>Conectivitate<\/td>\n<td>WLAN, Bluetooth, 4G<\/td>\n<\/tr>\n<tr>\n<td>Dimensiuni<\/td>\n<td>661 \u00d7 475 \u00d7 294 mm<\/td>\n<\/tr>\n<tr>\n<td>Greutate<\/td>\n<td>aprox. 21 kg<\/td>\n<\/tr>\n<\/tbody>\n<\/table>\n<p data-section-id=\"3stgze\" data-start=\"3103\" data-end=\"3123\"><strong>Accesorii op\u021bionale<\/strong><\/p>\n<ul>\n<li data-start=\"3127\" data-end=\"3137\">Garaj Z<\/li>\n<li data-start=\"3140\" data-end=\"3174\">12 lame de schimb (cu \u0219uruburi)<\/li>\n<li data-start=\"3177\" data-end=\"3198\">Kit de montare pe perete RTK<\/li>\n<li data-start=\"3201\" data-end=\"3215\">Unitate de alimentare RTK<\/li>\n<li data-start=\"3218\" data-end=\"3242\">Cablu de extensie RTK<\/li>\n<li data-start=\"3245\" data-end=\"3279\">Cablu prelungitor pentru \u00eenc\u0103rc\u0103tor<\/li>\n<li data-start=\"3282\" data-end=\"3316\">Modul de t\u0103iere a marginilor (PreciEdge\u2122)<\/li>\n<li data-start=\"3319\" data-end=\"3347\">Ro\u021bi pentru teren accidentat<\/li>\n<\/ul>\n","protected":false},"excerpt":{"rendered":"<p data-start=\"311\" data-end=\"583\"><strong data-start=\"96\" data-end=\"116\">Roborock RockMow Z130 AWD<\/strong> tunde automat \u0219i precis gr\u0103dini mari de p\u00e2n\u0103 la 5.000 m\u00b2. Cu trac\u021biune integral\u0103, naviga\u021bie asistat\u0103 de AI, control prin aplica\u021bie \u0219i modul de t\u0103iere a marginilor PreciEdge\u2122, asigur\u0103 t\u0103ieri uniforme chiar \u0219i pe terenuri dificile. <\/p>\n","protected":false},"featured_media":33394,"template":"","meta":[],"pwb-brand":[3353],"product_brand":[],"product_cat":[1396,3064],"product_tag":[3390,3352,3348,3346,3351,3350,3392,3373,3399,3343,3394,3400,3391,3347,3389,3393],"class_list":{"0":"post-33422","1":"product","2":"type-product","3":"status-publish","4":"has-post-thumbnail","6":"pwb-brand-roborock","7":"product_cat-robot-pentru-gazon","8":"product_cat-roboti-de-tuns-iarba-fara-fir","9":"product_tag-4wd","10":"product_tag-adaptarea-terenului","11":"product_tag-autopropulsat","12":"product_tag-controlat-de-aplicatie","13":"product_tag-evitarea-obstacolelor","14":"product_tag-ipx6-rezistent-la-apa","15":"product_tag-navigatie-rtk","16":"product_tag-preciedge","17":"product_tag-robot-de-gazon-cu-inteligenta-artificiala","18":"product_tag-robot-inteligent-pentru-gazon","19":"product_tag-sentisfera","20":"product_tag-suprafata-de-iesire-5000-m","21":"product_tag-suspensie-dinamica","22":"product_tag-taierea-marginilor","23":"product_tag-tractiune-integrala","24":"product_tag-vslam","26":"first","27":"instock","28":"taxable","29":"shipping-taxable","30":"purchasable","31":"product-type-simple"},"yoast_head":"<!-- This site is optimized with the Yoast SEO plugin v27.2 - https:\/\/yoast.com\/product\/yoast-seo-wordpress\/ -->\n<title>Roborock RockMow Z130 AWD - Prochaska<\/title>\n<meta name=\"description\" content=\"Roborock RockMow Z130 AWD este un robot inteligent de tuns iarba cu trac\u021biune integral\u0103 pentru gr\u0103dini mari de p\u00e2n\u0103 la 5.000 m\u00b2. Cu naviga\u021bie RTK, cartografiere AI, control prin aplica\u021bie \u0219i modul de t\u0103iere a marginilor PreciEdge\u2122, acesta asigur\u0103 \u00eengrijirea eficient\u0103 \u0219i automat\u0103 a gazonului - \u00een siguran\u021b\u0103, \u00een lini\u0219te \u0219i cu precizie.\" \/>\n<meta name=\"robots\" content=\"index, follow, max-snippet:-1, max-image-preview:large, max-video-preview:-1\" \/>\n<link rel=\"canonical\" href=\"https:\/\/prochaska.eu\/ro\/produs\/roborock-rockmow-z130-awd\/\" \/>\n<meta property=\"og:locale\" content=\"ro_RO\" \/>\n<meta property=\"og:type\" content=\"article\" \/>\n<meta property=\"og:title\" content=\"Roborock RockMow Z130 AWD - Prochaska\" \/>\n<meta property=\"og:description\" content=\"Roborock RockMow Z130 AWD este un robot inteligent de tuns iarba cu trac\u021biune integral\u0103 pentru gr\u0103dini mari de p\u00e2n\u0103 la 5.000 m\u00b2. Cu naviga\u021bie RTK, cartografiere AI, control prin aplica\u021bie \u0219i modul de t\u0103iere a marginilor PreciEdge\u2122, acesta asigur\u0103 \u00eengrijirea eficient\u0103 \u0219i automat\u0103 a gazonului - \u00een siguran\u021b\u0103, \u00een lini\u0219te \u0219i cu precizie.\" \/>\n<meta property=\"og:url\" content=\"https:\/\/prochaska.eu\/ro\/produs\/roborock-rockmow-z130-awd\/\" \/>\n<meta property=\"og:site_name\" content=\"Prochaska\" \/>\n<meta property=\"article:publisher\" content=\"https:\/\/www.facebook.com\/prochaska.eu\/\" \/>\n<meta property=\"article:modified_time\" content=\"2026-03-17T08:43:33+00:00\" \/>\n<meta property=\"og:image\" content=\"https:\/\/prochaska.eu\/wp-content\/uploads\/2026\/03\/Monet_Right-Top-View-scaled.webp\" \/>\n\t<meta property=\"og:image:width\" content=\"2560\" \/>\n\t<meta property=\"og:image:height\" content=\"2560\" \/>\n\t<meta property=\"og:image:type\" content=\"image\/webp\" \/>\n<meta name=\"twitter:card\" content=\"summary_large_image\" \/>\n<meta name=\"twitter:label1\" content=\"Timp estimat pentru citire\" \/>\n\t<meta name=\"twitter:data1\" content=\"2 minute\" \/>\n<script type=\"application\/ld+json\" class=\"yoast-schema-graph\">{\"@context\":\"https:\/\/schema.org\",\"@graph\":[{\"@type\":\"WebPage\",\"@id\":\"https:\/\/prochaska.eu\/ro\/produs\/roborock-rockmow-z130-awd\/\",\"url\":\"https:\/\/prochaska.eu\/ro\/produs\/roborock-rockmow-z130-awd\/\",\"name\":\"Roborock RockMow Z130 AWD - Prochaska\",\"isPartOf\":{\"@id\":\"https:\/\/prochaska.eu\/ro\/#website\"},\"primaryImageOfPage\":{\"@id\":\"https:\/\/prochaska.eu\/ro\/produs\/roborock-rockmow-z130-awd\/#primaryimage\"},\"image\":{\"@id\":\"https:\/\/prochaska.eu\/ro\/produs\/roborock-rockmow-z130-awd\/#primaryimage\"},\"thumbnailUrl\":\"https:\/\/prochaska.eu\/wp-content\/uploads\/2026\/03\/Monet_Right-Top-View-scaled.webp\",\"datePublished\":\"2026-03-17T08:39:21+00:00\",\"dateModified\":\"2026-03-17T08:43:33+00:00\",\"description\":\"Roborock RockMow Z130 AWD este un robot inteligent de tuns iarba cu trac\u021biune integral\u0103 pentru gr\u0103dini mari de p\u00e2n\u0103 la 5.000 m\u00b2. Cu naviga\u021bie RTK, cartografiere AI, control prin aplica\u021bie \u0219i modul de t\u0103iere a marginilor PreciEdge\u2122, acesta asigur\u0103 \u00eengrijirea eficient\u0103 \u0219i automat\u0103 a gazonului - \u00een siguran\u021b\u0103, \u00een lini\u0219te \u0219i cu precizie.\",\"breadcrumb\":{\"@id\":\"https:\/\/prochaska.eu\/ro\/produs\/roborock-rockmow-z130-awd\/#breadcrumb\"},\"inLanguage\":\"ro-RO\",\"potentialAction\":[{\"@type\":\"ReadAction\",\"target\":[\"https:\/\/prochaska.eu\/ro\/produs\/roborock-rockmow-z130-awd\/\"]}]},{\"@type\":\"ImageObject\",\"inLanguage\":\"ro-RO\",\"@id\":\"https:\/\/prochaska.eu\/ro\/produs\/roborock-rockmow-z130-awd\/#primaryimage\",\"url\":\"https:\/\/prochaska.eu\/wp-content\/uploads\/2026\/03\/Monet_Right-Top-View-scaled.webp\",\"contentUrl\":\"https:\/\/prochaska.eu\/wp-content\/uploads\/2026\/03\/Monet_Right-Top-View-scaled.webp\",\"width\":2560,\"height\":2560,\"caption\":\"Roborock Seria Z AWD\"},{\"@type\":\"BreadcrumbList\",\"@id\":\"https:\/\/prochaska.eu\/ro\/produs\/roborock-rockmow-z130-awd\/#breadcrumb\",\"itemListElement\":[{\"@type\":\"ListItem\",\"position\":1,\"name\":\"Home\",\"item\":\"https:\/\/prochaska.eu\/ro\/\"},{\"@type\":\"ListItem\",\"position\":2,\"name\":\"Shop\",\"item\":\"https:\/\/prochaska.eu\/ro\/shop\/\"},{\"@type\":\"ListItem\",\"position\":3,\"name\":\"Roborock RockMow Z130 AWD\"}]},{\"@type\":\"WebSite\",\"@id\":\"https:\/\/prochaska.eu\/ro\/#website\",\"url\":\"https:\/\/prochaska.eu\/ro\/\",\"name\":\"Prochaska\",\"description\":\"Spezialist f\u00fcr Pflege von Gr\u00fcnfl\u00e4chen\",\"publisher\":{\"@id\":\"https:\/\/prochaska.eu\/ro\/#organization\"},\"potentialAction\":[{\"@type\":\"SearchAction\",\"target\":{\"@type\":\"EntryPoint\",\"urlTemplate\":\"https:\/\/prochaska.eu\/ro\/?s={search_term_string}\"},\"query-input\":{\"@type\":\"PropertyValueSpecification\",\"valueRequired\":true,\"valueName\":\"search_term_string\"}}],\"inLanguage\":\"ro-RO\"},{\"@type\":\"Organization\",\"@id\":\"https:\/\/prochaska.eu\/ro\/#organization\",\"name\":\"Prochaska\",\"url\":\"https:\/\/prochaska.eu\/ro\/\",\"logo\":{\"@type\":\"ImageObject\",\"inLanguage\":\"ro-RO\",\"@id\":\"https:\/\/prochaska.eu\/ro\/#\/schema\/logo\/image\/\",\"url\":\"https:\/\/prochaska.eu\/wp-content\/uploads\/2024\/04\/Prochaska_Logo_Black-1.png\",\"contentUrl\":\"https:\/\/prochaska.eu\/wp-content\/uploads\/2024\/04\/Prochaska_Logo_Black-1.png\",\"width\":796,\"height\":236,\"caption\":\"Prochaska\"},\"image\":{\"@id\":\"https:\/\/prochaska.eu\/ro\/#\/schema\/logo\/image\/\"},\"sameAs\":[\"https:\/\/www.facebook.com\/prochaska.eu\/\",\"https:\/\/www.instagram.com\/prochaska.eu\/\",\"https:\/\/www.linkedin.com\/company\/prochaska-handels-gmbh\"]}]}<\/script>\n<!-- \/ Yoast SEO plugin. -->","yoast_head_json":{"title":"Roborock RockMow Z130 AWD - Prochaska","description":"Roborock RockMow Z130 AWD este un robot inteligent de tuns iarba cu trac\u021biune integral\u0103 pentru gr\u0103dini mari de p\u00e2n\u0103 la 5.000 m\u00b2. Cu naviga\u021bie RTK, cartografiere AI, control prin aplica\u021bie \u0219i modul de t\u0103iere a marginilor PreciEdge\u2122, acesta asigur\u0103 \u00eengrijirea eficient\u0103 \u0219i automat\u0103 a gazonului - \u00een siguran\u021b\u0103, \u00een lini\u0219te \u0219i cu precizie.","robots":{"index":"index","follow":"follow","max-snippet":"max-snippet:-1","max-image-preview":"max-image-preview:large","max-video-preview":"max-video-preview:-1"},"canonical":"https:\/\/prochaska.eu\/ro\/produs\/roborock-rockmow-z130-awd\/","og_locale":"ro_RO","og_type":"article","og_title":"Roborock RockMow Z130 AWD - Prochaska","og_description":"Roborock RockMow Z130 AWD este un robot inteligent de tuns iarba cu trac\u021biune integral\u0103 pentru gr\u0103dini mari de p\u00e2n\u0103 la 5.000 m\u00b2. Cu naviga\u021bie RTK, cartografiere AI, control prin aplica\u021bie \u0219i modul de t\u0103iere a marginilor PreciEdge\u2122, acesta asigur\u0103 \u00eengrijirea eficient\u0103 \u0219i automat\u0103 a gazonului - \u00een siguran\u021b\u0103, \u00een lini\u0219te \u0219i cu precizie.","og_url":"https:\/\/prochaska.eu\/ro\/produs\/roborock-rockmow-z130-awd\/","og_site_name":"Prochaska","article_publisher":"https:\/\/www.facebook.com\/prochaska.eu\/","article_modified_time":"2026-03-17T08:43:33+00:00","og_image":[{"width":2560,"height":2560,"url":"https:\/\/prochaska.eu\/wp-content\/uploads\/2026\/03\/Monet_Right-Top-View-scaled.webp","type":"image\/webp"}],"twitter_card":"summary_large_image","twitter_misc":{"Timp estimat pentru citire":"2 minute"},"schema":{"@context":"https:\/\/schema.org","@graph":[{"@type":"WebPage","@id":"https:\/\/prochaska.eu\/ro\/produs\/roborock-rockmow-z130-awd\/","url":"https:\/\/prochaska.eu\/ro\/produs\/roborock-rockmow-z130-awd\/","name":"Roborock RockMow Z130 AWD - Prochaska","isPartOf":{"@id":"https:\/\/prochaska.eu\/ro\/#website"},"primaryImageOfPage":{"@id":"https:\/\/prochaska.eu\/ro\/produs\/roborock-rockmow-z130-awd\/#primaryimage"},"image":{"@id":"https:\/\/prochaska.eu\/ro\/produs\/roborock-rockmow-z130-awd\/#primaryimage"},"thumbnailUrl":"https:\/\/prochaska.eu\/wp-content\/uploads\/2026\/03\/Monet_Right-Top-View-scaled.webp","datePublished":"2026-03-17T08:39:21+00:00","dateModified":"2026-03-17T08:43:33+00:00","description":"Roborock RockMow Z130 AWD este un robot inteligent de tuns iarba cu trac\u021biune integral\u0103 pentru gr\u0103dini mari de p\u00e2n\u0103 la 5.000 m\u00b2. Cu naviga\u021bie RTK, cartografiere AI, control prin aplica\u021bie \u0219i modul de t\u0103iere a marginilor PreciEdge\u2122, acesta asigur\u0103 \u00eengrijirea eficient\u0103 \u0219i automat\u0103 a gazonului - \u00een siguran\u021b\u0103, \u00een lini\u0219te \u0219i cu precizie.","breadcrumb":{"@id":"https:\/\/prochaska.eu\/ro\/produs\/roborock-rockmow-z130-awd\/#breadcrumb"},"inLanguage":"ro-RO","potentialAction":[{"@type":"ReadAction","target":["https:\/\/prochaska.eu\/ro\/produs\/roborock-rockmow-z130-awd\/"]}]},{"@type":"ImageObject","inLanguage":"ro-RO","@id":"https:\/\/prochaska.eu\/ro\/produs\/roborock-rockmow-z130-awd\/#primaryimage","url":"https:\/\/prochaska.eu\/wp-content\/uploads\/2026\/03\/Monet_Right-Top-View-scaled.webp","contentUrl":"https:\/\/prochaska.eu\/wp-content\/uploads\/2026\/03\/Monet_Right-Top-View-scaled.webp","width":2560,"height":2560,"caption":"Roborock Seria Z AWD"},{"@type":"BreadcrumbList","@id":"https:\/\/prochaska.eu\/ro\/produs\/roborock-rockmow-z130-awd\/#breadcrumb","itemListElement":[{"@type":"ListItem","position":1,"name":"Home","item":"https:\/\/prochaska.eu\/ro\/"},{"@type":"ListItem","position":2,"name":"Shop","item":"https:\/\/prochaska.eu\/ro\/shop\/"},{"@type":"ListItem","position":3,"name":"Roborock RockMow Z130 AWD"}]},{"@type":"WebSite","@id":"https:\/\/prochaska.eu\/ro\/#website","url":"https:\/\/prochaska.eu\/ro\/","name":"Prochaska","description":"Spezialist f\u00fcr Pflege von Gr\u00fcnfl\u00e4chen","publisher":{"@id":"https:\/\/prochaska.eu\/ro\/#organization"},"potentialAction":[{"@type":"SearchAction","target":{"@type":"EntryPoint","urlTemplate":"https:\/\/prochaska.eu\/ro\/?s={search_term_string}"},"query-input":{"@type":"PropertyValueSpecification","valueRequired":true,"valueName":"search_term_string"}}],"inLanguage":"ro-RO"},{"@type":"Organization","@id":"https:\/\/prochaska.eu\/ro\/#organization","name":"Prochaska","url":"https:\/\/prochaska.eu\/ro\/","logo":{"@type":"ImageObject","inLanguage":"ro-RO","@id":"https:\/\/prochaska.eu\/ro\/#\/schema\/logo\/image\/","url":"https:\/\/prochaska.eu\/wp-content\/uploads\/2024\/04\/Prochaska_Logo_Black-1.png","contentUrl":"https:\/\/prochaska.eu\/wp-content\/uploads\/2024\/04\/Prochaska_Logo_Black-1.png","width":796,"height":236,"caption":"Prochaska"},"image":{"@id":"https:\/\/prochaska.eu\/ro\/#\/schema\/logo\/image\/"},"sameAs":["https:\/\/www.facebook.com\/prochaska.eu\/","https:\/\/www.instagram.com\/prochaska.eu\/","https:\/\/www.linkedin.com\/company\/prochaska-handels-gmbh"]}]}},"brands":[{"id":3353,"name":"Roborock","slug":"roborock"}],"_links":{"self":[{"href":"https:\/\/prochaska.eu\/ro\/wp-json\/wp\/v2\/product\/33422","targetHints":{"allow":["GET"]}}],"collection":[{"href":"https:\/\/prochaska.eu\/ro\/wp-json\/wp\/v2\/product"}],"about":[{"href":"https:\/\/prochaska.eu\/ro\/wp-json\/wp\/v2\/types\/product"}],"version-history":[{"count":1,"href":"https:\/\/prochaska.eu\/ro\/wp-json\/wp\/v2\/product\/33422\/revisions"}],"predecessor-version":[{"id":33423,"href":"https:\/\/prochaska.eu\/ro\/wp-json\/wp\/v2\/product\/33422\/revisions\/33423"}],"wp:featuredmedia":[{"embeddable":true,"href":"https:\/\/prochaska.eu\/ro\/wp-json\/wp\/v2\/media\/33394"}],"wp:attachment":[{"href":"https:\/\/prochaska.eu\/ro\/wp-json\/wp\/v2\/media?parent=33422"}],"wp:term":[{"taxonomy":"pwb-brand","embeddable":true,"href":"https:\/\/prochaska.eu\/ro\/wp-json\/wp\/v2\/pwb-brand?post=33422"},{"taxonomy":"product_brand","embeddable":true,"href":"https:\/\/prochaska.eu\/ro\/wp-json\/wp\/v2\/product_brand?post=33422"},{"taxonomy":"product_cat","embeddable":true,"href":"https:\/\/prochaska.eu\/ro\/wp-json\/wp\/v2\/product_cat?post=33422"},{"taxonomy":"product_tag","embeddable":true,"href":"https:\/\/prochaska.eu\/ro\/wp-json\/wp\/v2\/product_tag?post=33422"}],"curies":[{"name":"wp","href":"https:\/\/api.w.org\/{rel}","templated":true}]}}