{"id":33461,"date":"2026-03-17T10:04:23","date_gmt":"2026-03-17T10:04:23","guid":{"rendered":"https:\/\/prochaska.eu\/produkt\/roborock-rockmow-z120-awd-lidar\/"},"modified":"2026-03-17T10:11:40","modified_gmt":"2026-03-17T10:11:40","slug":"roborock-rockmow-z120-awd-lidar","status":"publish","type":"product","link":"https:\/\/prochaska.eu\/ro\/produs\/roborock-rockmow-z120-awd-lidar\/","title":{"rendered":"Roborock RockMow Z120 AWD + LiDAR"},"content":{"rendered":"<h1 data-section-id=\"1ifj9j9\" data-start=\"104\" data-end=\"165\">Roborock RockMow Z120 AWD + LiDAR &#8211; Robot cositor inteligent cu trac\u021biune integral\u0103<\/h1>\n<p data-start=\"614\" data-end=\"829\">Experimenta\u021bi cea mai mare precizie \u00een \u00eengrijirea gazonului cu Roborock <strong data-start=\"667\" data-end=\"695\">RockMow Z120 AWD + LiDAR<\/strong>. Echipat cu <strong data-start=\"714\" data-end=\"741\">Sentisphere\u2122 360\u00b0 LiDAR<\/strong>, RTK, VSLAM \u0219i cartografiere AI, acesta navigheaz\u0103 fiabil prin gr\u0103dini complexe \u0219i dense. <\/p>\n<p data-start=\"831\" data-end=\"1270\"><strong data-start=\"831\" data-end=\"854\">Trac\u021biunea integral\u0103 (AWD)<\/strong>, <strong data-start=\"869\" data-end=\"891\">sistemul<\/strong> patentat <strong data-start=\"869\" data-end=\"891\">de direc\u021bie activ\u0103<\/strong> \u0219i <strong data-start=\"896\" data-end=\"925\">sistemul de suspensie dinamic\u0103<\/strong> st\u0103p\u00e2nesc pante de p\u00e2n\u0103 la 80 % \u0219i obstacole de p\u00e2n\u0103 la 8 cm. Platforma de t\u0103iere plutitoare se adapteaz\u0103 automat la terenurile denivelate, \u00een timp ce <strong data-start=\"1065\" data-end=\"1089\">sistemul cu \u0219ase lame<\/strong> cu l\u0103\u021bime de t\u0103iere de 24 cm \u0219i reglare electronic\u0103 a \u00een\u0103l\u021bimii (20-70 mm) asigur\u0103 t\u0103ieri uniforme. <strong data-start=\"1213\" data-end=\"1247\">Modulul<\/strong> op\u021bional <strong data-start=\"1213\" data-end=\"1247\">de t\u0103iere a marginilor PreciEdge\u2122<\/strong> asigur\u0103 cosirea cu margini apropiate.  <\/p>\n<p data-start=\"1272\" data-end=\"1596\"><strong data-start=\"1281\" data-end=\"1297\">Aplica\u021bia Roborock<\/strong> poate fi utilizat\u0103 pentru a gestiona p\u00e2n\u0103 la <strong data-start=\"1317\" data-end=\"1332\">30 de zone de cosit<\/strong>, pentru a crea modele de cosit personalizate \u0219i pentru a urm\u0103ri progresul \u00een timp real. <strong data-start=\"1420\" data-end=\"1465\">Codul PIN, alarma de \u00eenalt\u0103 frecven\u021b\u0103 \u0219i localizarea 4G<\/strong> protejeaz\u0103 \u00een mod fiabil ma\u0219ina de tuns iarba robotizat\u0103 \u00eempotriva furtului. Func\u021bionarea silen\u021bioas\u0103 \u0219i tunderea eficient\u0103 cu mulci asigur\u0103 un gazon s\u0103n\u0103tos \u0219i dens. <\/p>\n<h3 data-section-id=\"1ptxicl\" data-start=\"1443\" data-end=\"1461\"><strong data-start=\"1447\" data-end=\"1461\">Repere<\/strong><\/h3>\n<ul>\n<li data-start=\"207\" data-end=\"296\"><strong data-start=\"207\" data-end=\"242\">360\u00b0 Sentisphere\u2122 LiDAR + VSLAM<\/strong> &#8211; cartografiere 3D precis\u0103 pentru navigare inteligent\u0103<\/li>\n<li data-start=\"299\" data-end=\"378\"><strong data-start=\"299\" data-end=\"322\">Trac\u021biune integral\u0103 (AWD)<\/strong> &#8211; st\u0103p\u00e2ne\u0219te pante de p\u00e2n\u0103 la 80 % \u0219i obstacole de p\u00e2n\u0103 la 8 cm<\/li>\n<li data-start=\"517\" data-end=\"609\"><strong data-start=\"517\" data-end=\"544\">\u0218ase lame cu durat\u0103 lung\u0103 de via\u021b\u0103<\/strong> &#8211; 24 cm l\u0103\u021bime de t\u0103iere, reglare electronic\u0103 a \u00een\u0103l\u021bimii 20-70 mm<\/li>\n<li data-start=\"612\" data-end=\"690\"><strong data-start=\"612\" data-end=\"657\">Modul de t\u0103iere a marginilor PreciEdge\u2122 (op\u021bional)<\/strong> &#8211; t\u0103iere perfect\u0103 a marginilor de gazon<\/li>\n<li data-start=\"693\" data-end=\"758\"><strong data-start=\"693\" data-end=\"710\">Control prin aplica\u021bie<\/strong> &#8211; p\u00e2n\u0103 la 30 de zone de cosit \u0219i modele de cosit personalizate<\/li>\n<li data-start=\"761\" data-end=\"822\"><strong data-start=\"761\" data-end=\"790\">Func\u021bionare silen\u021bioas\u0103 (60 dB(A))<\/strong> &amp; cosire cu mulci cu economisire de energie<\/li>\n<li data-start=\"825\" data-end=\"891\"><strong data-start=\"825\" data-end=\"848\">Securitate maxim\u0103<\/strong> &#8211; cod PIN, alarm\u0103 de \u00eenalt\u0103 frecven\u021b\u0103, localizare 4G<\/li>\n<li data-start=\"894\" data-end=\"963\"><strong data-start=\"894\" data-end=\"921\">Pentru gr\u0103dini de p\u00e2n\u0103 la 2.000 m\u00b2<\/strong> &#8211; chiar \u0219i cu terenuri complexe \u0219i dense<\/li>\n<\/ul>\n<table style=\"height: 574px;\" width=\"1383\">\n<thead>\n<tr>\n<th>Caracteristic\u0103<\/th>\n<th>Specifica\u021bie<\/th>\n<\/tr>\n<\/thead>\n<tbody>\n<tr>\n<td>Suprafa\u021ba de ie\u0219ire<\/td>\n<td>2.000 m\u00b2<\/td>\n<\/tr>\n<tr>\n<td>L\u0103\u021bime de t\u0103iere<\/td>\n<td>24 cm<\/td>\n<\/tr>\n<tr>\n<td>\u00cen\u0103l\u021bimea de t\u0103iere<\/td>\n<td>20-70 mm (electronic)<\/td>\n<\/tr>\n<tr>\n<td>Capacitatea bateriei<\/td>\n<td>6 Ah<\/td>\n<\/tr>\n<tr>\n<td>Timp de cosire per \u00eenc\u0103rc\u0103tur\u0103<\/td>\n<td>aprox. 110 min<\/td>\n<\/tr>\n<tr>\n<td>Timp de \u00eenc\u0103rcare<\/td>\n<td>aprox. 65 min<\/td>\n<\/tr>\n<tr>\n<td>Max. Gradient<\/td>\n<td>80 %<\/td>\n<\/tr>\n<tr>\n<td>Dep\u0103\u0219irea obstacolelor<\/td>\n<td>p\u00e2n\u0103 la 8 cm<\/td>\n<\/tr>\n<tr>\n<td>Sistemul de trac\u021biune<\/td>\n<td>Trac\u021biune integral\u0103 (4WD)<\/td>\n<\/tr>\n<tr>\n<td>Zone de cosit<\/td>\n<td>p\u00e2n\u0103 la 30 de zone<\/td>\n<\/tr>\n<tr>\n<td>Lame<\/td>\n<td>6 cu\u021bite durabile<\/td>\n<\/tr>\n<tr>\n<td>Naviga\u021bie<\/td>\n<td>360\u00b0 Sentisphere\u2122 LiDAR + VSLAM + AI<\/td>\n<\/tr>\n<tr>\n<td>Detectarea obstacolelor<\/td>\n<td>Sistem de fuziune viziune-LiDAR<\/td>\n<\/tr>\n<tr>\n<td>Nivel sonor<\/td>\n<td>60 dB(A)<\/td>\n<\/tr>\n<tr>\n<td>Clasa de protec\u021bie<\/td>\n<td>IPX6 rezistent la ap\u0103<\/td>\n<\/tr>\n<tr>\n<td>Conectivitate<\/td>\n<td>WLAN, Bluetooth, 4G<\/td>\n<\/tr>\n<tr>\n<td>Dimensiuni<\/td>\n<td>661 \u00d7 475 \u00d7 332 mm<\/td>\n<\/tr>\n<tr>\n<td>Greutate<\/td>\n<td>aprox. 21,7 kg<\/td>\n<\/tr>\n<\/tbody>\n<\/table>\n<p data-section-id=\"3stgze\" data-start=\"3103\" data-end=\"3123\"><strong>Accesorii op\u021bionale<\/strong><\/p>\n<ul>\n<li data-start=\"3127\" data-end=\"3137\">Garaj Z<\/li>\n<li data-start=\"3140\" data-end=\"3174\">12 lame de schimb (cu \u0219uruburi)<\/li>\n<li data-start=\"3245\" data-end=\"3279\">Cablu prelungitor pentru \u00eenc\u0103rc\u0103tor<\/li>\n<li data-start=\"3282\" data-end=\"3316\">Modul de t\u0103iere a marginilor (PreciEdge\u2122)<\/li>\n<li data-start=\"3319\" data-end=\"3347\">Ro\u021bi pentru teren accidentat<\/li>\n<\/ul>\n","protected":false},"excerpt":{"rendered":"<p data-start=\"311\" data-end=\"583\"><strong data-start=\"207\" data-end=\"235\">RockMow Z120 AWD + LiDAR<\/strong> este o cositoare robotizat\u0103 inteligent\u0103 cu trac\u021biune integral\u0103 pentru gr\u0103dini de p\u00e2n\u0103 la <strong data-start=\"291\" data-end=\"303\">2.000 m\u00b2<\/strong>. Datorit\u0103 cartografierii 3D LiDAR 360\u00b0, RTK, VSLAM \u0219i AI, aceasta navigheaz\u0103 cu precizie, st\u0103p\u00e2ne\u0219te pante de p\u00e2n\u0103 la 80 % \u0219i obstacole de p\u00e2n\u0103 la 8 cm. Sistemul de t\u0103iere cu \u0219ase lame, cu o l\u0103\u021bime de t\u0103iere de 24 cm, asigur\u0103 o t\u0103iere curat\u0103, \u00een timp ce PreciEdge\u2122 ofer\u0103 op\u021bional o tundere pe margini apropiate.  <\/p>\n","protected":false},"featured_media":33443,"template":"","meta":[],"pwb-brand":[3353],"product_brand":[],"product_cat":[1396,3064],"product_tag":[3422,3420,3346,3421,3423,3424,3344,3350,3418,3373,3341,3419,3399,3417,3394,3393],"class_list":{"0":"post-33461","1":"product","2":"type-product","3":"status-publish","4":"has-post-thumbnail","6":"pwb-brand-roborock","7":"product_cat-robot-pentru-gazon","8":"product_cat-roboti-de-tuns-iarba-fara-fir","9":"product_tag-2-000-m","10":"product_tag-awd","11":"product_tag-controlat-de-aplicatie","12":"product_tag-cositoare-cu-mulcire","13":"product_tag-detectarea-obstacolelor","14":"product_tag-gradina-inteligenta","15":"product_tag-intretinerea-gradinii","16":"product_tag-ipx6-rezistent-la-apa","17":"product_tag-lidar","18":"product_tag-preciedge","19":"product_tag-roborock","20":"product_tag-robot-cositor-cu-tractiune-integrala","21":"product_tag-robot-de-gazon-cu-inteligenta-artificiala","22":"product_tag-rockmow-z120","23":"product_tag-sentisfera","24":"product_tag-vslam","26":"first","27":"instock","28":"taxable","29":"shipping-taxable","30":"purchasable","31":"product-type-simple"},"yoast_head":"<!-- This site is optimized with the Yoast SEO plugin v27.2 - https:\/\/yoast.com\/product\/yoast-seo-wordpress\/ -->\n<title>Roborock RockMow Z120 AWD + LiDAR - Prochaska<\/title>\n<meta name=\"description\" content=\"Roborock RockMow Z120 AWD + LiDAR este o cositoare robotizat\u0103 cu patru ro\u021bi pentru gr\u0103dini de p\u00e2n\u0103 la 2.000 m\u00b2. LiDAR 360\u00b0, VSLAM, cartografiere AI, modul de t\u0103iere a marginilor PreciEdge\u2122 \u0219i controlul prin aplica\u021bie asigur\u0103 o cosire precis\u0103, aproape de margine \u0219i eficient\u0103.\" \/>\n<meta name=\"robots\" content=\"index, follow, max-snippet:-1, max-image-preview:large, max-video-preview:-1\" \/>\n<link rel=\"canonical\" href=\"https:\/\/prochaska.eu\/ro\/produs\/roborock-rockmow-z120-awd-lidar\/\" \/>\n<meta property=\"og:locale\" content=\"ro_RO\" \/>\n<meta property=\"og:type\" content=\"article\" \/>\n<meta property=\"og:title\" content=\"Roborock RockMow Z120 AWD + LiDAR - Prochaska\" \/>\n<meta property=\"og:description\" content=\"Roborock RockMow Z120 AWD + LiDAR este o cositoare robotizat\u0103 cu patru ro\u021bi pentru gr\u0103dini de p\u00e2n\u0103 la 2.000 m\u00b2. LiDAR 360\u00b0, VSLAM, cartografiere AI, modul de t\u0103iere a marginilor PreciEdge\u2122 \u0219i controlul prin aplica\u021bie asigur\u0103 o cosire precis\u0103, aproape de margine \u0219i eficient\u0103.\" \/>\n<meta property=\"og:url\" content=\"https:\/\/prochaska.eu\/ro\/produs\/roborock-rockmow-z120-awd-lidar\/\" \/>\n<meta property=\"og:site_name\" content=\"Prochaska\" \/>\n<meta property=\"article:publisher\" content=\"https:\/\/www.facebook.com\/prochaska.eu\/\" \/>\n<meta property=\"article:modified_time\" content=\"2026-03-17T10:11:40+00:00\" \/>\n<meta property=\"og:image\" content=\"https:\/\/prochaska.eu\/wp-content\/uploads\/2026\/03\/Freisteller-mainphoto-scaled.webp\" \/>\n\t<meta property=\"og:image:width\" content=\"2560\" \/>\n\t<meta property=\"og:image:height\" content=\"2560\" \/>\n\t<meta property=\"og:image:type\" content=\"image\/webp\" \/>\n<meta name=\"twitter:card\" content=\"summary_large_image\" \/>\n<meta name=\"twitter:label1\" content=\"Timp estimat pentru citire\" \/>\n\t<meta name=\"twitter:data1\" content=\"2 minute\" \/>\n<script type=\"application\/ld+json\" class=\"yoast-schema-graph\">{\"@context\":\"https:\/\/schema.org\",\"@graph\":[{\"@type\":\"WebPage\",\"@id\":\"https:\/\/prochaska.eu\/ro\/produs\/roborock-rockmow-z120-awd-lidar\/\",\"url\":\"https:\/\/prochaska.eu\/ro\/produs\/roborock-rockmow-z120-awd-lidar\/\",\"name\":\"Roborock RockMow Z120 AWD + LiDAR - Prochaska\",\"isPartOf\":{\"@id\":\"https:\/\/prochaska.eu\/ro\/#website\"},\"primaryImageOfPage\":{\"@id\":\"https:\/\/prochaska.eu\/ro\/produs\/roborock-rockmow-z120-awd-lidar\/#primaryimage\"},\"image\":{\"@id\":\"https:\/\/prochaska.eu\/ro\/produs\/roborock-rockmow-z120-awd-lidar\/#primaryimage\"},\"thumbnailUrl\":\"https:\/\/prochaska.eu\/wp-content\/uploads\/2026\/03\/Freisteller-mainphoto-scaled.webp\",\"datePublished\":\"2026-03-17T10:04:23+00:00\",\"dateModified\":\"2026-03-17T10:11:40+00:00\",\"description\":\"Roborock RockMow Z120 AWD + LiDAR este o cositoare robotizat\u0103 cu patru ro\u021bi pentru gr\u0103dini de p\u00e2n\u0103 la 2.000 m\u00b2. LiDAR 360\u00b0, VSLAM, cartografiere AI, modul de t\u0103iere a marginilor PreciEdge\u2122 \u0219i controlul prin aplica\u021bie asigur\u0103 o cosire precis\u0103, aproape de margine \u0219i eficient\u0103.\",\"breadcrumb\":{\"@id\":\"https:\/\/prochaska.eu\/ro\/produs\/roborock-rockmow-z120-awd-lidar\/#breadcrumb\"},\"inLanguage\":\"ro-RO\",\"potentialAction\":[{\"@type\":\"ReadAction\",\"target\":[\"https:\/\/prochaska.eu\/ro\/produs\/roborock-rockmow-z120-awd-lidar\/\"]}]},{\"@type\":\"ImageObject\",\"inLanguage\":\"ro-RO\",\"@id\":\"https:\/\/prochaska.eu\/ro\/produs\/roborock-rockmow-z120-awd-lidar\/#primaryimage\",\"url\":\"https:\/\/prochaska.eu\/wp-content\/uploads\/2026\/03\/Freisteller-mainphoto-scaled.webp\",\"contentUrl\":\"https:\/\/prochaska.eu\/wp-content\/uploads\/2026\/03\/Freisteller-mainphoto-scaled.webp\",\"width\":2560,\"height\":2560,\"caption\":\"Roborock Z120 AWD + Lidar\"},{\"@type\":\"BreadcrumbList\",\"@id\":\"https:\/\/prochaska.eu\/ro\/produs\/roborock-rockmow-z120-awd-lidar\/#breadcrumb\",\"itemListElement\":[{\"@type\":\"ListItem\",\"position\":1,\"name\":\"Home\",\"item\":\"https:\/\/prochaska.eu\/ro\/\"},{\"@type\":\"ListItem\",\"position\":2,\"name\":\"Shop\",\"item\":\"https:\/\/prochaska.eu\/ro\/shop\/\"},{\"@type\":\"ListItem\",\"position\":3,\"name\":\"Roborock RockMow Z120 AWD + LiDAR\"}]},{\"@type\":\"WebSite\",\"@id\":\"https:\/\/prochaska.eu\/ro\/#website\",\"url\":\"https:\/\/prochaska.eu\/ro\/\",\"name\":\"Prochaska\",\"description\":\"Spezialist f\u00fcr Pflege von Gr\u00fcnfl\u00e4chen\",\"publisher\":{\"@id\":\"https:\/\/prochaska.eu\/ro\/#organization\"},\"potentialAction\":[{\"@type\":\"SearchAction\",\"target\":{\"@type\":\"EntryPoint\",\"urlTemplate\":\"https:\/\/prochaska.eu\/ro\/?s={search_term_string}\"},\"query-input\":{\"@type\":\"PropertyValueSpecification\",\"valueRequired\":true,\"valueName\":\"search_term_string\"}}],\"inLanguage\":\"ro-RO\"},{\"@type\":\"Organization\",\"@id\":\"https:\/\/prochaska.eu\/ro\/#organization\",\"name\":\"Prochaska\",\"url\":\"https:\/\/prochaska.eu\/ro\/\",\"logo\":{\"@type\":\"ImageObject\",\"inLanguage\":\"ro-RO\",\"@id\":\"https:\/\/prochaska.eu\/ro\/#\/schema\/logo\/image\/\",\"url\":\"https:\/\/prochaska.eu\/wp-content\/uploads\/2024\/04\/Prochaska_Logo_Black-1.png\",\"contentUrl\":\"https:\/\/prochaska.eu\/wp-content\/uploads\/2024\/04\/Prochaska_Logo_Black-1.png\",\"width\":796,\"height\":236,\"caption\":\"Prochaska\"},\"image\":{\"@id\":\"https:\/\/prochaska.eu\/ro\/#\/schema\/logo\/image\/\"},\"sameAs\":[\"https:\/\/www.facebook.com\/prochaska.eu\/\",\"https:\/\/www.instagram.com\/prochaska.eu\/\",\"https:\/\/www.linkedin.com\/company\/prochaska-handels-gmbh\"]}]}<\/script>\n<!-- \/ Yoast SEO plugin. -->","yoast_head_json":{"title":"Roborock RockMow Z120 AWD + LiDAR - Prochaska","description":"Roborock RockMow Z120 AWD + LiDAR este o cositoare robotizat\u0103 cu patru ro\u021bi pentru gr\u0103dini de p\u00e2n\u0103 la 2.000 m\u00b2. LiDAR 360\u00b0, VSLAM, cartografiere AI, modul de t\u0103iere a marginilor PreciEdge\u2122 \u0219i controlul prin aplica\u021bie asigur\u0103 o cosire precis\u0103, aproape de margine \u0219i eficient\u0103.","robots":{"index":"index","follow":"follow","max-snippet":"max-snippet:-1","max-image-preview":"max-image-preview:large","max-video-preview":"max-video-preview:-1"},"canonical":"https:\/\/prochaska.eu\/ro\/produs\/roborock-rockmow-z120-awd-lidar\/","og_locale":"ro_RO","og_type":"article","og_title":"Roborock RockMow Z120 AWD + LiDAR - Prochaska","og_description":"Roborock RockMow Z120 AWD + LiDAR este o cositoare robotizat\u0103 cu patru ro\u021bi pentru gr\u0103dini de p\u00e2n\u0103 la 2.000 m\u00b2. LiDAR 360\u00b0, VSLAM, cartografiere AI, modul de t\u0103iere a marginilor PreciEdge\u2122 \u0219i controlul prin aplica\u021bie asigur\u0103 o cosire precis\u0103, aproape de margine \u0219i eficient\u0103.","og_url":"https:\/\/prochaska.eu\/ro\/produs\/roborock-rockmow-z120-awd-lidar\/","og_site_name":"Prochaska","article_publisher":"https:\/\/www.facebook.com\/prochaska.eu\/","article_modified_time":"2026-03-17T10:11:40+00:00","og_image":[{"width":2560,"height":2560,"url":"https:\/\/prochaska.eu\/wp-content\/uploads\/2026\/03\/Freisteller-mainphoto-scaled.webp","type":"image\/webp"}],"twitter_card":"summary_large_image","twitter_misc":{"Timp estimat pentru citire":"2 minute"},"schema":{"@context":"https:\/\/schema.org","@graph":[{"@type":"WebPage","@id":"https:\/\/prochaska.eu\/ro\/produs\/roborock-rockmow-z120-awd-lidar\/","url":"https:\/\/prochaska.eu\/ro\/produs\/roborock-rockmow-z120-awd-lidar\/","name":"Roborock RockMow Z120 AWD + LiDAR - Prochaska","isPartOf":{"@id":"https:\/\/prochaska.eu\/ro\/#website"},"primaryImageOfPage":{"@id":"https:\/\/prochaska.eu\/ro\/produs\/roborock-rockmow-z120-awd-lidar\/#primaryimage"},"image":{"@id":"https:\/\/prochaska.eu\/ro\/produs\/roborock-rockmow-z120-awd-lidar\/#primaryimage"},"thumbnailUrl":"https:\/\/prochaska.eu\/wp-content\/uploads\/2026\/03\/Freisteller-mainphoto-scaled.webp","datePublished":"2026-03-17T10:04:23+00:00","dateModified":"2026-03-17T10:11:40+00:00","description":"Roborock RockMow Z120 AWD + LiDAR este o cositoare robotizat\u0103 cu patru ro\u021bi pentru gr\u0103dini de p\u00e2n\u0103 la 2.000 m\u00b2. LiDAR 360\u00b0, VSLAM, cartografiere AI, modul de t\u0103iere a marginilor PreciEdge\u2122 \u0219i controlul prin aplica\u021bie asigur\u0103 o cosire precis\u0103, aproape de margine \u0219i eficient\u0103.","breadcrumb":{"@id":"https:\/\/prochaska.eu\/ro\/produs\/roborock-rockmow-z120-awd-lidar\/#breadcrumb"},"inLanguage":"ro-RO","potentialAction":[{"@type":"ReadAction","target":["https:\/\/prochaska.eu\/ro\/produs\/roborock-rockmow-z120-awd-lidar\/"]}]},{"@type":"ImageObject","inLanguage":"ro-RO","@id":"https:\/\/prochaska.eu\/ro\/produs\/roborock-rockmow-z120-awd-lidar\/#primaryimage","url":"https:\/\/prochaska.eu\/wp-content\/uploads\/2026\/03\/Freisteller-mainphoto-scaled.webp","contentUrl":"https:\/\/prochaska.eu\/wp-content\/uploads\/2026\/03\/Freisteller-mainphoto-scaled.webp","width":2560,"height":2560,"caption":"Roborock Z120 AWD + Lidar"},{"@type":"BreadcrumbList","@id":"https:\/\/prochaska.eu\/ro\/produs\/roborock-rockmow-z120-awd-lidar\/#breadcrumb","itemListElement":[{"@type":"ListItem","position":1,"name":"Home","item":"https:\/\/prochaska.eu\/ro\/"},{"@type":"ListItem","position":2,"name":"Shop","item":"https:\/\/prochaska.eu\/ro\/shop\/"},{"@type":"ListItem","position":3,"name":"Roborock RockMow Z120 AWD + LiDAR"}]},{"@type":"WebSite","@id":"https:\/\/prochaska.eu\/ro\/#website","url":"https:\/\/prochaska.eu\/ro\/","name":"Prochaska","description":"Spezialist f\u00fcr Pflege von Gr\u00fcnfl\u00e4chen","publisher":{"@id":"https:\/\/prochaska.eu\/ro\/#organization"},"potentialAction":[{"@type":"SearchAction","target":{"@type":"EntryPoint","urlTemplate":"https:\/\/prochaska.eu\/ro\/?s={search_term_string}"},"query-input":{"@type":"PropertyValueSpecification","valueRequired":true,"valueName":"search_term_string"}}],"inLanguage":"ro-RO"},{"@type":"Organization","@id":"https:\/\/prochaska.eu\/ro\/#organization","name":"Prochaska","url":"https:\/\/prochaska.eu\/ro\/","logo":{"@type":"ImageObject","inLanguage":"ro-RO","@id":"https:\/\/prochaska.eu\/ro\/#\/schema\/logo\/image\/","url":"https:\/\/prochaska.eu\/wp-content\/uploads\/2024\/04\/Prochaska_Logo_Black-1.png","contentUrl":"https:\/\/prochaska.eu\/wp-content\/uploads\/2024\/04\/Prochaska_Logo_Black-1.png","width":796,"height":236,"caption":"Prochaska"},"image":{"@id":"https:\/\/prochaska.eu\/ro\/#\/schema\/logo\/image\/"},"sameAs":["https:\/\/www.facebook.com\/prochaska.eu\/","https:\/\/www.instagram.com\/prochaska.eu\/","https:\/\/www.linkedin.com\/company\/prochaska-handels-gmbh"]}]}},"brands":[{"id":3353,"name":"Roborock","slug":"roborock"}],"_links":{"self":[{"href":"https:\/\/prochaska.eu\/ro\/wp-json\/wp\/v2\/product\/33461","targetHints":{"allow":["GET"]}}],"collection":[{"href":"https:\/\/prochaska.eu\/ro\/wp-json\/wp\/v2\/product"}],"about":[{"href":"https:\/\/prochaska.eu\/ro\/wp-json\/wp\/v2\/types\/product"}],"version-history":[{"count":1,"href":"https:\/\/prochaska.eu\/ro\/wp-json\/wp\/v2\/product\/33461\/revisions"}],"predecessor-version":[{"id":33462,"href":"https:\/\/prochaska.eu\/ro\/wp-json\/wp\/v2\/product\/33461\/revisions\/33462"}],"wp:featuredmedia":[{"embeddable":true,"href":"https:\/\/prochaska.eu\/ro\/wp-json\/wp\/v2\/media\/33443"}],"wp:attachment":[{"href":"https:\/\/prochaska.eu\/ro\/wp-json\/wp\/v2\/media?parent=33461"}],"wp:term":[{"taxonomy":"pwb-brand","embeddable":true,"href":"https:\/\/prochaska.eu\/ro\/wp-json\/wp\/v2\/pwb-brand?post=33461"},{"taxonomy":"product_brand","embeddable":true,"href":"https:\/\/prochaska.eu\/ro\/wp-json\/wp\/v2\/product_brand?post=33461"},{"taxonomy":"product_cat","embeddable":true,"href":"https:\/\/prochaska.eu\/ro\/wp-json\/wp\/v2\/product_cat?post=33461"},{"taxonomy":"product_tag","embeddable":true,"href":"https:\/\/prochaska.eu\/ro\/wp-json\/wp\/v2\/product_tag?post=33461"}],"curies":[{"name":"wp","href":"https:\/\/api.w.org\/{rel}","templated":true}]}}