{"id":33581,"date":"2026-03-18T10:57:22","date_gmt":"2026-03-18T10:57:22","guid":{"rendered":"https:\/\/prochaska.eu\/produkt\/garaj-robot-roborock-seria-s-q\/"},"modified":"2026-03-18T10:57:22","modified_gmt":"2026-03-18T10:57:22","slug":"garaj-robot-roborock-seria-s-q","status":"publish","type":"product","link":"https:\/\/prochaska.eu\/ro\/produs\/garaj-robot-roborock-seria-s-q\/","title":{"rendered":"Garaj robot Roborock seria S + Q"},"content":{"rendered":"<p style=\"text-align: left;\"><strong data-start=\"106\" data-end=\"144\">Garajul pentru robo\u021bi Roborock din seria S + Q<\/strong> protejeaz\u0103 \u00een mod fiabil RockMow S sau RockNeo Q de ploaie, soare \u0219i murd\u0103rie &#8211; pentru o performan\u021b\u0103 optim\u0103 de durat\u0103 \u0219i o conexiune stabil\u0103.<\/p>\n","protected":false},"excerpt":{"rendered":"<p>Protejeaz\u0103 fiabil cositoarea Roborock \u00eempotriva intemperiilor &#8211; compatibil\u0103 cu seriile S \u0219i Q.<\/p>\n","protected":false},"featured_media":33576,"template":"","meta":[],"pwb-brand":[3353],"product_brand":[],"product_cat":[3438,1396],"product_tag":[3443,3439,3442,3341,3444,3440,3441],"class_list":{"0":"post-33581","1":"product","2":"type-product","3":"status-publish","4":"has-post-thumbnail","6":"pwb-brand-roborock","7":"product_cat-robot-de-tuns-iarba-accesorii","8":"product_cat-robot-pentru-gazon","9":"product_tag-garaj-rezistent-la-intemperii","10":"product_tag-garaj-robot","11":"product_tag-protectia-robotului-de-cosit","12":"product_tag-roborock","13":"product_tag-robot-de-tuns-iarba-accesorii","14":"product_tag-rockmow-s","15":"product_tag-rockneo-q","17":"first","18":"instock","19":"taxable","20":"shipping-taxable","21":"purchasable","22":"product-type-simple"},"yoast_head":"<!-- This site is optimized with the Yoast SEO plugin v27.2 - https:\/\/yoast.com\/product\/yoast-seo-wordpress\/ -->\n<title>Garaj robot Roborock seria S + Q - Prochaska<\/title>\n<meta name=\"description\" content=\"Garajul pentru robo\u021bi Roborock din seria S + Q, rezistent la intemperii, protejeaz\u0103 ma\u0219inile de tuns iarba robotizate de ploaie, soare \u0219i v\u00e2nt - pentru performan\u021be mai lungi.\" \/>\n<meta name=\"robots\" content=\"index, follow, max-snippet:-1, max-image-preview:large, max-video-preview:-1\" \/>\n<link rel=\"canonical\" href=\"https:\/\/prochaska.eu\/ro\/produs\/garaj-robot-roborock-seria-s-q\/\" \/>\n<meta property=\"og:locale\" content=\"ro_RO\" \/>\n<meta property=\"og:type\" content=\"article\" \/>\n<meta property=\"og:title\" content=\"Toro - Kit ejector de gard viu - 117-4160\" \/>\n<meta property=\"og:description\" content=\"Garajul pentru robo\u021bi Roborock din seria S + Q, rezistent la intemperii, protejeaz\u0103 ma\u0219inile de tuns iarba robotizate de ploaie, soare \u0219i v\u00e2nt - pentru performan\u021be mai lungi.\" \/>\n<meta property=\"og:url\" content=\"https:\/\/prochaska.eu\/ro\/produs\/garaj-robot-roborock-seria-s-q\/\" \/>\n<meta property=\"og:site_name\" content=\"Prochaska\" \/>\n<meta property=\"article:publisher\" content=\"https:\/\/www.facebook.com\/prochaska.eu\/\" \/>\n<meta property=\"og:image\" content=\"https:\/\/prochaska.eu\/wp-content\/uploads\/2024\/12\/Toro-Heckenauswurfkit-117-4160-300x300.jpg\" \/>\n<meta name=\"twitter:card\" content=\"summary_large_image\" \/>\n<script type=\"application\/ld+json\" class=\"yoast-schema-graph\">{\"@context\":\"https:\/\/schema.org\",\"@graph\":[{\"@type\":\"WebPage\",\"@id\":\"https:\/\/prochaska.eu\/ro\/produs\/garaj-robot-roborock-seria-s-q\/\",\"url\":\"https:\/\/prochaska.eu\/ro\/produs\/garaj-robot-roborock-seria-s-q\/\",\"name\":\"Garaj robot Roborock seria S + Q - Prochaska\",\"isPartOf\":{\"@id\":\"https:\/\/prochaska.eu\/ro\/#website\"},\"primaryImageOfPage\":{\"@id\":\"https:\/\/prochaska.eu\/ro\/produs\/garaj-robot-roborock-seria-s-q\/#primaryimage\"},\"image\":{\"@id\":\"https:\/\/prochaska.eu\/ro\/produs\/garaj-robot-roborock-seria-s-q\/#primaryimage\"},\"thumbnailUrl\":\"https:\/\/prochaska.eu\/wp-content\/uploads\/2026\/03\/Garage-haupt-scaled.webp\",\"datePublished\":\"2026-03-18T10:57:22+00:00\",\"description\":\"Garajul pentru robo\u021bi Roborock din seria S + Q, rezistent la intemperii, protejeaz\u0103 ma\u0219inile de tuns iarba robotizate de ploaie, soare \u0219i v\u00e2nt - pentru performan\u021be mai lungi.\",\"breadcrumb\":{\"@id\":\"https:\/\/prochaska.eu\/ro\/produs\/garaj-robot-roborock-seria-s-q\/#breadcrumb\"},\"inLanguage\":\"ro-RO\",\"potentialAction\":[{\"@type\":\"ReadAction\",\"target\":[\"https:\/\/prochaska.eu\/ro\/produs\/garaj-robot-roborock-seria-s-q\/\"]}]},{\"@type\":\"ImageObject\",\"inLanguage\":\"ro-RO\",\"@id\":\"https:\/\/prochaska.eu\/ro\/produs\/garaj-robot-roborock-seria-s-q\/#primaryimage\",\"url\":\"https:\/\/prochaska.eu\/wp-content\/uploads\/2026\/03\/Garage-haupt-scaled.webp\",\"contentUrl\":\"https:\/\/prochaska.eu\/wp-content\/uploads\/2026\/03\/Garage-haupt-scaled.webp\",\"width\":2560,\"height\":1404,\"caption\":\"Accesorii Roborock\"},{\"@type\":\"BreadcrumbList\",\"@id\":\"https:\/\/prochaska.eu\/ro\/produs\/garaj-robot-roborock-seria-s-q\/#breadcrumb\",\"itemListElement\":[{\"@type\":\"ListItem\",\"position\":1,\"name\":\"Home\",\"item\":\"https:\/\/prochaska.eu\/ro\/\"},{\"@type\":\"ListItem\",\"position\":2,\"name\":\"Shop\",\"item\":\"https:\/\/prochaska.eu\/ro\/shop\/\"},{\"@type\":\"ListItem\",\"position\":3,\"name\":\"Garaj robot Roborock seria S + Q\"}]},{\"@type\":\"WebSite\",\"@id\":\"https:\/\/prochaska.eu\/ro\/#website\",\"url\":\"https:\/\/prochaska.eu\/ro\/\",\"name\":\"Prochaska\",\"description\":\"Spezialist f\u00fcr Pflege von Gr\u00fcnfl\u00e4chen\",\"publisher\":{\"@id\":\"https:\/\/prochaska.eu\/ro\/#organization\"},\"potentialAction\":[{\"@type\":\"SearchAction\",\"target\":{\"@type\":\"EntryPoint\",\"urlTemplate\":\"https:\/\/prochaska.eu\/ro\/?s={search_term_string}\"},\"query-input\":{\"@type\":\"PropertyValueSpecification\",\"valueRequired\":true,\"valueName\":\"search_term_string\"}}],\"inLanguage\":\"ro-RO\"},{\"@type\":\"Organization\",\"@id\":\"https:\/\/prochaska.eu\/ro\/#organization\",\"name\":\"Prochaska\",\"url\":\"https:\/\/prochaska.eu\/ro\/\",\"logo\":{\"@type\":\"ImageObject\",\"inLanguage\":\"ro-RO\",\"@id\":\"https:\/\/prochaska.eu\/ro\/#\/schema\/logo\/image\/\",\"url\":\"https:\/\/prochaska.eu\/wp-content\/uploads\/2024\/04\/Prochaska_Logo_Black-1.png\",\"contentUrl\":\"https:\/\/prochaska.eu\/wp-content\/uploads\/2024\/04\/Prochaska_Logo_Black-1.png\",\"width\":796,\"height\":236,\"caption\":\"Prochaska\"},\"image\":{\"@id\":\"https:\/\/prochaska.eu\/ro\/#\/schema\/logo\/image\/\"},\"sameAs\":[\"https:\/\/www.facebook.com\/prochaska.eu\/\",\"https:\/\/www.instagram.com\/prochaska.eu\/\",\"https:\/\/www.linkedin.com\/company\/prochaska-handels-gmbh\"]}]}<\/script>\n<!-- \/ Yoast SEO plugin. -->","yoast_head_json":{"title":"Garaj robot Roborock seria S + Q - Prochaska","description":"Garajul pentru robo\u021bi Roborock din seria S + Q, rezistent la intemperii, protejeaz\u0103 ma\u0219inile de tuns iarba robotizate de ploaie, soare \u0219i v\u00e2nt - pentru performan\u021be mai lungi.","robots":{"index":"index","follow":"follow","max-snippet":"max-snippet:-1","max-image-preview":"max-image-preview:large","max-video-preview":"max-video-preview:-1"},"canonical":"https:\/\/prochaska.eu\/ro\/produs\/garaj-robot-roborock-seria-s-q\/","og_locale":"ro_RO","og_type":"article","og_title":"Toro - Kit ejector de gard viu - 117-4160","og_description":"Garajul pentru robo\u021bi Roborock din seria S + Q, rezistent la intemperii, protejeaz\u0103 ma\u0219inile de tuns iarba robotizate de ploaie, soare \u0219i v\u00e2nt - pentru performan\u021be mai lungi.","og_url":"https:\/\/prochaska.eu\/ro\/produs\/garaj-robot-roborock-seria-s-q\/","og_site_name":"Prochaska","article_publisher":"https:\/\/www.facebook.com\/prochaska.eu\/","og_image":[{"url":"https:\/\/prochaska.eu\/wp-content\/uploads\/2024\/12\/Toro-Heckenauswurfkit-117-4160-300x300.jpg","type":"","width":"","height":""}],"twitter_card":"summary_large_image","schema":{"@context":"https:\/\/schema.org","@graph":[{"@type":"WebPage","@id":"https:\/\/prochaska.eu\/ro\/produs\/garaj-robot-roborock-seria-s-q\/","url":"https:\/\/prochaska.eu\/ro\/produs\/garaj-robot-roborock-seria-s-q\/","name":"Garaj robot Roborock seria S + Q - Prochaska","isPartOf":{"@id":"https:\/\/prochaska.eu\/ro\/#website"},"primaryImageOfPage":{"@id":"https:\/\/prochaska.eu\/ro\/produs\/garaj-robot-roborock-seria-s-q\/#primaryimage"},"image":{"@id":"https:\/\/prochaska.eu\/ro\/produs\/garaj-robot-roborock-seria-s-q\/#primaryimage"},"thumbnailUrl":"https:\/\/prochaska.eu\/wp-content\/uploads\/2026\/03\/Garage-haupt-scaled.webp","datePublished":"2026-03-18T10:57:22+00:00","description":"Garajul pentru robo\u021bi Roborock din seria S + Q, rezistent la intemperii, protejeaz\u0103 ma\u0219inile de tuns iarba robotizate de ploaie, soare \u0219i v\u00e2nt - pentru performan\u021be mai lungi.","breadcrumb":{"@id":"https:\/\/prochaska.eu\/ro\/produs\/garaj-robot-roborock-seria-s-q\/#breadcrumb"},"inLanguage":"ro-RO","potentialAction":[{"@type":"ReadAction","target":["https:\/\/prochaska.eu\/ro\/produs\/garaj-robot-roborock-seria-s-q\/"]}]},{"@type":"ImageObject","inLanguage":"ro-RO","@id":"https:\/\/prochaska.eu\/ro\/produs\/garaj-robot-roborock-seria-s-q\/#primaryimage","url":"https:\/\/prochaska.eu\/wp-content\/uploads\/2026\/03\/Garage-haupt-scaled.webp","contentUrl":"https:\/\/prochaska.eu\/wp-content\/uploads\/2026\/03\/Garage-haupt-scaled.webp","width":2560,"height":1404,"caption":"Accesorii Roborock"},{"@type":"BreadcrumbList","@id":"https:\/\/prochaska.eu\/ro\/produs\/garaj-robot-roborock-seria-s-q\/#breadcrumb","itemListElement":[{"@type":"ListItem","position":1,"name":"Home","item":"https:\/\/prochaska.eu\/ro\/"},{"@type":"ListItem","position":2,"name":"Shop","item":"https:\/\/prochaska.eu\/ro\/shop\/"},{"@type":"ListItem","position":3,"name":"Garaj robot Roborock seria S + Q"}]},{"@type":"WebSite","@id":"https:\/\/prochaska.eu\/ro\/#website","url":"https:\/\/prochaska.eu\/ro\/","name":"Prochaska","description":"Spezialist f\u00fcr Pflege von Gr\u00fcnfl\u00e4chen","publisher":{"@id":"https:\/\/prochaska.eu\/ro\/#organization"},"potentialAction":[{"@type":"SearchAction","target":{"@type":"EntryPoint","urlTemplate":"https:\/\/prochaska.eu\/ro\/?s={search_term_string}"},"query-input":{"@type":"PropertyValueSpecification","valueRequired":true,"valueName":"search_term_string"}}],"inLanguage":"ro-RO"},{"@type":"Organization","@id":"https:\/\/prochaska.eu\/ro\/#organization","name":"Prochaska","url":"https:\/\/prochaska.eu\/ro\/","logo":{"@type":"ImageObject","inLanguage":"ro-RO","@id":"https:\/\/prochaska.eu\/ro\/#\/schema\/logo\/image\/","url":"https:\/\/prochaska.eu\/wp-content\/uploads\/2024\/04\/Prochaska_Logo_Black-1.png","contentUrl":"https:\/\/prochaska.eu\/wp-content\/uploads\/2024\/04\/Prochaska_Logo_Black-1.png","width":796,"height":236,"caption":"Prochaska"},"image":{"@id":"https:\/\/prochaska.eu\/ro\/#\/schema\/logo\/image\/"},"sameAs":["https:\/\/www.facebook.com\/prochaska.eu\/","https:\/\/www.instagram.com\/prochaska.eu\/","https:\/\/www.linkedin.com\/company\/prochaska-handels-gmbh"]}]}},"brands":[{"id":3353,"name":"Roborock","slug":"roborock"}],"_links":{"self":[{"href":"https:\/\/prochaska.eu\/ro\/wp-json\/wp\/v2\/product\/33581","targetHints":{"allow":["GET"]}}],"collection":[{"href":"https:\/\/prochaska.eu\/ro\/wp-json\/wp\/v2\/product"}],"about":[{"href":"https:\/\/prochaska.eu\/ro\/wp-json\/wp\/v2\/types\/product"}],"version-history":[{"count":0,"href":"https:\/\/prochaska.eu\/ro\/wp-json\/wp\/v2\/product\/33581\/revisions"}],"wp:featuredmedia":[{"embeddable":true,"href":"https:\/\/prochaska.eu\/ro\/wp-json\/wp\/v2\/media\/33576"}],"wp:attachment":[{"href":"https:\/\/prochaska.eu\/ro\/wp-json\/wp\/v2\/media?parent=33581"}],"wp:term":[{"taxonomy":"pwb-brand","embeddable":true,"href":"https:\/\/prochaska.eu\/ro\/wp-json\/wp\/v2\/pwb-brand?post=33581"},{"taxonomy":"product_brand","embeddable":true,"href":"https:\/\/prochaska.eu\/ro\/wp-json\/wp\/v2\/product_brand?post=33581"},{"taxonomy":"product_cat","embeddable":true,"href":"https:\/\/prochaska.eu\/ro\/wp-json\/wp\/v2\/product_cat?post=33581"},{"taxonomy":"product_tag","embeddable":true,"href":"https:\/\/prochaska.eu\/ro\/wp-json\/wp\/v2\/product_tag?post=33581"}],"curies":[{"name":"wp","href":"https:\/\/api.w.org\/{rel}","templated":true}]}}