{"id":33887,"date":"2026-03-24T14:59:51","date_gmt":"2026-03-24T14:59:51","guid":{"rendered":"https:\/\/prochaska.eu\/produkt\/icocar-highlander\/"},"modified":"2026-03-24T14:59:51","modified_gmt":"2026-03-24T14:59:51","slug":"icocar-highlander","status":"publish","type":"product","link":"https:\/\/prochaska.eu\/ro\/produs\/icocar-highlander\/","title":{"rendered":"IcoCar Highlander"},"content":{"rendered":"<h2><strong>TOPNOW PRODUCT: <\/strong>IcoCar Highlander 4&#215;4 Litiu<\/h2>\n<p data-start=\"175\" data-end=\"226\"><strong data-start=\"175\" data-end=\"224\">Ma\u0219in\u0103 puternic\u0103 pentru drum \u0219i off-road<\/strong><\/p>\n<p><strong>50 km\/h EU ROAD TYPISED (permis de conducere B)<\/strong><\/p>\n<div class=\"paragraph-in-scc-markdown-text ___1ngh792 ftgm304 f1iaxwol\">IcoCar Highlander 4&#215;4 Lithium combin\u0103 <strong data-start=\"270\" data-end=\"313\">performan\u021ba, robuste\u021bea \u0219i versatilitatea<\/strong>. Cu omologare rutier\u0103 UE (L7e) \u0219i trac\u021biune integral\u0103, este la fel de potrivit pentru \u0219antiere pe \u0219osea, \u00een afara \u0219oselei \u0219i pe \u0219antiere extinse. Ideal pentru <strong data-start=\"458\" data-end=\"517\">municipalit\u0103\u021bi, \u0219antiere de construc\u021bii, agricultur\u0103 sau \u0219antiere mari<\/strong>.  <\/div>\n<p data-start=\"89\" data-end=\"116\"><span style=\"color: #333333;\"><strong>Performan\u021b\u0103 \u0219i gam\u0103<\/strong><\/span><\/p>\n<ul>\n<li><strong>Max. vitez\u0103<\/strong>50 km\/h<\/li>\n<li><strong>Motor:<\/strong> motor de curent alternativ de 15 kW (20,4 CP), \u00eentre\u021binere redus\u0103<\/li>\n<li><strong>Trac\u021biune:<\/strong> 4&#215;4 cu trac\u021biune integral\u0103<\/li>\n<li><strong>Baterie:<\/strong> 200 Ah LiFePO4, garan\u021bie de 5 ani<\/li>\n<li><strong>Raza de ac\u021biune:<\/strong> aprox. 94 km<\/li>\n<li><strong>\u00cenc\u0103rc\u0103tor:<\/strong> 72V la bord<\/li>\n<\/ul>\n<p data-start=\"777\" data-end=\"797\"><strong>Robust \u0219i gata de utilizare<\/strong><\/p>\n<ul>\n<li>Cadru robust din o\u021bel cu strat antirugin\u0103<\/li>\n<li>Fr\u00e2ne hidraulice pe 4 ro\u021bi<\/li>\n<li>Jante de aluminiu de 14&#8243; cu anvelope off-road<\/li>\n<li>Protec\u021bie \u00eempotriva impactului frontal \u0219i troliu cu cablu integrat<\/li>\n<li>Suprafa\u021ba de \u00eenc\u0103rcare: 83 \u00d7 112 \u00d7 26 cm, capacitate de \u00eenc\u0103rcare de p\u00e2n\u0103 la 309 kg<\/li>\n<\/ul>\n<p data-section-id=\"13cnvjv\" data-start=\"1018\" data-end=\"1045\"><strong>Confort \u0219i echipamente<\/strong><\/p>\n<ul data-start=\"1046\" data-end=\"1208\">\n<li data-section-id=\"2td4aq\" data-start=\"1046\" data-end=\"1073\">Scaune premium din piele artificial\u0103<\/li>\n<li data-section-id=\"drk4om\" data-start=\"1074\" data-end=\"1096\">Afi\u0219aj LCD color de 7&#8243;<\/li>\n<li data-section-id=\"edu28y\" data-start=\"1097\" data-end=\"1115\">Camer\u0103 de mar\u0219arier<\/li>\n<li data-section-id=\"6r15cf\" data-start=\"1116\" data-end=\"1133\">Conexiune USB<\/li>\n<li data-section-id=\"1mno1gt\" data-start=\"1134\" data-end=\"1167\">Parbriz cu \u0219terg\u0103tor<\/li>\n<li data-section-id=\"l5cup7\" data-start=\"1168\" data-end=\"1208\">Jum\u0103tate de u\u0219i \u0219i centuri de siguran\u021b\u0103 \u00een 3 puncte<\/li>\n<\/ul>\n<p data-start=\"1210\" data-end=\"1411\"><strong data-start=\"1210\" data-end=\"1244\">Avantajele dvs. dintr-o privire:<\/strong><\/p>\n<p data-start=\"1210\" data-end=\"1411\">\u2714 Omologat pentru drumuri \u0219i adecvat pentru utilizarea \u00een afara drumului<br data-start=\"1284\" data-end=\"1287\">\u2714 Trac\u021biune integral\u0103 puternic\u0103<br data-start=\"1319\" data-end=\"1322\">\u2714 Tehnologie litiu cu \u00eentre\u021binere redus\u0103<br data-start=\"1356\" data-end=\"1359\">\u2714 Sarcin\u0103 util\u0103 mare \u0219i op\u021biuni de aplicare versatile<\/p>\n<hr>\n<div class=\"paragraph-in-scc-markdown-text ___1ngh792 ftgm304 f1iaxwol\"><strong data-start=\"1413\" data-end=\"1535\">Afla\u021bi mai multe acum \u0219i descoperi\u021bi aplica\u021biile posibile &#8211; IcoCar Highlander 4&#215;4 Lithium este preg\u0103tit pentru orice provocare!<\/strong><\/div>\n","protected":false},"excerpt":{"rendered":"<p><strong data-start=\"93\" data-end=\"126\">IcoCar Highlander 4&#215;4 Lithium<\/strong> &#8211; Robust, puternic \u0219i versatil: vehicul electric L7e aprobat de UE cu trac\u021biune integral\u0103, 50 km\/h, baterie LiFePO4 de 200 Ah, capacitate de \u00eenc\u0103rcare de 309 kg \u0219i anvelope off-road. Ideal pentru \u0219antiere pe \u0219osea, off-road, municipale \u0219i mari. <\/p>\n","protected":false},"featured_media":33876,"template":"","meta":[],"pwb-brand":[3069],"product_brand":[],"product_cat":[1389,1341,1068],"product_tag":[],"class_list":{"0":"post-33887","1":"product","2":"type-product","3":"status-publish","4":"has-post-thumbnail","6":"pwb-brand-icocar-ro","7":"product_cat-golf-cars-nou","8":"product_cat-masini-electrice","9":"product_cat-nou","11":"first","12":"instock","13":"taxable","14":"shipping-taxable","15":"purchasable","16":"product-type-simple"},"yoast_head":"<!-- This site is optimized with the Yoast SEO plugin v27.2 - https:\/\/yoast.com\/product\/yoast-seo-wordpress\/ -->\n<title>IcoCar Highlander - Prochaska<\/title>\n<meta name=\"description\" content=\"IcoCar Highlander 4x4 Lithium - vehicul electric omologat de UE pentru drumuri \u0219i off-road cu trac\u021biune integral\u0103, 50 km\/h, baterie de 200 Ah, zon\u0103 de \u00eenc\u0103rcare \u0219i construc\u021bie robust\u0103.\" \/>\n<meta name=\"robots\" content=\"index, follow, max-snippet:-1, max-image-preview:large, max-video-preview:-1\" \/>\n<link rel=\"canonical\" href=\"https:\/\/prochaska.eu\/ro\/produs\/icocar-highlander\/\" \/>\n<meta property=\"og:locale\" content=\"ro_RO\" \/>\n<meta property=\"og:type\" content=\"article\" \/>\n<meta property=\"og:title\" content=\"IcoCar Highlander - Prochaska\" \/>\n<meta property=\"og:description\" content=\"IcoCar Highlander 4x4 Lithium - vehicul electric omologat de UE pentru drumuri \u0219i off-road cu trac\u021biune integral\u0103, 50 km\/h, baterie de 200 Ah, zon\u0103 de \u00eenc\u0103rcare \u0219i construc\u021bie robust\u0103.\" \/>\n<meta property=\"og:url\" content=\"https:\/\/prochaska.eu\/ro\/produs\/icocar-highlander\/\" \/>\n<meta property=\"og:site_name\" content=\"Prochaska\" \/>\n<meta property=\"article:publisher\" content=\"https:\/\/www.facebook.com\/prochaska.eu\/\" \/>\n<meta property=\"og:image\" content=\"https:\/\/prochaska.eu\/wp-content\/uploads\/2026\/03\/Untitled-design-8-scaled-e1774365659270.webp\" \/>\n\t<meta property=\"og:image:width\" content=\"2180\" \/>\n\t<meta property=\"og:image:height\" content=\"1531\" \/>\n\t<meta property=\"og:image:type\" content=\"image\/webp\" \/>\n<meta name=\"twitter:card\" content=\"summary_large_image\" \/>\n<meta name=\"twitter:label1\" content=\"Timp estimat pentru citire\" \/>\n\t<meta name=\"twitter:data1\" content=\"1 minut\" \/>\n<script type=\"application\/ld+json\" class=\"yoast-schema-graph\">{\"@context\":\"https:\/\/schema.org\",\"@graph\":[{\"@type\":\"WebPage\",\"@id\":\"https:\/\/prochaska.eu\/ro\/produs\/icocar-highlander\/\",\"url\":\"https:\/\/prochaska.eu\/ro\/produs\/icocar-highlander\/\",\"name\":\"IcoCar Highlander - Prochaska\",\"isPartOf\":{\"@id\":\"https:\/\/prochaska.eu\/ro\/#website\"},\"primaryImageOfPage\":{\"@id\":\"https:\/\/prochaska.eu\/ro\/produs\/icocar-highlander\/#primaryimage\"},\"image\":{\"@id\":\"https:\/\/prochaska.eu\/ro\/produs\/icocar-highlander\/#primaryimage\"},\"thumbnailUrl\":\"https:\/\/prochaska.eu\/wp-content\/uploads\/2026\/03\/Untitled-design-8-scaled-e1774365659270.webp\",\"datePublished\":\"2026-03-24T14:59:51+00:00\",\"description\":\"IcoCar Highlander 4x4 Lithium - vehicul electric omologat de UE pentru drumuri \u0219i off-road cu trac\u021biune integral\u0103, 50 km\/h, baterie de 200 Ah, zon\u0103 de \u00eenc\u0103rcare \u0219i construc\u021bie robust\u0103.\",\"breadcrumb\":{\"@id\":\"https:\/\/prochaska.eu\/ro\/produs\/icocar-highlander\/#breadcrumb\"},\"inLanguage\":\"ro-RO\",\"potentialAction\":[{\"@type\":\"ReadAction\",\"target\":[\"https:\/\/prochaska.eu\/ro\/produs\/icocar-highlander\/\"]}]},{\"@type\":\"ImageObject\",\"inLanguage\":\"ro-RO\",\"@id\":\"https:\/\/prochaska.eu\/ro\/produs\/icocar-highlander\/#primaryimage\",\"url\":\"https:\/\/prochaska.eu\/wp-content\/uploads\/2026\/03\/Untitled-design-8-scaled-e1774365659270.webp\",\"contentUrl\":\"https:\/\/prochaska.eu\/wp-content\/uploads\/2026\/03\/Untitled-design-8-scaled-e1774365659270.webp\",\"width\":2560,\"height\":1531},{\"@type\":\"BreadcrumbList\",\"@id\":\"https:\/\/prochaska.eu\/ro\/produs\/icocar-highlander\/#breadcrumb\",\"itemListElement\":[{\"@type\":\"ListItem\",\"position\":1,\"name\":\"Home\",\"item\":\"https:\/\/prochaska.eu\/ro\/\"},{\"@type\":\"ListItem\",\"position\":2,\"name\":\"Shop\",\"item\":\"https:\/\/prochaska.eu\/ro\/shop\/\"},{\"@type\":\"ListItem\",\"position\":3,\"name\":\"IcoCar Highlander\"}]},{\"@type\":\"WebSite\",\"@id\":\"https:\/\/prochaska.eu\/ro\/#website\",\"url\":\"https:\/\/prochaska.eu\/ro\/\",\"name\":\"Prochaska\",\"description\":\"Spezialist f\u00fcr Pflege von Gr\u00fcnfl\u00e4chen\",\"publisher\":{\"@id\":\"https:\/\/prochaska.eu\/ro\/#organization\"},\"potentialAction\":[{\"@type\":\"SearchAction\",\"target\":{\"@type\":\"EntryPoint\",\"urlTemplate\":\"https:\/\/prochaska.eu\/ro\/?s={search_term_string}\"},\"query-input\":{\"@type\":\"PropertyValueSpecification\",\"valueRequired\":true,\"valueName\":\"search_term_string\"}}],\"inLanguage\":\"ro-RO\"},{\"@type\":\"Organization\",\"@id\":\"https:\/\/prochaska.eu\/ro\/#organization\",\"name\":\"Prochaska\",\"url\":\"https:\/\/prochaska.eu\/ro\/\",\"logo\":{\"@type\":\"ImageObject\",\"inLanguage\":\"ro-RO\",\"@id\":\"https:\/\/prochaska.eu\/ro\/#\/schema\/logo\/image\/\",\"url\":\"https:\/\/prochaska.eu\/wp-content\/uploads\/2024\/04\/Prochaska_Logo_Black-1.png\",\"contentUrl\":\"https:\/\/prochaska.eu\/wp-content\/uploads\/2024\/04\/Prochaska_Logo_Black-1.png\",\"width\":796,\"height\":236,\"caption\":\"Prochaska\"},\"image\":{\"@id\":\"https:\/\/prochaska.eu\/ro\/#\/schema\/logo\/image\/\"},\"sameAs\":[\"https:\/\/www.facebook.com\/prochaska.eu\/\",\"https:\/\/www.instagram.com\/prochaska.eu\/\",\"https:\/\/www.linkedin.com\/company\/prochaska-handels-gmbh\"]}]}<\/script>\n<!-- \/ Yoast SEO plugin. -->","yoast_head_json":{"title":"IcoCar Highlander - Prochaska","description":"IcoCar Highlander 4x4 Lithium - vehicul electric omologat de UE pentru drumuri \u0219i off-road cu trac\u021biune integral\u0103, 50 km\/h, baterie de 200 Ah, zon\u0103 de \u00eenc\u0103rcare \u0219i construc\u021bie robust\u0103.","robots":{"index":"index","follow":"follow","max-snippet":"max-snippet:-1","max-image-preview":"max-image-preview:large","max-video-preview":"max-video-preview:-1"},"canonical":"https:\/\/prochaska.eu\/ro\/produs\/icocar-highlander\/","og_locale":"ro_RO","og_type":"article","og_title":"IcoCar Highlander - Prochaska","og_description":"IcoCar Highlander 4x4 Lithium - vehicul electric omologat de UE pentru drumuri \u0219i off-road cu trac\u021biune integral\u0103, 50 km\/h, baterie de 200 Ah, zon\u0103 de \u00eenc\u0103rcare \u0219i construc\u021bie robust\u0103.","og_url":"https:\/\/prochaska.eu\/ro\/produs\/icocar-highlander\/","og_site_name":"Prochaska","article_publisher":"https:\/\/www.facebook.com\/prochaska.eu\/","og_image":[{"width":2180,"height":1531,"url":"https:\/\/prochaska.eu\/wp-content\/uploads\/2026\/03\/Untitled-design-8-scaled-e1774365659270.webp","type":"image\/webp"}],"twitter_card":"summary_large_image","twitter_misc":{"Timp estimat pentru citire":"1 minut"},"schema":{"@context":"https:\/\/schema.org","@graph":[{"@type":"WebPage","@id":"https:\/\/prochaska.eu\/ro\/produs\/icocar-highlander\/","url":"https:\/\/prochaska.eu\/ro\/produs\/icocar-highlander\/","name":"IcoCar Highlander - Prochaska","isPartOf":{"@id":"https:\/\/prochaska.eu\/ro\/#website"},"primaryImageOfPage":{"@id":"https:\/\/prochaska.eu\/ro\/produs\/icocar-highlander\/#primaryimage"},"image":{"@id":"https:\/\/prochaska.eu\/ro\/produs\/icocar-highlander\/#primaryimage"},"thumbnailUrl":"https:\/\/prochaska.eu\/wp-content\/uploads\/2026\/03\/Untitled-design-8-scaled-e1774365659270.webp","datePublished":"2026-03-24T14:59:51+00:00","description":"IcoCar Highlander 4x4 Lithium - vehicul electric omologat de UE pentru drumuri \u0219i off-road cu trac\u021biune integral\u0103, 50 km\/h, baterie de 200 Ah, zon\u0103 de \u00eenc\u0103rcare \u0219i construc\u021bie robust\u0103.","breadcrumb":{"@id":"https:\/\/prochaska.eu\/ro\/produs\/icocar-highlander\/#breadcrumb"},"inLanguage":"ro-RO","potentialAction":[{"@type":"ReadAction","target":["https:\/\/prochaska.eu\/ro\/produs\/icocar-highlander\/"]}]},{"@type":"ImageObject","inLanguage":"ro-RO","@id":"https:\/\/prochaska.eu\/ro\/produs\/icocar-highlander\/#primaryimage","url":"https:\/\/prochaska.eu\/wp-content\/uploads\/2026\/03\/Untitled-design-8-scaled-e1774365659270.webp","contentUrl":"https:\/\/prochaska.eu\/wp-content\/uploads\/2026\/03\/Untitled-design-8-scaled-e1774365659270.webp","width":2560,"height":1531},{"@type":"BreadcrumbList","@id":"https:\/\/prochaska.eu\/ro\/produs\/icocar-highlander\/#breadcrumb","itemListElement":[{"@type":"ListItem","position":1,"name":"Home","item":"https:\/\/prochaska.eu\/ro\/"},{"@type":"ListItem","position":2,"name":"Shop","item":"https:\/\/prochaska.eu\/ro\/shop\/"},{"@type":"ListItem","position":3,"name":"IcoCar Highlander"}]},{"@type":"WebSite","@id":"https:\/\/prochaska.eu\/ro\/#website","url":"https:\/\/prochaska.eu\/ro\/","name":"Prochaska","description":"Spezialist f\u00fcr Pflege von Gr\u00fcnfl\u00e4chen","publisher":{"@id":"https:\/\/prochaska.eu\/ro\/#organization"},"potentialAction":[{"@type":"SearchAction","target":{"@type":"EntryPoint","urlTemplate":"https:\/\/prochaska.eu\/ro\/?s={search_term_string}"},"query-input":{"@type":"PropertyValueSpecification","valueRequired":true,"valueName":"search_term_string"}}],"inLanguage":"ro-RO"},{"@type":"Organization","@id":"https:\/\/prochaska.eu\/ro\/#organization","name":"Prochaska","url":"https:\/\/prochaska.eu\/ro\/","logo":{"@type":"ImageObject","inLanguage":"ro-RO","@id":"https:\/\/prochaska.eu\/ro\/#\/schema\/logo\/image\/","url":"https:\/\/prochaska.eu\/wp-content\/uploads\/2024\/04\/Prochaska_Logo_Black-1.png","contentUrl":"https:\/\/prochaska.eu\/wp-content\/uploads\/2024\/04\/Prochaska_Logo_Black-1.png","width":796,"height":236,"caption":"Prochaska"},"image":{"@id":"https:\/\/prochaska.eu\/ro\/#\/schema\/logo\/image\/"},"sameAs":["https:\/\/www.facebook.com\/prochaska.eu\/","https:\/\/www.instagram.com\/prochaska.eu\/","https:\/\/www.linkedin.com\/company\/prochaska-handels-gmbh"]}]}},"brands":[{"id":3069,"name":"IcoCar","slug":"icocar-ro"}],"_links":{"self":[{"href":"https:\/\/prochaska.eu\/ro\/wp-json\/wp\/v2\/product\/33887","targetHints":{"allow":["GET"]}}],"collection":[{"href":"https:\/\/prochaska.eu\/ro\/wp-json\/wp\/v2\/product"}],"about":[{"href":"https:\/\/prochaska.eu\/ro\/wp-json\/wp\/v2\/types\/product"}],"version-history":[{"count":0,"href":"https:\/\/prochaska.eu\/ro\/wp-json\/wp\/v2\/product\/33887\/revisions"}],"wp:featuredmedia":[{"embeddable":true,"href":"https:\/\/prochaska.eu\/ro\/wp-json\/wp\/v2\/media\/33876"}],"wp:attachment":[{"href":"https:\/\/prochaska.eu\/ro\/wp-json\/wp\/v2\/media?parent=33887"}],"wp:term":[{"taxonomy":"pwb-brand","embeddable":true,"href":"https:\/\/prochaska.eu\/ro\/wp-json\/wp\/v2\/pwb-brand?post=33887"},{"taxonomy":"product_brand","embeddable":true,"href":"https:\/\/prochaska.eu\/ro\/wp-json\/wp\/v2\/product_brand?post=33887"},{"taxonomy":"product_cat","embeddable":true,"href":"https:\/\/prochaska.eu\/ro\/wp-json\/wp\/v2\/product_cat?post=33887"},{"taxonomy":"product_tag","embeddable":true,"href":"https:\/\/prochaska.eu\/ro\/wp-json\/wp\/v2\/product_tag?post=33887"}],"curies":[{"name":"wp","href":"https:\/\/api.w.org\/{rel}","templated":true}]}}