{"id":33971,"date":"2026-04-08T11:24:04","date_gmt":"2026-04-08T11:24:04","guid":{"rendered":"https:\/\/prochaska.eu\/produkt\/suport-de-perete-roborock-rtk\/"},"modified":"2026-04-08T11:24:04","modified_gmt":"2026-04-08T11:24:04","slug":"suport-de-perete-roborock-rtk","status":"publish","type":"product","link":"https:\/\/prochaska.eu\/ro\/produs\/suport-de-perete-roborock-rtk\/","title":{"rendered":"Suport de perete Roborock RTK"},"content":{"rendered":"<p data-start=\"110\" data-end=\"332\">Cu <strong data-start=\"118\" data-end=\"139\">suportul de perete RTK<\/strong>, pute\u021bi monta \u00een siguran\u021b\u0103 antena GNSS a ma\u0219inii dvs. robotizate de tuns iarba Roborock pe perete sau acoperi\u0219. Suportul stabil asigur\u0103 recep\u021bia optim\u0103 prin satelit \u0219i navigarea precis\u0103 a ma\u0219inii dvs. robotizate de tuns iarba. <\/p>\n<p data-start=\"334\" data-end=\"538\">Partea superioar\u0103 este <strong data-start=\"352\" data-end=\"378\">reglabil\u0103 de la 0-180\u00b0<\/strong>, astfel \u00eenc\u00e2t antena poate fi aliniat\u0103 \u00een mod ideal. Compatibil cu <strong data-start=\"446\" data-end=\"497\">RockMow Z1, seria RockMow S \u0219i seria RockNeo Q<\/strong> (nu este compatibil cu RockMow Z1 LiDAR). <\/p>\n","protected":false},"excerpt":{"rendered":"<ul>\n<li>Permite montarea pe perete sau pe acoperi\u0219 a antenei RTK pentru \u00eembun\u0103t\u0103\u021birea recep\u021biei prin satelit.<\/li>\n<li>Partea superioar\u0103 reglabil\u0103 cu un unghi de 0-180\u00b0 pentru pozi\u021bionarea optim\u0103 a antenei.<\/li>\n<li>Compatibil cu seriile Z1, S \u0219i Q (nu este compatibil cu Z1 LiDAR)<\/li>\n<\/ul>\n<p>&nbsp;<\/p>\n","protected":false},"featured_media":33967,"template":"","meta":[],"pwb-brand":[3353],"product_brand":[],"product_cat":[3438,1396],"product_tag":[3341,3455],"class_list":{"0":"post-33971","1":"product","2":"type-product","3":"status-publish","4":"has-post-thumbnail","6":"pwb-brand-roborock","7":"product_cat-robot-de-tuns-iarba-accesorii","8":"product_cat-robot-pentru-gazon","9":"product_tag-roborock","10":"product_tag-robot-de-tuns-iarba-accesorii-2","12":"first","13":"instock","14":"taxable","15":"shipping-taxable","16":"purchasable","17":"product-type-simple"},"yoast_head":"<!-- This site is optimized with the Yoast SEO plugin v27.2 - https:\/\/yoast.com\/product\/yoast-seo-wordpress\/ -->\n<title>Suport de perete Roborock RTK - Prochaska<\/title>\n<meta name=\"description\" content=\"Suport de perete RTK pentru ma\u0219ina de tuns iarba robotizat\u0103 Roborock. Pozi\u021bie optim\u0103 a antenei pentru o mai bun\u0103 recep\u021bie prin satelit. Compatibil cu RockMow Z1, S-Series \u0219i RockNeo Q-Series.\" \/>\n<meta name=\"robots\" content=\"index, follow, max-snippet:-1, max-image-preview:large, max-video-preview:-1\" \/>\n<link rel=\"canonical\" href=\"https:\/\/prochaska.eu\/ro\/produs\/suport-de-perete-roborock-rtk\/\" \/>\n<meta property=\"og:locale\" content=\"ro_RO\" \/>\n<meta property=\"og:type\" content=\"article\" \/>\n<meta property=\"og:title\" content=\"Toro - Kit ejector de gard viu - 117-4160\" \/>\n<meta property=\"og:description\" content=\"Suport de perete RTK pentru ma\u0219ina de tuns iarba robotizat\u0103 Roborock. Pozi\u021bie optim\u0103 a antenei pentru o mai bun\u0103 recep\u021bie prin satelit. Compatibil cu RockMow Z1, S-Series \u0219i RockNeo Q-Series.\" \/>\n<meta property=\"og:url\" content=\"https:\/\/prochaska.eu\/ro\/produs\/suport-de-perete-roborock-rtk\/\" \/>\n<meta property=\"og:site_name\" content=\"Prochaska\" \/>\n<meta property=\"article:publisher\" content=\"https:\/\/www.facebook.com\/prochaska.eu\/\" \/>\n<meta property=\"og:image\" content=\"https:\/\/prochaska.eu\/wp-content\/uploads\/2024\/12\/Toro-Heckenauswurfkit-117-4160-300x300.jpg\" \/>\n<meta name=\"twitter:card\" content=\"summary_large_image\" \/>\n<script type=\"application\/ld+json\" class=\"yoast-schema-graph\">{\"@context\":\"https:\/\/schema.org\",\"@graph\":[{\"@type\":\"WebPage\",\"@id\":\"https:\/\/prochaska.eu\/ro\/produs\/suport-de-perete-roborock-rtk\/\",\"url\":\"https:\/\/prochaska.eu\/ro\/produs\/suport-de-perete-roborock-rtk\/\",\"name\":\"Suport de perete Roborock RTK - Prochaska\",\"isPartOf\":{\"@id\":\"https:\/\/prochaska.eu\/ro\/#website\"},\"primaryImageOfPage\":{\"@id\":\"https:\/\/prochaska.eu\/ro\/produs\/suport-de-perete-roborock-rtk\/#primaryimage\"},\"image\":{\"@id\":\"https:\/\/prochaska.eu\/ro\/produs\/suport-de-perete-roborock-rtk\/#primaryimage\"},\"thumbnailUrl\":\"https:\/\/prochaska.eu\/wp-content\/uploads\/2026\/04\/RTK-Wall-Mount-Kit-scaled.webp\",\"datePublished\":\"2026-04-08T11:24:04+00:00\",\"description\":\"Suport de perete RTK pentru ma\u0219ina de tuns iarba robotizat\u0103 Roborock. Pozi\u021bie optim\u0103 a antenei pentru o mai bun\u0103 recep\u021bie prin satelit. Compatibil cu RockMow Z1, S-Series \u0219i RockNeo Q-Series.\",\"breadcrumb\":{\"@id\":\"https:\/\/prochaska.eu\/ro\/produs\/suport-de-perete-roborock-rtk\/#breadcrumb\"},\"inLanguage\":\"ro-RO\",\"potentialAction\":[{\"@type\":\"ReadAction\",\"target\":[\"https:\/\/prochaska.eu\/ro\/produs\/suport-de-perete-roborock-rtk\/\"]}]},{\"@type\":\"ImageObject\",\"inLanguage\":\"ro-RO\",\"@id\":\"https:\/\/prochaska.eu\/ro\/produs\/suport-de-perete-roborock-rtk\/#primaryimage\",\"url\":\"https:\/\/prochaska.eu\/wp-content\/uploads\/2026\/04\/RTK-Wall-Mount-Kit-scaled.webp\",\"contentUrl\":\"https:\/\/prochaska.eu\/wp-content\/uploads\/2026\/04\/RTK-Wall-Mount-Kit-scaled.webp\",\"width\":2560,\"height\":1441},{\"@type\":\"BreadcrumbList\",\"@id\":\"https:\/\/prochaska.eu\/ro\/produs\/suport-de-perete-roborock-rtk\/#breadcrumb\",\"itemListElement\":[{\"@type\":\"ListItem\",\"position\":1,\"name\":\"Home\",\"item\":\"https:\/\/prochaska.eu\/ro\/\"},{\"@type\":\"ListItem\",\"position\":2,\"name\":\"Shop\",\"item\":\"https:\/\/prochaska.eu\/ro\/shop\/\"},{\"@type\":\"ListItem\",\"position\":3,\"name\":\"Suport de perete Roborock RTK\"}]},{\"@type\":\"WebSite\",\"@id\":\"https:\/\/prochaska.eu\/ro\/#website\",\"url\":\"https:\/\/prochaska.eu\/ro\/\",\"name\":\"Prochaska\",\"description\":\"Spezialist f\u00fcr Pflege von Gr\u00fcnfl\u00e4chen\",\"publisher\":{\"@id\":\"https:\/\/prochaska.eu\/ro\/#organization\"},\"potentialAction\":[{\"@type\":\"SearchAction\",\"target\":{\"@type\":\"EntryPoint\",\"urlTemplate\":\"https:\/\/prochaska.eu\/ro\/?s={search_term_string}\"},\"query-input\":{\"@type\":\"PropertyValueSpecification\",\"valueRequired\":true,\"valueName\":\"search_term_string\"}}],\"inLanguage\":\"ro-RO\"},{\"@type\":\"Organization\",\"@id\":\"https:\/\/prochaska.eu\/ro\/#organization\",\"name\":\"Prochaska\",\"url\":\"https:\/\/prochaska.eu\/ro\/\",\"logo\":{\"@type\":\"ImageObject\",\"inLanguage\":\"ro-RO\",\"@id\":\"https:\/\/prochaska.eu\/ro\/#\/schema\/logo\/image\/\",\"url\":\"https:\/\/prochaska.eu\/wp-content\/uploads\/2024\/04\/Prochaska_Logo_Black-1.png\",\"contentUrl\":\"https:\/\/prochaska.eu\/wp-content\/uploads\/2024\/04\/Prochaska_Logo_Black-1.png\",\"width\":796,\"height\":236,\"caption\":\"Prochaska\"},\"image\":{\"@id\":\"https:\/\/prochaska.eu\/ro\/#\/schema\/logo\/image\/\"},\"sameAs\":[\"https:\/\/www.facebook.com\/prochaska.eu\/\",\"https:\/\/www.instagram.com\/prochaska.eu\/\",\"https:\/\/www.linkedin.com\/company\/prochaska-handels-gmbh\"]}]}<\/script>\n<!-- \/ Yoast SEO plugin. -->","yoast_head_json":{"title":"Suport de perete Roborock RTK - Prochaska","description":"Suport de perete RTK pentru ma\u0219ina de tuns iarba robotizat\u0103 Roborock. Pozi\u021bie optim\u0103 a antenei pentru o mai bun\u0103 recep\u021bie prin satelit. Compatibil cu RockMow Z1, S-Series \u0219i RockNeo Q-Series.","robots":{"index":"index","follow":"follow","max-snippet":"max-snippet:-1","max-image-preview":"max-image-preview:large","max-video-preview":"max-video-preview:-1"},"canonical":"https:\/\/prochaska.eu\/ro\/produs\/suport-de-perete-roborock-rtk\/","og_locale":"ro_RO","og_type":"article","og_title":"Toro - Kit ejector de gard viu - 117-4160","og_description":"Suport de perete RTK pentru ma\u0219ina de tuns iarba robotizat\u0103 Roborock. Pozi\u021bie optim\u0103 a antenei pentru o mai bun\u0103 recep\u021bie prin satelit. Compatibil cu RockMow Z1, S-Series \u0219i RockNeo Q-Series.","og_url":"https:\/\/prochaska.eu\/ro\/produs\/suport-de-perete-roborock-rtk\/","og_site_name":"Prochaska","article_publisher":"https:\/\/www.facebook.com\/prochaska.eu\/","og_image":[{"url":"https:\/\/prochaska.eu\/wp-content\/uploads\/2024\/12\/Toro-Heckenauswurfkit-117-4160-300x300.jpg","type":"","width":"","height":""}],"twitter_card":"summary_large_image","schema":{"@context":"https:\/\/schema.org","@graph":[{"@type":"WebPage","@id":"https:\/\/prochaska.eu\/ro\/produs\/suport-de-perete-roborock-rtk\/","url":"https:\/\/prochaska.eu\/ro\/produs\/suport-de-perete-roborock-rtk\/","name":"Suport de perete Roborock RTK - Prochaska","isPartOf":{"@id":"https:\/\/prochaska.eu\/ro\/#website"},"primaryImageOfPage":{"@id":"https:\/\/prochaska.eu\/ro\/produs\/suport-de-perete-roborock-rtk\/#primaryimage"},"image":{"@id":"https:\/\/prochaska.eu\/ro\/produs\/suport-de-perete-roborock-rtk\/#primaryimage"},"thumbnailUrl":"https:\/\/prochaska.eu\/wp-content\/uploads\/2026\/04\/RTK-Wall-Mount-Kit-scaled.webp","datePublished":"2026-04-08T11:24:04+00:00","description":"Suport de perete RTK pentru ma\u0219ina de tuns iarba robotizat\u0103 Roborock. Pozi\u021bie optim\u0103 a antenei pentru o mai bun\u0103 recep\u021bie prin satelit. Compatibil cu RockMow Z1, S-Series \u0219i RockNeo Q-Series.","breadcrumb":{"@id":"https:\/\/prochaska.eu\/ro\/produs\/suport-de-perete-roborock-rtk\/#breadcrumb"},"inLanguage":"ro-RO","potentialAction":[{"@type":"ReadAction","target":["https:\/\/prochaska.eu\/ro\/produs\/suport-de-perete-roborock-rtk\/"]}]},{"@type":"ImageObject","inLanguage":"ro-RO","@id":"https:\/\/prochaska.eu\/ro\/produs\/suport-de-perete-roborock-rtk\/#primaryimage","url":"https:\/\/prochaska.eu\/wp-content\/uploads\/2026\/04\/RTK-Wall-Mount-Kit-scaled.webp","contentUrl":"https:\/\/prochaska.eu\/wp-content\/uploads\/2026\/04\/RTK-Wall-Mount-Kit-scaled.webp","width":2560,"height":1441},{"@type":"BreadcrumbList","@id":"https:\/\/prochaska.eu\/ro\/produs\/suport-de-perete-roborock-rtk\/#breadcrumb","itemListElement":[{"@type":"ListItem","position":1,"name":"Home","item":"https:\/\/prochaska.eu\/ro\/"},{"@type":"ListItem","position":2,"name":"Shop","item":"https:\/\/prochaska.eu\/ro\/shop\/"},{"@type":"ListItem","position":3,"name":"Suport de perete Roborock RTK"}]},{"@type":"WebSite","@id":"https:\/\/prochaska.eu\/ro\/#website","url":"https:\/\/prochaska.eu\/ro\/","name":"Prochaska","description":"Spezialist f\u00fcr Pflege von Gr\u00fcnfl\u00e4chen","publisher":{"@id":"https:\/\/prochaska.eu\/ro\/#organization"},"potentialAction":[{"@type":"SearchAction","target":{"@type":"EntryPoint","urlTemplate":"https:\/\/prochaska.eu\/ro\/?s={search_term_string}"},"query-input":{"@type":"PropertyValueSpecification","valueRequired":true,"valueName":"search_term_string"}}],"inLanguage":"ro-RO"},{"@type":"Organization","@id":"https:\/\/prochaska.eu\/ro\/#organization","name":"Prochaska","url":"https:\/\/prochaska.eu\/ro\/","logo":{"@type":"ImageObject","inLanguage":"ro-RO","@id":"https:\/\/prochaska.eu\/ro\/#\/schema\/logo\/image\/","url":"https:\/\/prochaska.eu\/wp-content\/uploads\/2024\/04\/Prochaska_Logo_Black-1.png","contentUrl":"https:\/\/prochaska.eu\/wp-content\/uploads\/2024\/04\/Prochaska_Logo_Black-1.png","width":796,"height":236,"caption":"Prochaska"},"image":{"@id":"https:\/\/prochaska.eu\/ro\/#\/schema\/logo\/image\/"},"sameAs":["https:\/\/www.facebook.com\/prochaska.eu\/","https:\/\/www.instagram.com\/prochaska.eu\/","https:\/\/www.linkedin.com\/company\/prochaska-handels-gmbh"]}]}},"brands":[{"id":3353,"name":"Roborock","slug":"roborock"}],"_links":{"self":[{"href":"https:\/\/prochaska.eu\/ro\/wp-json\/wp\/v2\/product\/33971","targetHints":{"allow":["GET"]}}],"collection":[{"href":"https:\/\/prochaska.eu\/ro\/wp-json\/wp\/v2\/product"}],"about":[{"href":"https:\/\/prochaska.eu\/ro\/wp-json\/wp\/v2\/types\/product"}],"version-history":[{"count":0,"href":"https:\/\/prochaska.eu\/ro\/wp-json\/wp\/v2\/product\/33971\/revisions"}],"wp:featuredmedia":[{"embeddable":true,"href":"https:\/\/prochaska.eu\/ro\/wp-json\/wp\/v2\/media\/33967"}],"wp:attachment":[{"href":"https:\/\/prochaska.eu\/ro\/wp-json\/wp\/v2\/media?parent=33971"}],"wp:term":[{"taxonomy":"pwb-brand","embeddable":true,"href":"https:\/\/prochaska.eu\/ro\/wp-json\/wp\/v2\/pwb-brand?post=33971"},{"taxonomy":"product_brand","embeddable":true,"href":"https:\/\/prochaska.eu\/ro\/wp-json\/wp\/v2\/product_brand?post=33971"},{"taxonomy":"product_cat","embeddable":true,"href":"https:\/\/prochaska.eu\/ro\/wp-json\/wp\/v2\/product_cat?post=33971"},{"taxonomy":"product_tag","embeddable":true,"href":"https:\/\/prochaska.eu\/ro\/wp-json\/wp\/v2\/product_tag?post=33971"}],"curies":[{"name":"wp","href":"https:\/\/api.w.org\/{rel}","templated":true}]}}