{"id":34008,"date":"2026-04-08T12:14:43","date_gmt":"2026-04-08T12:14:43","guid":{"rendered":"https:\/\/prochaska.eu\/produkt\/adaptor-roborock-pentru-antena-rtk\/"},"modified":"2026-04-08T12:14:43","modified_gmt":"2026-04-08T12:14:43","slug":"adaptor-roborock-pentru-antena-rtk","status":"publish","type":"product","link":"https:\/\/prochaska.eu\/ro\/produs\/adaptor-roborock-pentru-antena-rtk\/","title":{"rendered":"Adaptor Roborock pentru antena RTK"},"content":{"rendered":"<p data-start=\"485\" data-end=\"770\">Cu <strong data-start=\"493\" data-end=\"517\">adaptorul pentru antena RTK<\/strong>, pute\u021bi pozi\u021biona antena GNSS a ma\u0219inii dvs. robotizate de tuns iarba Roborock \u00een mod flexibil \u0219i independent de sta\u021bia de \u00eenc\u0103rcare. Acest lucru \u00eenseamn\u0103 c\u0103 conexiunea semnalului r\u0103m\u00e2ne stabil\u0103, chiar \u0219i \u00een gr\u0103dini mai mari sau complexe, iar ma\u0219ina dvs. robotizat\u0103 de tuns iarba func\u021bioneaz\u0103 precis \u0219i eficient. <\/p>\n<p data-start=\"772\" data-end=\"917\">Instalarea este rapid\u0103 \u0219i u\u0219oar\u0103. Sursa de alimentare este compatibil\u0103 cu <strong data-start=\"846\" data-end=\"897\">RockMow Z1, RockMow seria S \u0219i RockNeo seria Q<\/strong> (nu Z1 LiDAR). <\/p>\n","protected":false},"excerpt":{"rendered":"<ul>\n<li>Surs\u0103 de alimentare pentru antena RTK dac\u0103 aceasta nu este instalat\u0103 l\u00e2ng\u0103 sta\u021bia de \u00eenc\u0103rcare.<\/li>\n<li>Compatibil cu RockMow Z1, RockMow S series \u0219i RockNeo Q series (nu este compatibil cu RockMow Z1 LiDAR).<\/li>\n<\/ul>\n","protected":false},"featured_media":34002,"template":"","meta":[],"pwb-brand":[3353],"product_brand":[],"product_cat":[3438,1396],"product_tag":[3341,3455],"class_list":{"0":"post-34008","1":"product","2":"type-product","3":"status-publish","4":"has-post-thumbnail","6":"pwb-brand-roborock","7":"product_cat-robot-de-tuns-iarba-accesorii","8":"product_cat-robot-pentru-gazon","9":"product_tag-roborock","10":"product_tag-robot-de-tuns-iarba-accesorii-2","12":"first","13":"instock","14":"taxable","15":"shipping-taxable","16":"purchasable","17":"product-type-simple"},"yoast_head":"<!-- This site is optimized with the Yoast SEO plugin v27.2 - https:\/\/yoast.com\/product\/yoast-seo-wordpress\/ -->\n<title>Adaptor Roborock pentru antena RTK - Prochaska<\/title>\n<meta name=\"description\" content=\"Adaptor anten\u0103 RTK pentru ma\u0219inile de tuns iarba robotizate Roborock. Alimentare flexibil\u0103 pentru antena GNSS, conexiune stabil\u0103 a semnalului, compatibil cu seria Z1, S \u0219i seria RockNeo Q.\" \/>\n<meta name=\"robots\" content=\"index, follow, max-snippet:-1, max-image-preview:large, max-video-preview:-1\" \/>\n<link rel=\"canonical\" href=\"https:\/\/prochaska.eu\/ro\/produs\/adaptor-roborock-pentru-antena-rtk\/\" \/>\n<meta property=\"og:locale\" content=\"ro_RO\" \/>\n<meta property=\"og:type\" content=\"article\" \/>\n<meta property=\"og:title\" content=\"Toro - Kit ejector de gard viu - 117-4160\" \/>\n<meta property=\"og:description\" content=\"Adaptor anten\u0103 RTK pentru ma\u0219inile de tuns iarba robotizate Roborock. Alimentare flexibil\u0103 pentru antena GNSS, conexiune stabil\u0103 a semnalului, compatibil cu seria Z1, S \u0219i seria RockNeo Q.\" \/>\n<meta property=\"og:url\" content=\"https:\/\/prochaska.eu\/ro\/produs\/adaptor-roborock-pentru-antena-rtk\/\" \/>\n<meta property=\"og:site_name\" content=\"Prochaska\" \/>\n<meta property=\"article:publisher\" content=\"https:\/\/www.facebook.com\/prochaska.eu\/\" \/>\n<meta property=\"og:image\" content=\"https:\/\/prochaska.eu\/wp-content\/uploads\/2024\/12\/Toro-Heckenauswurfkit-117-4160-300x300.jpg\" \/>\n<meta name=\"twitter:card\" content=\"summary_large_image\" \/>\n<script type=\"application\/ld+json\" class=\"yoast-schema-graph\">{\"@context\":\"https:\/\/schema.org\",\"@graph\":[{\"@type\":\"WebPage\",\"@id\":\"https:\/\/prochaska.eu\/ro\/produs\/adaptor-roborock-pentru-antena-rtk\/\",\"url\":\"https:\/\/prochaska.eu\/ro\/produs\/adaptor-roborock-pentru-antena-rtk\/\",\"name\":\"Adaptor Roborock pentru antena RTK - Prochaska\",\"isPartOf\":{\"@id\":\"https:\/\/prochaska.eu\/ro\/#website\"},\"primaryImageOfPage\":{\"@id\":\"https:\/\/prochaska.eu\/ro\/produs\/adaptor-roborock-pentru-antena-rtk\/#primaryimage\"},\"image\":{\"@id\":\"https:\/\/prochaska.eu\/ro\/produs\/adaptor-roborock-pentru-antena-rtk\/#primaryimage\"},\"thumbnailUrl\":\"https:\/\/prochaska.eu\/wp-content\/uploads\/2026\/04\/Adaptor-fuer-RTK-scaled.webp\",\"datePublished\":\"2026-04-08T12:14:43+00:00\",\"description\":\"Adaptor anten\u0103 RTK pentru ma\u0219inile de tuns iarba robotizate Roborock. Alimentare flexibil\u0103 pentru antena GNSS, conexiune stabil\u0103 a semnalului, compatibil cu seria Z1, S \u0219i seria RockNeo Q.\",\"breadcrumb\":{\"@id\":\"https:\/\/prochaska.eu\/ro\/produs\/adaptor-roborock-pentru-antena-rtk\/#breadcrumb\"},\"inLanguage\":\"ro-RO\",\"potentialAction\":[{\"@type\":\"ReadAction\",\"target\":[\"https:\/\/prochaska.eu\/ro\/produs\/adaptor-roborock-pentru-antena-rtk\/\"]}]},{\"@type\":\"ImageObject\",\"inLanguage\":\"ro-RO\",\"@id\":\"https:\/\/prochaska.eu\/ro\/produs\/adaptor-roborock-pentru-antena-rtk\/#primaryimage\",\"url\":\"https:\/\/prochaska.eu\/wp-content\/uploads\/2026\/04\/Adaptor-fuer-RTK-scaled.webp\",\"contentUrl\":\"https:\/\/prochaska.eu\/wp-content\/uploads\/2026\/04\/Adaptor-fuer-RTK-scaled.webp\",\"width\":2560,\"height\":1441},{\"@type\":\"BreadcrumbList\",\"@id\":\"https:\/\/prochaska.eu\/ro\/produs\/adaptor-roborock-pentru-antena-rtk\/#breadcrumb\",\"itemListElement\":[{\"@type\":\"ListItem\",\"position\":1,\"name\":\"Home\",\"item\":\"https:\/\/prochaska.eu\/ro\/\"},{\"@type\":\"ListItem\",\"position\":2,\"name\":\"Shop\",\"item\":\"https:\/\/prochaska.eu\/ro\/shop\/\"},{\"@type\":\"ListItem\",\"position\":3,\"name\":\"Adaptor Roborock pentru antena RTK\"}]},{\"@type\":\"WebSite\",\"@id\":\"https:\/\/prochaska.eu\/ro\/#website\",\"url\":\"https:\/\/prochaska.eu\/ro\/\",\"name\":\"Prochaska\",\"description\":\"Spezialist f\u00fcr Pflege von Gr\u00fcnfl\u00e4chen\",\"publisher\":{\"@id\":\"https:\/\/prochaska.eu\/ro\/#organization\"},\"potentialAction\":[{\"@type\":\"SearchAction\",\"target\":{\"@type\":\"EntryPoint\",\"urlTemplate\":\"https:\/\/prochaska.eu\/ro\/?s={search_term_string}\"},\"query-input\":{\"@type\":\"PropertyValueSpecification\",\"valueRequired\":true,\"valueName\":\"search_term_string\"}}],\"inLanguage\":\"ro-RO\"},{\"@type\":\"Organization\",\"@id\":\"https:\/\/prochaska.eu\/ro\/#organization\",\"name\":\"Prochaska\",\"url\":\"https:\/\/prochaska.eu\/ro\/\",\"logo\":{\"@type\":\"ImageObject\",\"inLanguage\":\"ro-RO\",\"@id\":\"https:\/\/prochaska.eu\/ro\/#\/schema\/logo\/image\/\",\"url\":\"https:\/\/prochaska.eu\/wp-content\/uploads\/2024\/04\/Prochaska_Logo_Black-1.png\",\"contentUrl\":\"https:\/\/prochaska.eu\/wp-content\/uploads\/2024\/04\/Prochaska_Logo_Black-1.png\",\"width\":796,\"height\":236,\"caption\":\"Prochaska\"},\"image\":{\"@id\":\"https:\/\/prochaska.eu\/ro\/#\/schema\/logo\/image\/\"},\"sameAs\":[\"https:\/\/www.facebook.com\/prochaska.eu\/\",\"https:\/\/www.instagram.com\/prochaska.eu\/\",\"https:\/\/www.linkedin.com\/company\/prochaska-handels-gmbh\"]}]}<\/script>\n<!-- \/ Yoast SEO plugin. -->","yoast_head_json":{"title":"Adaptor Roborock pentru antena RTK - Prochaska","description":"Adaptor anten\u0103 RTK pentru ma\u0219inile de tuns iarba robotizate Roborock. Alimentare flexibil\u0103 pentru antena GNSS, conexiune stabil\u0103 a semnalului, compatibil cu seria Z1, S \u0219i seria RockNeo Q.","robots":{"index":"index","follow":"follow","max-snippet":"max-snippet:-1","max-image-preview":"max-image-preview:large","max-video-preview":"max-video-preview:-1"},"canonical":"https:\/\/prochaska.eu\/ro\/produs\/adaptor-roborock-pentru-antena-rtk\/","og_locale":"ro_RO","og_type":"article","og_title":"Toro - Kit ejector de gard viu - 117-4160","og_description":"Adaptor anten\u0103 RTK pentru ma\u0219inile de tuns iarba robotizate Roborock. Alimentare flexibil\u0103 pentru antena GNSS, conexiune stabil\u0103 a semnalului, compatibil cu seria Z1, S \u0219i seria RockNeo Q.","og_url":"https:\/\/prochaska.eu\/ro\/produs\/adaptor-roborock-pentru-antena-rtk\/","og_site_name":"Prochaska","article_publisher":"https:\/\/www.facebook.com\/prochaska.eu\/","og_image":[{"url":"https:\/\/prochaska.eu\/wp-content\/uploads\/2024\/12\/Toro-Heckenauswurfkit-117-4160-300x300.jpg","type":"","width":"","height":""}],"twitter_card":"summary_large_image","schema":{"@context":"https:\/\/schema.org","@graph":[{"@type":"WebPage","@id":"https:\/\/prochaska.eu\/ro\/produs\/adaptor-roborock-pentru-antena-rtk\/","url":"https:\/\/prochaska.eu\/ro\/produs\/adaptor-roborock-pentru-antena-rtk\/","name":"Adaptor Roborock pentru antena RTK - Prochaska","isPartOf":{"@id":"https:\/\/prochaska.eu\/ro\/#website"},"primaryImageOfPage":{"@id":"https:\/\/prochaska.eu\/ro\/produs\/adaptor-roborock-pentru-antena-rtk\/#primaryimage"},"image":{"@id":"https:\/\/prochaska.eu\/ro\/produs\/adaptor-roborock-pentru-antena-rtk\/#primaryimage"},"thumbnailUrl":"https:\/\/prochaska.eu\/wp-content\/uploads\/2026\/04\/Adaptor-fuer-RTK-scaled.webp","datePublished":"2026-04-08T12:14:43+00:00","description":"Adaptor anten\u0103 RTK pentru ma\u0219inile de tuns iarba robotizate Roborock. Alimentare flexibil\u0103 pentru antena GNSS, conexiune stabil\u0103 a semnalului, compatibil cu seria Z1, S \u0219i seria RockNeo Q.","breadcrumb":{"@id":"https:\/\/prochaska.eu\/ro\/produs\/adaptor-roborock-pentru-antena-rtk\/#breadcrumb"},"inLanguage":"ro-RO","potentialAction":[{"@type":"ReadAction","target":["https:\/\/prochaska.eu\/ro\/produs\/adaptor-roborock-pentru-antena-rtk\/"]}]},{"@type":"ImageObject","inLanguage":"ro-RO","@id":"https:\/\/prochaska.eu\/ro\/produs\/adaptor-roborock-pentru-antena-rtk\/#primaryimage","url":"https:\/\/prochaska.eu\/wp-content\/uploads\/2026\/04\/Adaptor-fuer-RTK-scaled.webp","contentUrl":"https:\/\/prochaska.eu\/wp-content\/uploads\/2026\/04\/Adaptor-fuer-RTK-scaled.webp","width":2560,"height":1441},{"@type":"BreadcrumbList","@id":"https:\/\/prochaska.eu\/ro\/produs\/adaptor-roborock-pentru-antena-rtk\/#breadcrumb","itemListElement":[{"@type":"ListItem","position":1,"name":"Home","item":"https:\/\/prochaska.eu\/ro\/"},{"@type":"ListItem","position":2,"name":"Shop","item":"https:\/\/prochaska.eu\/ro\/shop\/"},{"@type":"ListItem","position":3,"name":"Adaptor Roborock pentru antena RTK"}]},{"@type":"WebSite","@id":"https:\/\/prochaska.eu\/ro\/#website","url":"https:\/\/prochaska.eu\/ro\/","name":"Prochaska","description":"Spezialist f\u00fcr Pflege von Gr\u00fcnfl\u00e4chen","publisher":{"@id":"https:\/\/prochaska.eu\/ro\/#organization"},"potentialAction":[{"@type":"SearchAction","target":{"@type":"EntryPoint","urlTemplate":"https:\/\/prochaska.eu\/ro\/?s={search_term_string}"},"query-input":{"@type":"PropertyValueSpecification","valueRequired":true,"valueName":"search_term_string"}}],"inLanguage":"ro-RO"},{"@type":"Organization","@id":"https:\/\/prochaska.eu\/ro\/#organization","name":"Prochaska","url":"https:\/\/prochaska.eu\/ro\/","logo":{"@type":"ImageObject","inLanguage":"ro-RO","@id":"https:\/\/prochaska.eu\/ro\/#\/schema\/logo\/image\/","url":"https:\/\/prochaska.eu\/wp-content\/uploads\/2024\/04\/Prochaska_Logo_Black-1.png","contentUrl":"https:\/\/prochaska.eu\/wp-content\/uploads\/2024\/04\/Prochaska_Logo_Black-1.png","width":796,"height":236,"caption":"Prochaska"},"image":{"@id":"https:\/\/prochaska.eu\/ro\/#\/schema\/logo\/image\/"},"sameAs":["https:\/\/www.facebook.com\/prochaska.eu\/","https:\/\/www.instagram.com\/prochaska.eu\/","https:\/\/www.linkedin.com\/company\/prochaska-handels-gmbh"]}]}},"brands":[{"id":3353,"name":"Roborock","slug":"roborock"}],"_links":{"self":[{"href":"https:\/\/prochaska.eu\/ro\/wp-json\/wp\/v2\/product\/34008","targetHints":{"allow":["GET"]}}],"collection":[{"href":"https:\/\/prochaska.eu\/ro\/wp-json\/wp\/v2\/product"}],"about":[{"href":"https:\/\/prochaska.eu\/ro\/wp-json\/wp\/v2\/types\/product"}],"version-history":[{"count":0,"href":"https:\/\/prochaska.eu\/ro\/wp-json\/wp\/v2\/product\/34008\/revisions"}],"wp:featuredmedia":[{"embeddable":true,"href":"https:\/\/prochaska.eu\/ro\/wp-json\/wp\/v2\/media\/34002"}],"wp:attachment":[{"href":"https:\/\/prochaska.eu\/ro\/wp-json\/wp\/v2\/media?parent=34008"}],"wp:term":[{"taxonomy":"pwb-brand","embeddable":true,"href":"https:\/\/prochaska.eu\/ro\/wp-json\/wp\/v2\/pwb-brand?post=34008"},{"taxonomy":"product_brand","embeddable":true,"href":"https:\/\/prochaska.eu\/ro\/wp-json\/wp\/v2\/product_brand?post=34008"},{"taxonomy":"product_cat","embeddable":true,"href":"https:\/\/prochaska.eu\/ro\/wp-json\/wp\/v2\/product_cat?post=34008"},{"taxonomy":"product_tag","embeddable":true,"href":"https:\/\/prochaska.eu\/ro\/wp-json\/wp\/v2\/product_tag?post=34008"}],"curies":[{"name":"wp","href":"https:\/\/api.w.org\/{rel}","templated":true}]}}