{"id":34016,"date":"2026-04-08T12:21:35","date_gmt":"2026-04-08T12:21:35","guid":{"rendered":"https:\/\/prochaska.eu\/produkt\/cablu-de-prelungire-roborock-rtk-10-m\/"},"modified":"2026-04-08T12:21:35","modified_gmt":"2026-04-08T12:21:35","slug":"cablu-de-prelungire-roborock-rtk-10-m","status":"publish","type":"product","link":"https:\/\/prochaska.eu\/ro\/produs\/cablu-de-prelungire-roborock-rtk-10-m\/","title":{"rendered":"Cablu de prelungire Roborock RTK 10 m"},"content":{"rendered":"<p data-start=\"435\" data-end=\"722\">Cu <strong data-start=\"443\" data-end=\"474\">cablul prelungitor RTK de 10 m<\/strong>, pute\u021bi pozi\u021biona \u00een mod flexibil antena GNSS a ma\u0219inii dvs. robotizate de tuns iarba Roborock &#8211; chiar \u0219i \u00een locuri \u00eendep\u0103rtate sau greu accesibile. Cablul asigur\u0103 o conexiune stabil\u0103 prin satelit, o tundere precis\u0103 \u0219i o eficien\u021b\u0103 maxim\u0103, chiar \u0219i \u00een gr\u0103dinile mai mari. <\/p>\n<p data-start=\"724\" data-end=\"894\">Instalarea este simpl\u0103 datorit\u0103 conexiunilor plug &amp; play \u0219i a fi\u0219elor compatibile originale. Cablul prelungitor este potrivit pentru <strong data-start=\"859\" data-end=\"891\">modelele RockMow Z, S \u0219i Q<\/strong>. <\/p>\n","protected":false},"excerpt":{"rendered":"<ul>\n<li>  Cablu lung de 10 m pentru amplasarea flexibil\u0103 a antenei RTK \u0219i conectarea la alimentare.<\/li>\n<li>Compatibil cu RockMow Z1, RockMow S series \u0219i RockNeo Q series (nu este compatibil cu RockMow Z1 LiDAR).<\/li>\n<\/ul>\n","protected":false},"featured_media":34010,"template":"","meta":[],"pwb-brand":[3353],"product_brand":[],"product_cat":[3438,1396],"product_tag":[3341,3455],"class_list":{"0":"post-34016","1":"product","2":"type-product","3":"status-publish","4":"has-post-thumbnail","6":"pwb-brand-roborock","7":"product_cat-robot-de-tuns-iarba-accesorii","8":"product_cat-robot-pentru-gazon","9":"product_tag-roborock","10":"product_tag-robot-de-tuns-iarba-accesorii-2","12":"first","13":"instock","14":"taxable","15":"shipping-taxable","16":"purchasable","17":"product-type-simple"},"yoast_head":"<!-- This site is optimized with the Yoast SEO plugin v27.2 - https:\/\/yoast.com\/product\/yoast-seo-wordpress\/ -->\n<title>Cablu de prelungire Roborock RTK 10 m - Prochaska<\/title>\n<meta name=\"description\" content=\"Cablu prelungitor Roborock RTK 10 m - anten\u0103 GNSS flexibil\u0103, conexiune stabil\u0103 a semnalului, naviga\u021bie precis\u0103. Compatibil cu seriile Z, S &amp; Q.\" \/>\n<meta name=\"robots\" content=\"index, follow, max-snippet:-1, max-image-preview:large, max-video-preview:-1\" \/>\n<link rel=\"canonical\" href=\"https:\/\/prochaska.eu\/ro\/produs\/cablu-de-prelungire-roborock-rtk-10-m\/\" \/>\n<meta property=\"og:locale\" content=\"ro_RO\" \/>\n<meta property=\"og:type\" content=\"article\" \/>\n<meta property=\"og:title\" content=\"Toro - Kit ejector de gard viu - 117-4160\" \/>\n<meta property=\"og:description\" content=\"Cablu prelungitor Roborock RTK 10 m - anten\u0103 GNSS flexibil\u0103, conexiune stabil\u0103 a semnalului, naviga\u021bie precis\u0103. Compatibil cu seriile Z, S &amp; Q.\" \/>\n<meta property=\"og:url\" content=\"https:\/\/prochaska.eu\/ro\/produs\/cablu-de-prelungire-roborock-rtk-10-m\/\" \/>\n<meta property=\"og:site_name\" content=\"Prochaska\" \/>\n<meta property=\"article:publisher\" content=\"https:\/\/www.facebook.com\/prochaska.eu\/\" \/>\n<meta property=\"og:image\" content=\"https:\/\/prochaska.eu\/wp-content\/uploads\/2024\/12\/Toro-Heckenauswurfkit-117-4160-300x300.jpg\" \/>\n<meta name=\"twitter:card\" content=\"summary_large_image\" \/>\n<script type=\"application\/ld+json\" class=\"yoast-schema-graph\">{\"@context\":\"https:\/\/schema.org\",\"@graph\":[{\"@type\":\"WebPage\",\"@id\":\"https:\/\/prochaska.eu\/ro\/produs\/cablu-de-prelungire-roborock-rtk-10-m\/\",\"url\":\"https:\/\/prochaska.eu\/ro\/produs\/cablu-de-prelungire-roborock-rtk-10-m\/\",\"name\":\"Cablu de prelungire Roborock RTK 10 m - Prochaska\",\"isPartOf\":{\"@id\":\"https:\/\/prochaska.eu\/ro\/#website\"},\"primaryImageOfPage\":{\"@id\":\"https:\/\/prochaska.eu\/ro\/produs\/cablu-de-prelungire-roborock-rtk-10-m\/#primaryimage\"},\"image\":{\"@id\":\"https:\/\/prochaska.eu\/ro\/produs\/cablu-de-prelungire-roborock-rtk-10-m\/#primaryimage\"},\"thumbnailUrl\":\"https:\/\/prochaska.eu\/wp-content\/uploads\/2026\/04\/RTK-Extension-Cable-scaled.webp\",\"datePublished\":\"2026-04-08T12:21:35+00:00\",\"description\":\"Cablu prelungitor Roborock RTK 10 m - anten\u0103 GNSS flexibil\u0103, conexiune stabil\u0103 a semnalului, naviga\u021bie precis\u0103. Compatibil cu seriile Z, S & Q.\",\"breadcrumb\":{\"@id\":\"https:\/\/prochaska.eu\/ro\/produs\/cablu-de-prelungire-roborock-rtk-10-m\/#breadcrumb\"},\"inLanguage\":\"ro-RO\",\"potentialAction\":[{\"@type\":\"ReadAction\",\"target\":[\"https:\/\/prochaska.eu\/ro\/produs\/cablu-de-prelungire-roborock-rtk-10-m\/\"]}]},{\"@type\":\"ImageObject\",\"inLanguage\":\"ro-RO\",\"@id\":\"https:\/\/prochaska.eu\/ro\/produs\/cablu-de-prelungire-roborock-rtk-10-m\/#primaryimage\",\"url\":\"https:\/\/prochaska.eu\/wp-content\/uploads\/2026\/04\/RTK-Extension-Cable-scaled.webp\",\"contentUrl\":\"https:\/\/prochaska.eu\/wp-content\/uploads\/2026\/04\/RTK-Extension-Cable-scaled.webp\",\"width\":2560,\"height\":1441},{\"@type\":\"BreadcrumbList\",\"@id\":\"https:\/\/prochaska.eu\/ro\/produs\/cablu-de-prelungire-roborock-rtk-10-m\/#breadcrumb\",\"itemListElement\":[{\"@type\":\"ListItem\",\"position\":1,\"name\":\"Home\",\"item\":\"https:\/\/prochaska.eu\/ro\/\"},{\"@type\":\"ListItem\",\"position\":2,\"name\":\"Shop\",\"item\":\"https:\/\/prochaska.eu\/ro\/shop\/\"},{\"@type\":\"ListItem\",\"position\":3,\"name\":\"Cablu de prelungire Roborock RTK 10 m\"}]},{\"@type\":\"WebSite\",\"@id\":\"https:\/\/prochaska.eu\/ro\/#website\",\"url\":\"https:\/\/prochaska.eu\/ro\/\",\"name\":\"Prochaska\",\"description\":\"Spezialist f\u00fcr Pflege von Gr\u00fcnfl\u00e4chen\",\"publisher\":{\"@id\":\"https:\/\/prochaska.eu\/ro\/#organization\"},\"potentialAction\":[{\"@type\":\"SearchAction\",\"target\":{\"@type\":\"EntryPoint\",\"urlTemplate\":\"https:\/\/prochaska.eu\/ro\/?s={search_term_string}\"},\"query-input\":{\"@type\":\"PropertyValueSpecification\",\"valueRequired\":true,\"valueName\":\"search_term_string\"}}],\"inLanguage\":\"ro-RO\"},{\"@type\":\"Organization\",\"@id\":\"https:\/\/prochaska.eu\/ro\/#organization\",\"name\":\"Prochaska\",\"url\":\"https:\/\/prochaska.eu\/ro\/\",\"logo\":{\"@type\":\"ImageObject\",\"inLanguage\":\"ro-RO\",\"@id\":\"https:\/\/prochaska.eu\/ro\/#\/schema\/logo\/image\/\",\"url\":\"https:\/\/prochaska.eu\/wp-content\/uploads\/2024\/04\/Prochaska_Logo_Black-1.png\",\"contentUrl\":\"https:\/\/prochaska.eu\/wp-content\/uploads\/2024\/04\/Prochaska_Logo_Black-1.png\",\"width\":796,\"height\":236,\"caption\":\"Prochaska\"},\"image\":{\"@id\":\"https:\/\/prochaska.eu\/ro\/#\/schema\/logo\/image\/\"},\"sameAs\":[\"https:\/\/www.facebook.com\/prochaska.eu\/\",\"https:\/\/www.instagram.com\/prochaska.eu\/\",\"https:\/\/www.linkedin.com\/company\/prochaska-handels-gmbh\"]}]}<\/script>\n<!-- \/ Yoast SEO plugin. -->","yoast_head_json":{"title":"Cablu de prelungire Roborock RTK 10 m - Prochaska","description":"Cablu prelungitor Roborock RTK 10 m - anten\u0103 GNSS flexibil\u0103, conexiune stabil\u0103 a semnalului, naviga\u021bie precis\u0103. Compatibil cu seriile Z, S & Q.","robots":{"index":"index","follow":"follow","max-snippet":"max-snippet:-1","max-image-preview":"max-image-preview:large","max-video-preview":"max-video-preview:-1"},"canonical":"https:\/\/prochaska.eu\/ro\/produs\/cablu-de-prelungire-roborock-rtk-10-m\/","og_locale":"ro_RO","og_type":"article","og_title":"Toro - Kit ejector de gard viu - 117-4160","og_description":"Cablu prelungitor Roborock RTK 10 m - anten\u0103 GNSS flexibil\u0103, conexiune stabil\u0103 a semnalului, naviga\u021bie precis\u0103. Compatibil cu seriile Z, S & Q.","og_url":"https:\/\/prochaska.eu\/ro\/produs\/cablu-de-prelungire-roborock-rtk-10-m\/","og_site_name":"Prochaska","article_publisher":"https:\/\/www.facebook.com\/prochaska.eu\/","og_image":[{"url":"https:\/\/prochaska.eu\/wp-content\/uploads\/2024\/12\/Toro-Heckenauswurfkit-117-4160-300x300.jpg","type":"","width":"","height":""}],"twitter_card":"summary_large_image","schema":{"@context":"https:\/\/schema.org","@graph":[{"@type":"WebPage","@id":"https:\/\/prochaska.eu\/ro\/produs\/cablu-de-prelungire-roborock-rtk-10-m\/","url":"https:\/\/prochaska.eu\/ro\/produs\/cablu-de-prelungire-roborock-rtk-10-m\/","name":"Cablu de prelungire Roborock RTK 10 m - Prochaska","isPartOf":{"@id":"https:\/\/prochaska.eu\/ro\/#website"},"primaryImageOfPage":{"@id":"https:\/\/prochaska.eu\/ro\/produs\/cablu-de-prelungire-roborock-rtk-10-m\/#primaryimage"},"image":{"@id":"https:\/\/prochaska.eu\/ro\/produs\/cablu-de-prelungire-roborock-rtk-10-m\/#primaryimage"},"thumbnailUrl":"https:\/\/prochaska.eu\/wp-content\/uploads\/2026\/04\/RTK-Extension-Cable-scaled.webp","datePublished":"2026-04-08T12:21:35+00:00","description":"Cablu prelungitor Roborock RTK 10 m - anten\u0103 GNSS flexibil\u0103, conexiune stabil\u0103 a semnalului, naviga\u021bie precis\u0103. Compatibil cu seriile Z, S & Q.","breadcrumb":{"@id":"https:\/\/prochaska.eu\/ro\/produs\/cablu-de-prelungire-roborock-rtk-10-m\/#breadcrumb"},"inLanguage":"ro-RO","potentialAction":[{"@type":"ReadAction","target":["https:\/\/prochaska.eu\/ro\/produs\/cablu-de-prelungire-roborock-rtk-10-m\/"]}]},{"@type":"ImageObject","inLanguage":"ro-RO","@id":"https:\/\/prochaska.eu\/ro\/produs\/cablu-de-prelungire-roborock-rtk-10-m\/#primaryimage","url":"https:\/\/prochaska.eu\/wp-content\/uploads\/2026\/04\/RTK-Extension-Cable-scaled.webp","contentUrl":"https:\/\/prochaska.eu\/wp-content\/uploads\/2026\/04\/RTK-Extension-Cable-scaled.webp","width":2560,"height":1441},{"@type":"BreadcrumbList","@id":"https:\/\/prochaska.eu\/ro\/produs\/cablu-de-prelungire-roborock-rtk-10-m\/#breadcrumb","itemListElement":[{"@type":"ListItem","position":1,"name":"Home","item":"https:\/\/prochaska.eu\/ro\/"},{"@type":"ListItem","position":2,"name":"Shop","item":"https:\/\/prochaska.eu\/ro\/shop\/"},{"@type":"ListItem","position":3,"name":"Cablu de prelungire Roborock RTK 10 m"}]},{"@type":"WebSite","@id":"https:\/\/prochaska.eu\/ro\/#website","url":"https:\/\/prochaska.eu\/ro\/","name":"Prochaska","description":"Spezialist f\u00fcr Pflege von Gr\u00fcnfl\u00e4chen","publisher":{"@id":"https:\/\/prochaska.eu\/ro\/#organization"},"potentialAction":[{"@type":"SearchAction","target":{"@type":"EntryPoint","urlTemplate":"https:\/\/prochaska.eu\/ro\/?s={search_term_string}"},"query-input":{"@type":"PropertyValueSpecification","valueRequired":true,"valueName":"search_term_string"}}],"inLanguage":"ro-RO"},{"@type":"Organization","@id":"https:\/\/prochaska.eu\/ro\/#organization","name":"Prochaska","url":"https:\/\/prochaska.eu\/ro\/","logo":{"@type":"ImageObject","inLanguage":"ro-RO","@id":"https:\/\/prochaska.eu\/ro\/#\/schema\/logo\/image\/","url":"https:\/\/prochaska.eu\/wp-content\/uploads\/2024\/04\/Prochaska_Logo_Black-1.png","contentUrl":"https:\/\/prochaska.eu\/wp-content\/uploads\/2024\/04\/Prochaska_Logo_Black-1.png","width":796,"height":236,"caption":"Prochaska"},"image":{"@id":"https:\/\/prochaska.eu\/ro\/#\/schema\/logo\/image\/"},"sameAs":["https:\/\/www.facebook.com\/prochaska.eu\/","https:\/\/www.instagram.com\/prochaska.eu\/","https:\/\/www.linkedin.com\/company\/prochaska-handels-gmbh"]}]}},"brands":[{"id":3353,"name":"Roborock","slug":"roborock"}],"_links":{"self":[{"href":"https:\/\/prochaska.eu\/ro\/wp-json\/wp\/v2\/product\/34016","targetHints":{"allow":["GET"]}}],"collection":[{"href":"https:\/\/prochaska.eu\/ro\/wp-json\/wp\/v2\/product"}],"about":[{"href":"https:\/\/prochaska.eu\/ro\/wp-json\/wp\/v2\/types\/product"}],"version-history":[{"count":0,"href":"https:\/\/prochaska.eu\/ro\/wp-json\/wp\/v2\/product\/34016\/revisions"}],"wp:featuredmedia":[{"embeddable":true,"href":"https:\/\/prochaska.eu\/ro\/wp-json\/wp\/v2\/media\/34010"}],"wp:attachment":[{"href":"https:\/\/prochaska.eu\/ro\/wp-json\/wp\/v2\/media?parent=34016"}],"wp:term":[{"taxonomy":"pwb-brand","embeddable":true,"href":"https:\/\/prochaska.eu\/ro\/wp-json\/wp\/v2\/pwb-brand?post=34016"},{"taxonomy":"product_brand","embeddable":true,"href":"https:\/\/prochaska.eu\/ro\/wp-json\/wp\/v2\/product_brand?post=34016"},{"taxonomy":"product_cat","embeddable":true,"href":"https:\/\/prochaska.eu\/ro\/wp-json\/wp\/v2\/product_cat?post=34016"},{"taxonomy":"product_tag","embeddable":true,"href":"https:\/\/prochaska.eu\/ro\/wp-json\/wp\/v2\/product_tag?post=34016"}],"curies":[{"name":"wp","href":"https:\/\/api.w.org\/{rel}","templated":true}]}}